{"id":1322,"date":"2024-06-11T17:23:52","date_gmt":"2024-06-11T15:23:52","guid":{"rendered":"https:\/\/projekt.pociagdokariery.pl\/cms\/home\/"},"modified":"2026-03-16T10:25:44","modified_gmt":"2026-03-16T09:25:44","slug":"home","status":"publish","type":"page","link":"https:\/\/projekt.pociagdokariery.pl\/cms\/","title":{"rendered":"Home"},"content":{"rendered":"\t\t<div data-elementor-type=\"wp-page\" data-elementor-id=\"1322\" class=\"elementor elementor-1322\">\n\t\t\t\t<div class=\"elementor-element elementor-element-9qa3cr4 e-flex e-con-boxed e-con e-parent\" data-id=\"9qa3cr4\" data-element_type=\"container\" data-e-type=\"container\" data-settings=\"{&quot;background_background&quot;:&quot;classic&quot;}\">\n\t\t\t\t\t<div class=\"e-con-inner\">\n\t\t<div class=\"elementor-element elementor-element-8f73ee5 e-con-full e-flex e-con e-child\" data-id=\"8f73ee5\" data-element_type=\"container\" data-e-type=\"container\">\n\t\t<div class=\"elementor-element elementor-element-c32332e e-flex e-con-boxed e-con e-child\" data-id=\"c32332e\" data-element_type=\"container\" data-e-type=\"container\">\n\t\t\t\t\t<div class=\"e-con-inner\">\n\t\t\t\t<div class=\"elementor-element elementor-element-717bf46 elementor-widget__width-initial elementor-widget elementor-widget-text-editor\" data-id=\"717bf46\" data-element_type=\"widget\" data-e-type=\"widget\" data-widget_type=\"text-editor.default\">\n\t\t\t\t<div class=\"elementor-widget-container\">\n\t\t\t\t\t\t\t\t\t<h1 style=\"color: white;\">Wojew\u00f3dzki Urz\u0105d Pracy w Krakowie oferuje doradztwo zawodowe i bony na szkolenia<\/h1>\t\t\t\t\t\t\t\t<\/div>\n\t\t\t\t<\/div>\n\t\t\t\t<div class=\"elementor-element elementor-element-f058d78 elementor-widget__width-initial elementor-widget elementor-widget-button\" data-id=\"f058d78\" data-element_type=\"widget\" data-e-type=\"widget\" data-widget_type=\"button.default\">\n\t\t\t\t<div class=\"elementor-widget-container\">\n\t\t\t\t\t\t\t\t\t<div class=\"elementor-button-wrapper\">\n\t\t\t\t\t<a class=\"elementor-button elementor-button-link elementor-size-sm\" href=\"https:\/\/projekt.pociagdokariery.pl\/cms\/szczegoly-naszej-oferty\">\n\t\t\t\t\t\t<span class=\"elementor-button-content-wrapper\">\n\t\t\t\t\t\t\t\t\t<span class=\"elementor-button-text\">Dowiedz si\u0119 wi\u0119cej<\/span>\n\t\t\t\t\t<\/span>\n\t\t\t\t\t<\/a>\n\t\t\t\t<\/div>\n\t\t\t\t\t\t\t\t<\/div>\n\t\t\t\t<\/div>\n\t\t\t\t\t<\/div>\n\t\t\t\t<\/div>\n\t\t\t\t<\/div>\n\t\t\t\t\t<\/div>\n\t\t\t\t<\/div>\n\t\t<div class=\"elementor-element elementor-element-le9hny2 e-con-full e-flex e-con e-parent\" data-id=\"le9hny2\" data-element_type=\"container\" data-e-type=\"container\" id=\"oferta\">\n\t\t<div class=\"elementor-element elementor-element-f6f7e27 e-flex e-con-boxed e-con e-child\" data-id=\"f6f7e27\" data-element_type=\"container\" data-e-type=\"container\">\n\t\t\t\t\t<div class=\"e-con-inner\">\n\t\t\t\t<div class=\"elementor-element elementor-element-d16f5b6 elementor-widget elementor-widget-heading\" data-id=\"d16f5b6\" data-element_type=\"widget\" data-e-type=\"widget\" data-widget_type=\"heading.default\">\n\t\t\t\t<div class=\"elementor-widget-container\">\n\t\t\t\t\t<h2 class=\"elementor-heading-title elementor-size-default\">Skorzystaj z naszej oferty<\/h2>\t\t\t\t<\/div>\n\t\t\t\t<\/div>\n\t\t<div class=\"elementor-element elementor-element-a306a4a e-flex e-con-boxed e-con e-child\" data-id=\"a306a4a\" data-element_type=\"container\" data-e-type=\"container\">\n\t\t\t\t\t<div class=\"e-con-inner\">\n\t\t<div class=\"elementor-element elementor-element-39b81fb e-flex e-con-boxed e-con e-child\" data-id=\"39b81fb\" data-element_type=\"container\" data-e-type=\"container\">\n\t\t\t\t\t<div class=\"e-con-inner\">\n\t\t\t\t<div class=\"elementor-element elementor-element-1f50b52 elementor-widget__width-initial kafelek elementor-widget elementor-widget-html\" data-id=\"1f50b52\" data-element_type=\"widget\" data-e-type=\"widget\" data-widget_type=\"html.default\">\n\t\t\t\t<div class=\"elementor-widget-container\">\n\t\t\t\t\t<a style=\"border-radius: 10px;box-shadow: 11px 11px 10px 0px rgba(0, 0, 0, 0.5);\" href=\"https:\/\/projekt.pociagdokariery.pl\/cms\/zgloszenie-do-projektu\/\" class=\"kafelek\">\r\n    <div class=\"kafelek-wnetrze\" style=\"background-image: url('https:\/\/projekt.pociagdokariery.pl\/cms\/wp-content\/uploads\/2024\/06\/v1131_814.jpg');\">\r\n        <p style=\"border-radius: 10px\" class=\"kafelek-tekst\">Zg\u0142oszenie do projektu<\/p>\r\n    <\/div>\r\n<\/a>\r\n\t\t\t\t<\/div>\n\t\t\t\t<\/div>\n\t\t\t\t\t<\/div>\n\t\t\t\t<\/div>\n\t\t<div class=\"elementor-element elementor-element-5822dc4 e-flex e-con-boxed e-con e-child\" data-id=\"5822dc4\" data-element_type=\"container\" data-e-type=\"container\">\n\t\t\t\t\t<div class=\"e-con-inner\">\n\t\t\t\t<div class=\"elementor-element elementor-element-9f9e338 elementor-widget__width-initial kafelek elementor-widget elementor-widget-html\" data-id=\"9f9e338\" data-element_type=\"widget\" data-e-type=\"widget\" data-widget_type=\"html.default\">\n\t\t\t\t<div class=\"elementor-widget-container\">\n\t\t\t\t\t<a href=\"https:\/\/projekt.pociagdokariery.pl\/cms\/dla-uczestnika-projektu\/\" class=\"kafelek\">\r\n    <div class=\"kafelek-wnetrze\" style=\"background-image: url('https:\/\/projekt.pociagdokariery.pl\/cms\/wp-content\/uploads\/2024\/12\/people-takingAA.png');\">\r\n        <p class=\"kafelek-tekst\">Dla Uczestnika projektu<\/p>\r\n    <\/div>\r\n<\/a>\r\n\t\t\t\t<\/div>\n\t\t\t\t<\/div>\n\t\t\t\t\t<\/div>\n\t\t\t\t<\/div>\n\t\t<div class=\"elementor-element elementor-element-db379a5 e-flex e-con-boxed e-con e-child\" data-id=\"db379a5\" data-element_type=\"container\" data-e-type=\"container\">\n\t\t\t\t\t<div class=\"e-con-inner\">\n\t\t\t\t<div class=\"elementor-element elementor-element-1bf360c elementor-widget__width-initial kafelek elementor-widget elementor-widget-html\" data-id=\"1bf360c\" data-element_type=\"widget\" data-e-type=\"widget\" data-widget_type=\"html.default\">\n\t\t\t\t<div class=\"elementor-widget-container\">\n\t\t\t\t\t<a href=\"https:\/\/projekt.pociagdokariery.pl\/cms\/dla-dostawcy\/\" class=\"kafelek\">\r\n    <div class=\"kafelek-wnetrze\" style=\"background-image: url('https:\/\/projekt.pociagdokariery.pl\/cms\/wp-content\/uploads\/2024\/06\/v1131_822-1-e1727969865500.jpg');\">\r\n        <p class=\"kafelek-tekst\">Dla Dostawcy us\u0142ug<\/p>\r\n    <\/div>\r\n<\/a>\r\n\t\t\t\t<\/div>\n\t\t\t\t<\/div>\n\t\t\t\t\t<\/div>\n\t\t\t\t<\/div>\n\t\t\t\t\t<\/div>\n\t\t\t\t<\/div>\n\t\t\t\t\t<\/div>\n\t\t\t\t<\/div>\n\t\t\t\t<\/div>\n\t\t<div class=\"elementor-element elementor-element-22174ae elementor-hidden-desktop elementor-hidden-tablet elementor-hidden-mobile e-flex e-con-boxed e-con e-parent\" data-id=\"22174ae\" data-element_type=\"container\" data-e-type=\"container\" data-settings=\"{&quot;background_background&quot;:&quot;classic&quot;}\">\n\t\t\t\t\t<div class=\"e-con-inner\">\n\t\t\t\t<div class=\"elementor-element elementor-element-897a470 full-link elementor-widget elementor-widget-html\" data-id=\"897a470\" data-element_type=\"widget\" data-e-type=\"widget\" data-widget_type=\"html.default\">\n\t\t\t\t<div class=\"elementor-widget-container\">\n\t\t\t\t\t<div class=\"chart-container\">\r\n    <div class=\"chart-box chartDataclients-box\" style=\"color:#EC008C;\">\r\n        <div class=\"chart chartDataclients easyPieChart\" data-percent=\"0\" data-max=\"0\" data-total=\"0\" data-scale-color=\"#FFFFFF\" style=\"width: 150px; height: 150px; line-height: 150px;\">\r\n            <i class=\"fa fa-child\" aria-label=\"ikona uczestnika\"><\/i>\r\n            <canvas width=\"150\" height=\"150\"><\/canvas>\r\n        <\/div>\r\n        <span style=\"font-size: 1.5em;\r\n           font-weight: bold;color:#EC008C;\">0\r\n        <\/span>\r\n        <h2>Uczestnik\u00f3w projektu<\/h2>\r\n    <\/div>\r\n\r\n    <div class=\"chart-box chartDatabalances-box\" style=\"color:#EC008C;\">\r\n        <div class=\"chart chartDatabalances easyPieChart\" data-percent=\"0\" data-scale-color=\"#FFFFFF\" style=\"width: 150px; height: 150px; line-height: 150px;\">\r\n            <i class=\"fa fa-briefcase\" aria-label=\"ikona uczestnika bko\"><\/i>\r\n            <canvas width=\"150\" height=\"150\"><\/canvas>\r\n        <\/div>\r\n        <span style=\"font-size: 1.5em;\r\n           font-weight: bold;color:#EC008C;\">0\r\n        <\/span>\r\n        <h2>Uczestnik\u00f3w uko\u0144czy\u0142o Bilans Kariery<\/h2>\r\n    <\/div>\r\n\r\n    <div class=\"chart-box chartDatacontracts-box\" style=\"color:#EC008C;\">\r\n        <div class=\"chart chartDatacontracts easyPieChart\" data-percent=\"0\" data-max=\"0\" data-total=\"0\" data-scale-color=\"#FFFFFF\" style=\"width: 150px; height: 150px; line-height: 150px;\">\r\n            <i class=\"fa fa-pencil-square-o\" aria-label=\"ikona zawartych um\u00f3w o dofinansowanie\"><\/i>\r\n            <canvas width=\"150\" height=\"150\"><\/canvas>\r\n        <\/div>\r\n        <span style=\"font-size: 1.5em;\r\n        font-weight: bold;color:#EC008C;\">0\r\n        <\/span>\r\n        <h2>Zawartych um\u00f3w o dofinansowanie us\u0142ug<\/h2>\r\n    <\/div>\r\n<\/div>\r\n\r\n\r\n\r\n\t\t\t\t<\/div>\n\t\t\t\t<\/div>\n\t\t\t\t\t<\/div>\n\t\t\t\t<\/div>\n\t\t<div class=\"elementor-element elementor-element-996b245 custom-hover-effect e-flex e-con-boxed e-con e-parent\" data-id=\"996b245\" data-element_type=\"container\" data-e-type=\"container\">\n\t\t\t\t\t<div class=\"e-con-inner\">\n\t\t<div class=\"elementor-element elementor-element-4a962a7 e-con-full e-flex e-con e-child\" data-id=\"4a962a7\" data-element_type=\"container\" data-e-type=\"container\">\n\t\t\t\t<div class=\"elementor-element elementor-element-ed2cd9a elementor-widget elementor-widget-heading\" data-id=\"ed2cd9a\" data-element_type=\"widget\" data-e-type=\"widget\" data-widget_type=\"heading.default\">\n\t\t\t\t<div class=\"elementor-widget-container\">\n\t\t\t\t\t<h2 class=\"elementor-heading-title elementor-size-default\">Aktualno\u015bci<\/h2>\t\t\t\t<\/div>\n\t\t\t\t<\/div>\n\t\t\t\t<div class=\"elementor-element elementor-element-2804b40 elementor-widget__width-inherit elementor-widget elementor-widget-html\" data-id=\"2804b40\" data-element_type=\"widget\" data-e-type=\"widget\" data-widget_type=\"html.default\">\n\t\t\t\t<div class=\"elementor-widget-container\">\n\t\t\t\t\t\r\n        <div class=\"news-container\">\n        <a href=\"https:\/\/projekt.pociagdokariery.pl\/cms\/wiadomosci\/przejsciowe-trudnosci-z-dostepem-do-profilu-zaufanego\/\" class=\"news-item\">\n            <div class=\"news-item-inner\" style=\"background-image: url(https:\/\/projekt.pociagdokariery.pl\/cms\/wp-content\/uploads\/2026\/02\/podpis.png);\">\n                <div class=\"news-item-overlay\">\n                    <p class=\"news-item-text\">\n                        <strong>Przej\u015bciowe trudno\u015bci z dost\u0119pem do profilu zaufanego &#8211; ROZWI\u0104ZANE<\/strong><br>\n                        2026-05-11\n                    <\/p>\n                    <p class=\"news-item-lead\">Informacja ze strony dostawcy us\u0142ugi - gov.pl<\/p>\n                <\/div>\n            <\/div>\n        <\/a>\n        <a href=\"https:\/\/projekt.pociagdokariery.pl\/cms\/wiadomosci\/zmiany-w-regulaminach-projektu\/\" class=\"news-item\">\n            <div class=\"news-item-inner\" style=\"background-image: url(https:\/\/projekt.pociagdokariery.pl\/cms\/wp-content\/uploads\/2024\/05\/SZABLON-NEWS-wykrzyknik.png);\">\n                <div class=\"news-item-overlay\">\n                    <p class=\"news-item-text\">\n                        <strong>Zmiany w regulaminach projektu<\/strong><br>\n                        2026-05-04\n                    <\/p>\n                    <p class=\"news-item-lead\">Wa\u017cna informacja dla Uczestnik\u00f3w projektu \u201eMa\u0142opolski poci\u0105g do kariery \u2013 sezon 1\u201d<\/p>\n                <\/div>\n            <\/div>\n        <\/a>\n        <a href=\"https:\/\/projekt.pociagdokariery.pl\/cms\/wiadomosci\/zmiany-w-regulaminie-wspolpracy-dla-dostawcow-uslug\/\" class=\"news-item\">\n            <div class=\"news-item-inner\" style=\"background-image: url(https:\/\/projekt.pociagdokariery.pl\/cms\/wp-content\/uploads\/2025\/08\/ogloszenie2.png);\">\n                <div class=\"news-item-overlay\">\n                    <p class=\"news-item-text\">\n                        <strong>Zmiany w regulaminie wsp\u00f3\u0142pracy dla Dostawc\u00f3w us\u0142ug<\/strong><br>\n                        2026-04-30\n                    <\/p>\n                    <p class=\"news-item-lead\">Wa\u017cna informacja dla instytucji b\u0119d\u0105cych dostawcami us\u0142ug w naszym projekcie.<\/p>\n                <\/div>\n            <\/div>\n        <\/a>\n        <a href=\"https:\/\/projekt.pociagdokariery.pl\/cms\/wiadomosci\/zmiany-w-systemie-bonowym-w-projekcie\/\" class=\"news-item\">\n            <div class=\"news-item-inner\" style=\"background-image: url(https:\/\/projekt.pociagdokariery.pl\/cms\/wp-content\/uploads\/2024\/08\/komunikat-1.png);\">\n                <div class=\"news-item-overlay\">\n                    <p class=\"news-item-text\">\n                        <strong>Zmiany w systemie bonowym w projekcie<\/strong><br>\n                        2026-04-29\n                    <\/p>\n                    <p class=\"news-item-lead\">Zmiany w projekcie s\u0105 konsekwencj\u0105 zmian w Bazie Us\u0142ug Rozwojowych (BUR) zaplanowanych od 5 maja br.<\/p>\n                <\/div>\n            <\/div>\n        <\/a><\/div>\r\n \r\n\r\n\t\t\t\t<\/div>\n\t\t\t\t<\/div>\n\t\t\t\t<div class=\"elementor-element elementor-element-bb98107 elementor-align-right elementor-widget__width-initial elementor-widget elementor-widget-button\" data-id=\"bb98107\" data-element_type=\"widget\" data-e-type=\"widget\" data-widget_type=\"button.default\">\n\t\t\t\t<div class=\"elementor-widget-container\">\n\t\t\t\t\t\t\t\t\t<div class=\"elementor-button-wrapper\">\n\t\t\t\t\t<a class=\"elementor-button elementor-button-link elementor-size-sm\" href=\"https:\/\/projekt.pociagdokariery.pl\/cms\/aktualnosci\">\n\t\t\t\t\t\t<span class=\"elementor-button-content-wrapper\">\n\t\t\t\t\t\t\t\t\t<span class=\"elementor-button-text\">Zobacz wi\u0119cej aktualno\u015bci<\/span>\n\t\t\t\t\t<\/span>\n\t\t\t\t\t<\/a>\n\t\t\t\t<\/div>\n\t\t\t\t\t\t\t\t<\/div>\n\t\t\t\t<\/div>\n\t\t\t\t<\/div>\n\t\t\t\t\t<\/div>\n\t\t\t\t<\/div>\n\t\t<div class=\"elementor-element elementor-element-a222575 e-flex e-con-boxed e-con e-parent\" data-id=\"a222575\" data-element_type=\"container\" data-e-type=\"container\" data-settings=\"{&quot;background_background&quot;:&quot;classic&quot;}\">\n\t\t\t\t\t<div class=\"e-con-inner\">\n\t\t<div class=\"elementor-element elementor-element-4c4bf23 e-flex e-con-boxed e-con e-child\" data-id=\"4c4bf23\" data-element_type=\"container\" data-e-type=\"container\" data-settings=\"{&quot;background_background&quot;:&quot;classic&quot;}\">\n\t\t\t\t\t<div class=\"e-con-inner\">\n\t\t\t\t<div class=\"elementor-element elementor-element-b828e4a elementor-widget elementor-widget-heading\" data-id=\"b828e4a\" data-element_type=\"widget\" data-e-type=\"widget\" data-widget_type=\"heading.default\">\n\t\t\t\t<div class=\"elementor-widget-container\">\n\t\t\t\t\t<h2 class=\"elementor-heading-title elementor-size-default\">Dodatkowe informacje<\/h2>\t\t\t\t<\/div>\n\t\t\t\t<\/div>\n\t\t<div class=\"elementor-element elementor-element-8645a8e e-flex e-con-boxed e-con e-child\" data-id=\"8645a8e\" data-element_type=\"container\" data-e-type=\"container\">\n\t\t\t\t\t<div class=\"e-con-inner\">\n\t\t<div class=\"elementor-element elementor-element-b8b3263 link-box e-flex e-con-boxed e-con e-child\" data-id=\"b8b3263\" data-element_type=\"container\" data-e-type=\"container\" data-settings=\"{&quot;background_background&quot;:&quot;classic&quot;}\">\n\t\t\t\t\t<div class=\"e-con-inner\">\n\t\t\t\t<div class=\"elementor-element elementor-element-260ebe8 full-link elementor-widget elementor-widget-html\" data-id=\"260ebe8\" data-element_type=\"widget\" data-e-type=\"widget\" data-widget_type=\"html.default\">\n\t\t\t\t<div class=\"elementor-widget-container\">\n\t\t\t\t\t<a href=\"https:\/\/projekt.pociagdokariery.pl\/cms\/deklaracja-dostepnosci\/\" class=\"full-link\" aria-label=\"Wi\u0119cej informacji o deklaracji dost\u0119pno\u015bci\">Deklaracja dost\u0119pno\u015bci<\/a>\r\n\t\t\t\t<\/div>\n\t\t\t\t<\/div>\n\t\t\t\t\t<\/div>\n\t\t\t\t<\/div>\n\t\t<div class=\"elementor-element elementor-element-246fc44 link-box e-flex e-con-boxed e-con e-child\" data-id=\"246fc44\" data-element_type=\"container\" data-e-type=\"container\" data-settings=\"{&quot;background_background&quot;:&quot;classic&quot;}\">\n\t\t\t\t\t<div class=\"e-con-inner\">\n\t\t\t\t<div class=\"elementor-element elementor-element-95bda2c full-link elementor-widget elementor-widget-html\" data-id=\"95bda2c\" data-element_type=\"widget\" data-e-type=\"widget\" data-widget_type=\"html.default\">\n\t\t\t\t<div class=\"elementor-widget-container\">\n\t\t\t\t\t<a href=\"https:\/\/projekt.pociagdokariery.pl\/cms\/informacja-o-dofinansowaniu-z-ue\/\" class=\"full-link\" aria-label=\"Wi\u0119cej informacji o dofinansowaniu UE\">Dofinansowanie UE<\/a>\r\n\t\t\t\t<\/div>\n\t\t\t\t<\/div>\n\t\t\t\t\t<\/div>\n\t\t\t\t<\/div>\n\t\t<div class=\"elementor-element elementor-element-7af3240 link-box e-flex e-con-boxed e-con e-child\" data-id=\"7af3240\" data-element_type=\"container\" data-e-type=\"container\" data-settings=\"{&quot;background_background&quot;:&quot;classic&quot;}\">\n\t\t\t\t\t<div class=\"e-con-inner\">\n\t\t\t\t<div class=\"elementor-element elementor-element-44ff1c6 full-link elementor-widget elementor-widget-html\" data-id=\"44ff1c6\" data-element_type=\"widget\" data-e-type=\"widget\" data-widget_type=\"html.default\">\n\t\t\t\t<div class=\"elementor-widget-container\">\n\t\t\t\t\t<a href=\"https:\/\/projekt.pociagdokariery.pl\/cms\/informacja-o-dofinansowaniu-z-bp\/\" class=\"full-link\" aria-label=\"Wi\u0119cej informacji o dofinansowaniu BP\">Dofinansowanie BP<\/a>\t\t\t\t<\/div>\n\t\t\t\t<\/div>\n\t\t\t\t\t<\/div>\n\t\t\t\t<\/div>\n\t\t\t\t\t<\/div>\n\t\t\t\t<\/div>\n\t\t<div class=\"elementor-element elementor-element-47bce63 e-flex e-con-boxed e-con e-child\" data-id=\"47bce63\" data-element_type=\"container\" data-e-type=\"container\">\n\t\t\t\t\t<div class=\"e-con-inner\">\n\t\t<div class=\"elementor-element elementor-element-c37821e link-box e-con-full e-flex e-con e-child\" data-id=\"c37821e\" data-element_type=\"container\" data-e-type=\"container\" data-settings=\"{&quot;background_background&quot;:&quot;classic&quot;}\">\n\t\t\t\t<div class=\"elementor-element elementor-element-695623d full-link elementor-widget elementor-widget-html\" data-id=\"695623d\" data-element_type=\"widget\" data-e-type=\"widget\" data-widget_type=\"html.default\">\n\t\t\t\t<div class=\"elementor-widget-container\">\n\t\t\t\t\t<a href=\"https:\/\/projekt.pociagdokariery.pl\/cms\/klauzula-informacyjna\/\" class=\"full-link\" aria-label=\"Wi\u0119cej informacji o klauzuli informacyjnej RODO\">Klauzula informacyjna RODO<\/a>\r\n\t\t\t\t<\/div>\n\t\t\t\t<\/div>\n\t\t\t\t<\/div>\n\t\t<div class=\"elementor-element elementor-element-3a404d2 link-box e-flex e-con-boxed e-con e-child\" data-id=\"3a404d2\" data-element_type=\"container\" data-e-type=\"container\" data-settings=\"{&quot;background_background&quot;:&quot;classic&quot;}\">\n\t\t\t\t\t<div class=\"e-con-inner\">\n\t\t\t\t<div class=\"elementor-element elementor-element-d2702d0 full-link elementor-widget elementor-widget-html\" data-id=\"d2702d0\" data-element_type=\"widget\" data-e-type=\"widget\" data-widget_type=\"html.default\">\n\t\t\t\t<div class=\"elementor-widget-container\">\n\t\t\t\t\t<a href=\"https:\/\/projekt.pociagdokariery.pl\/cms\/dla-osob-ze-szczegolnymi-potrzebami\/\" class=\"full-link\" aria-label=\"Wi\u0119cej informacji dla os\u00f3b ze szczeg\u00f3lnymi potrzebami\">Dla os\u00f3b ze szczeg\u00f3lnymi potrzebami<\/a>\r\n\t\t\t\t<\/div>\n\t\t\t\t<\/div>\n\t\t\t\t\t<\/div>\n\t\t\t\t<\/div>\n\t\t<div class=\"elementor-element elementor-element-dfda226 link-box e-flex e-con-boxed e-con e-child\" data-id=\"dfda226\" data-element_type=\"container\" data-e-type=\"container\" data-settings=\"{&quot;background_background&quot;:&quot;classic&quot;}\">\n\t\t\t\t\t<div class=\"e-con-inner\">\n\t\t\t\t<div class=\"elementor-element elementor-element-1f16b22 full-link elementor-widget elementor-widget-html\" data-id=\"1f16b22\" data-element_type=\"widget\" data-e-type=\"widget\" data-widget_type=\"html.default\">\n\t\t\t\t<div class=\"elementor-widget-container\">\n\t\t\t\t\t<a href=\"https:\/\/projekt.pociagdokariery.pl\/cms\/najczesciej-zadawane-pytania\/\" class=\"full-link\" aria-label=\"Najcz\u0119\u015bciej zadawane pytania FAQ\">Najcz\u0119\u015bciej zadawane pytania FAQ<\/a>\t\t\t\t<\/div>\n\t\t\t\t<\/div>\n\t\t\t\t\t<\/div>\n\t\t\t\t<\/div>\n\t\t\t\t\t<\/div>\n\t\t\t\t<\/div>\n\t\t\t\t\t<\/div>\n\t\t\t\t<\/div>\n\t\t\t\t\t<\/div>\n\t\t\t\t<\/div>\n\t\t<div class=\"elementor-element elementor-element-602f866 e-flex e-con-boxed e-con e-parent\" data-id=\"602f866\" data-element_type=\"container\" data-e-type=\"container\">\n\t\t\t\t\t<div class=\"e-con-inner\">\n\t\t\t\t\t<\/div>\n\t\t\t\t<\/div>\n\t\t\t\t<\/div>\n\t\t","protected":false},"excerpt":{"rendered":"<p>Wojew\u00f3dzki Urz\u0105d Pracy w Krakowie oferuje doradztwo zawodowe i bony na szkolenia Dowiedz si\u0119 wi\u0119cej Skorzystaj z naszej oferty Zg\u0142oszenie do projektu Dla Uczestnika projektu Dla Dostawcy us\u0142ug 0 Uczestnik\u00f3w projektu 0 Uczestnik\u00f3w uko\u0144czy\u0142o Bilans Kariery 0 Zawartych um\u00f3w o dofinansowanie us\u0142ug Aktualno\u015bci Zobacz wi\u0119cej aktualno\u015bci Dodatkowe informacje Deklaracja dost\u0119pno\u015bci Dofinansowanie UE Dofinansowanie BP Klauzula [&hellip;]<\/p>\n","protected":false},"author":1,"featured_media":0,"parent":0,"menu_order":0,"comment_status":"closed","ping_status":"closed","template":"","meta":{"_acf_changed":false,"site-sidebar-layout":"no-sidebar","site-content-layout":"page-builder","ast-site-content-layout":"default","site-content-style":"unboxed","site-sidebar-style":"unboxed","ast-global-header-display":"","ast-banner-title-visibility":"","ast-main-header-display":"","ast-hfb-above-header-display":"","ast-hfb-below-header-display":"","ast-hfb-mobile-header-display":"","site-post-title":"","ast-breadcrumbs-content":"","ast-featured-img":"disabled","footer-sml-layout":"","ast-disable-related-posts":"","theme-transparent-header-meta":"enabled","adv-header-id-meta":"","stick-header-meta":"","header-above-stick-meta":"","header-main-stick-meta":"","header-below-stick-meta":"","astra-migrate-meta-layouts":"set","ast-page-background-enabled":"default","ast-page-background-meta":{"desktop":{"background-color":"var(--ast-global-color-4)","background-image":"","background-repeat":"repeat","background-position":"center center","background-size":"auto","background-attachment":"scroll","background-type":"","background-media":"","overlay-type":"","overlay-color":"","overlay-opacity":"","overlay-gradient":""},"tablet":{"background-color":"","background-image":"","background-repeat":"repeat","background-position":"center center","background-size":"auto","background-attachment":"scroll","background-type":"","background-media":"","overlay-type":"","overlay-color":"","overlay-opacity":"","overlay-gradient":""},"mobile":{"background-color":"","background-image":"","background-repeat":"repeat","background-position":"center center","background-size":"auto","background-attachment":"scroll","background-type":"","background-media":"","overlay-type":"","overlay-color":"","overlay-opacity":"","overlay-gradient":""}},"ast-content-background-meta":{"desktop":{"background-color":"var(--ast-global-color-5)","background-image":"","background-repeat":"repeat","background-position":"center center","background-size":"auto","background-attachment":"scroll","background-type":"","background-media":"","overlay-type":"","overlay-color":"","overlay-opacity":"","overlay-gradient":""},"tablet":{"background-color":"var(--ast-global-color-5)","background-image":"","background-repeat":"repeat","background-position":"center center","background-size":"auto","background-attachment":"scroll","background-type":"","background-media":"","overlay-type":"","overlay-color":"","overlay-opacity":"","overlay-gradient":""},"mobile":{"background-color":"var(--ast-global-color-5)","background-image":"","background-repeat":"repeat","background-position":"center center","background-size":"auto","background-attachment":"scroll","background-type":"","background-media":"","overlay-type":"","overlay-color":"","overlay-opacity":"","overlay-gradient":""}},"footnotes":""},"class_list":["post-1322","page","type-page","status-publish","hentry"],"acf":[],"_links":{"self":[{"href":"https:\/\/projekt.pociagdokariery.pl\/cms\/wp-json\/wp\/v2\/pages\/1322","targetHints":{"allow":["GET"]}}],"collection":[{"href":"https:\/\/projekt.pociagdokariery.pl\/cms\/wp-json\/wp\/v2\/pages"}],"about":[{"href":"https:\/\/projekt.pociagdokariery.pl\/cms\/wp-json\/wp\/v2\/types\/page"}],"author":[{"embeddable":true,"href":"https:\/\/projekt.pociagdokariery.pl\/cms\/wp-json\/wp\/v2\/users\/1"}],"replies":[{"embeddable":true,"href":"https:\/\/projekt.pociagdokariery.pl\/cms\/wp-json\/wp\/v2\/comments?post=1322"}],"version-history":[{"count":1087,"href":"https:\/\/projekt.pociagdokariery.pl\/cms\/wp-json\/wp\/v2\/pages\/1322\/revisions"}],"predecessor-version":[{"id":10726,"href":"https:\/\/projekt.pociagdokariery.pl\/cms\/wp-json\/wp\/v2\/pages\/1322\/revisions\/10726"}],"wp:attachment":[{"href":"https:\/\/projekt.pociagdokariery.pl\/cms\/wp-json\/wp\/v2\/media?parent=1322"}],"curies":[{"name":"wp","href":"https:\/\/api.w.org\/{rel}","templated":true}]}}