{"id":2434,"date":"2024-06-11T23:06:53","date_gmt":"2024-06-11T21:06:53","guid":{"rendered":"https:\/\/projekt.pociagdokariery.pl\/cms\/?page_id=2434"},"modified":"2026-04-14T13:34:02","modified_gmt":"2026-04-14T11:34:02","slug":"dla-uczestnika-projektu","status":"publish","type":"page","link":"https:\/\/projekt.pociagdokariery.pl\/cms\/dla-uczestnika-projektu\/","title":{"rendered":"Dla Uczestnika projektu"},"content":{"rendered":"\t\t<div data-elementor-type=\"wp-page\" data-elementor-id=\"2434\" class=\"elementor elementor-2434\">\n\t\t\t\t<div class=\"elementor-element elementor-element-1e3f32b e-flex e-con-boxed e-con e-parent\" data-id=\"1e3f32b\" data-element_type=\"container\">\n\t\t\t\t\t<div class=\"e-con-inner\">\n\t\t<div class=\"elementor-element elementor-element-315945e0 e-flex e-con-boxed e-con e-child\" data-id=\"315945e0\" data-element_type=\"container\">\n\t\t\t\t\t<div class=\"e-con-inner\">\n\t\t\t\t<div class=\"elementor-element elementor-element-6c011231 elementor-widget elementor-widget-heading\" data-id=\"6c011231\" data-element_type=\"widget\" data-widget_type=\"heading.default\">\n\t\t\t\t<div class=\"elementor-widget-container\">\n\t\t\t\t\t<h2 class=\"elementor-heading-title elementor-size-default\">Dla Uczestnika projektu<\/h2>\t\t\t\t<\/div>\n\t\t\t\t<\/div>\n\t\t<div class=\"elementor-element elementor-element-1ed00e33 e-flex e-con-boxed e-con e-child\" data-id=\"1ed00e33\" data-element_type=\"container\">\n\t\t\t\t\t<div class=\"e-con-inner\">\n\t\t<div class=\"elementor-element elementor-element-1d62bf40 e-flex e-con-boxed e-con e-child\" data-id=\"1d62bf40\" data-element_type=\"container\">\n\t\t\t\t\t<div class=\"e-con-inner\">\n\t\t\t\t<div class=\"elementor-element elementor-element-67a18cf1 elementor-widget__width-initial elementor-widget elementor-widget-html\" data-id=\"67a18cf1\" data-element_type=\"widget\" data-widget_type=\"html.default\">\n\t\t\t\t<div class=\"elementor-widget-container\">\n\t\t\t\t\t<a href=\"https:\/\/projekt.pociagdokariery.pl\/cms\/instrukcja-dla-uczestnika-projektu\/\" class=\"kafelek\">\r\n    <div class=\"kafelek-wnetrze\" style=\"background-image: url('https:\/\/projekt.pociagdokariery.pl\/cms\/wp-content\/uploads\/2024\/12\/2150917268a-1.png');\">\r\n        <p class=\"kafelek-tekst\">Instrukcja dla Uczestnika projektu<\/p>\r\n    <\/div>\r\n<\/a>\r\n\t\t\t\t<\/div>\n\t\t\t\t<\/div>\n\t\t\t\t\t<\/div>\n\t\t\t\t<\/div>\n\t\t<div class=\"elementor-element elementor-element-42c4858a e-flex e-con-boxed e-con e-child\" data-id=\"42c4858a\" data-element_type=\"container\">\n\t\t\t\t\t<div class=\"e-con-inner\">\n\t\t\t\t<div class=\"elementor-element elementor-element-6b787a64 elementor-widget__width-initial elementor-widget elementor-widget-html\" data-id=\"6b787a64\" data-element_type=\"widget\" data-widget_type=\"html.default\">\n\t\t\t\t<div class=\"elementor-widget-container\">\n\t\t\t\t\t<a href=\"https:\/\/projekt.pociagdokariery.pl\/cms\/dokumenty-do-zapoznania-dla-uczestnika-projektu\" class=\"kafelek\">\r\n    <div class=\"kafelek-wnetrze\" style=\"background-image: url('https:\/\/projekt.pociagdokariery.pl\/cms\/wp-content\/uploads\/2024\/12\/2151023395a.png');\">\r\n        <p class=\"kafelek-tekst\">Dokumenty do zapoznania dla Uczestnika projektu<\/p>\r\n    <\/div>\r\n<\/a>\r\n\t\t\t\t<\/div>\n\t\t\t\t<\/div>\n\t\t\t\t\t<\/div>\n\t\t\t\t<\/div>\n\t\t<div class=\"elementor-element elementor-element-6c4c8fa5 e-flex e-con-boxed e-con e-child\" data-id=\"6c4c8fa5\" data-element_type=\"container\">\n\t\t\t\t\t<div class=\"e-con-inner\">\n\t\t\t\t<div class=\"elementor-element elementor-element-6bee5840 elementor-widget__width-initial elementor-widget elementor-widget-html\" data-id=\"6bee5840\" data-element_type=\"widget\" data-widget_type=\"html.default\">\n\t\t\t\t<div class=\"elementor-widget-container\">\n\t\t\t\t\t<a href=\"https:\/\/projekt.pociagdokariery.pl\/cms\/harmonogram-rekrutacji\" class=\"kafelek\">\r\n    <div class=\"kafelek-wnetrze\" style=\"background-image: url('https:\/\/projekt.pociagdokariery.pl\/cms\/wp-content\/uploads\/2024\/12\/AdobeStock_969327829CC.png');\">\r\n        <p class=\"kafelek-tekst\">Harmonogram rekrutacji<\/p>\r\n    <\/div>\r\n<\/a>\r\n\t\t\t\t<\/div>\n\t\t\t\t<\/div>\n\t\t\t\t\t<\/div>\n\t\t\t\t<\/div>\n\t\t<div class=\"elementor-element elementor-element-3073381 e-flex e-con-boxed e-con e-child\" data-id=\"3073381\" data-element_type=\"container\">\n\t\t\t\t\t<div class=\"e-con-inner\">\n\t\t\t\t<div class=\"elementor-element elementor-element-4e0acfe elementor-widget__width-initial elementor-widget elementor-widget-html\" data-id=\"4e0acfe\" data-element_type=\"widget\" data-widget_type=\"html.default\">\n\t\t\t\t<div class=\"elementor-widget-container\">\n\t\t\t\t\t<a href=\"https:\/\/projekt.pociagdokariery.pl\/cms\/doradcy\" class=\"kafelek\">\r\n    <div class=\"kafelek-wnetrze\" style=\"background-image: url('https:\/\/projekt.pociagdokariery.pl\/cms\/wp-content\/uploads\/2024\/06\/v1131_1454.jpg');\">\r\n        <p class=\"kafelek-tekst\">Poznaj naszych doradc\u00f3w<\/p>\r\n    <\/div>\r\n<\/a>\r\n\t\t\t\t<\/div>\n\t\t\t\t<\/div>\n\t\t\t\t\t<\/div>\n\t\t\t\t<\/div>\n\t\t\t\t\t<\/div>\n\t\t\t\t<\/div>\n\t\t<div class=\"elementor-element elementor-element-96b7860 e-flex e-con-boxed e-con e-child\" data-id=\"96b7860\" data-element_type=\"container\">\n\t\t\t\t\t<div class=\"e-con-inner\">\n\t\t<div class=\"elementor-element elementor-element-6e7f40a e-flex e-con-boxed e-con e-child\" data-id=\"6e7f40a\" data-element_type=\"container\">\n\t\t\t\t\t<div class=\"e-con-inner\">\n\t\t\t\t<div class=\"elementor-element elementor-element-7982a10 elementor-widget__width-initial elementor-widget elementor-widget-html\" data-id=\"7982a10\" data-element_type=\"widget\" data-widget_type=\"html.default\">\n\t\t\t\t<div class=\"elementor-widget-container\">\n\t\t\t\t\t<a href=\"https:\/\/projekt.pociagdokariery.pl\/cms\/bilans-kariery-online\/\" class=\"kafelek\">\r\n    <div class=\"kafelek-wnetrze\" style=\"background-image: url('https:\/\/projekt.pociagdokariery.pl\/cms\/wp-content\/uploads\/2024\/12\/AdobeStock_181633090a.png');\">\r\n        <p class=\"kafelek-tekst\">Bilans Kariery Online<\/p>\r\n    <\/div>\r\n<\/a>\r\n\r\n\t\t\t\t<\/div>\n\t\t\t\t<\/div>\n\t\t\t\t\t<\/div>\n\t\t\t\t<\/div>\n\t\t<div class=\"elementor-element elementor-element-540a5a8 e-flex e-con-boxed e-con e-child\" data-id=\"540a5a8\" data-element_type=\"container\">\n\t\t\t\t\t<div class=\"e-con-inner\">\n\t\t\t\t<div class=\"elementor-element elementor-element-24a9581 elementor-widget__width-initial elementor-widget elementor-widget-html\" data-id=\"24a9581\" data-element_type=\"widget\" data-widget_type=\"html.default\">\n\t\t\t\t<div class=\"elementor-widget-container\">\n\t\t\t\t\t<a href=\"https:\/\/projekt.pociagdokariery.pl\/cms\/specjalistyczne-uslugi-doradcze\" class=\"kafelek\">\r\n    <div class=\"kafelek-wnetrze\" style=\"background-image: url('https:\/\/projekt.pociagdokariery.pl\/cms\/wp-content\/uploads\/2024\/12\/AdobeStock_601618520ab.png');\">\r\n        <p class=\"kafelek-tekst\">Specjalistyczne us\u0142ugi doradcze<\/p>\r\n    <\/div>\r\n<\/a>\r\n\t\t\t\t<\/div>\n\t\t\t\t<\/div>\n\t\t\t\t\t<\/div>\n\t\t\t\t<\/div>\n\t\t<div class=\"elementor-element elementor-element-f7e2270 e-flex e-con-boxed e-con e-child\" data-id=\"f7e2270\" data-element_type=\"container\">\n\t\t\t\t\t<div class=\"e-con-inner\">\n\t\t\t\t<div class=\"elementor-element elementor-element-35439bc elementor-widget__width-initial elementor-widget elementor-widget-html\" data-id=\"35439bc\" data-element_type=\"widget\" data-widget_type=\"html.default\">\n\t\t\t\t<div class=\"elementor-widget-container\">\n\t\t\t\t\t<a href=\"https:\/\/projekt.pociagdokariery.pl\/cms\/lista-du\/\" class=\"kafelek\">\r\n    <div class=\"kafelek-wnetrze\" style=\"background-image: url('https:\/\/projekt.pociagdokariery.pl\/cms\/wp-content\/uploads\/2024\/12\/1759a.png');\">\r\n        <p class=\"kafelek-tekst\">Szkolenia (us\u0142ugi) w projekcie realizuj\u0105..<\/p>\r\n    <\/div>\r\n<\/a>\r\n\t\t\t\t<\/div>\n\t\t\t\t<\/div>\n\t\t\t\t\t<\/div>\n\t\t\t\t<\/div>\n\t\t<div class=\"elementor-element elementor-element-11ca19a e-con-full e-flex e-con e-child\" data-id=\"11ca19a\" data-element_type=\"container\">\n\t\t\t\t<div class=\"elementor-element elementor-element-5cf650f elementor-widget__width-initial elementor-widget elementor-widget-html\" data-id=\"5cf650f\" data-element_type=\"widget\" data-widget_type=\"html.default\">\n\t\t\t\t<div class=\"elementor-widget-container\">\n\t\t\t\t\t<a href=\"https:\/\/uslugirozwojowe.parp.gov.pl\/\" class=\"kafelek\">\r\n    <div class=\"kafelek-wnetrze\" style=\"background-image: url('https:\/\/projekt.pociagdokariery.pl\/cms\/wp-content\/uploads\/2024\/12\/AdobeStock_969327829aa.png');\">\r\n        <p class=\"kafelek-tekst\">Znajd\u017a szkolenie (us\u0142ug\u0119)<\/p>\r\n    <\/div>\r\n<\/a>\r\n\r\n\t\t\t\t<\/div>\n\t\t\t\t<\/div>\n\t\t\t\t<\/div>\n\t\t\t\t\t<\/div>\n\t\t\t\t<\/div>\n\t\t<div class=\"elementor-element elementor-element-ccf2ced e-con-full e-flex e-con e-child\" data-id=\"ccf2ced\" data-element_type=\"container\">\n\t\t<div class=\"elementor-element elementor-element-94cbe01 e-flex e-con-boxed e-con e-child\" data-id=\"94cbe01\" data-element_type=\"container\">\n\t\t\t\t\t<div class=\"e-con-inner\">\n\t\t\t\t<div class=\"elementor-element elementor-element-6ac93a6 elementor-widget__width-initial elementor-widget elementor-widget-html\" data-id=\"6ac93a6\" data-element_type=\"widget\" data-widget_type=\"html.default\">\n\t\t\t\t<div class=\"elementor-widget-container\">\n\t\t\t\t\t<a href=\"https:\/\/projekt.pociagdokariery.pl\/cms\/dla-osob-ze-szczegolnymi-potrzebami\" class=\"kafelek\">\r\n    <div class=\"kafelek-wnetrze\" style=\"background-image: url('https:\/\/projekt.pociagdokariery.pl\/cms\/wp-content\/uploads\/2024\/12\/AdobeStock_759850836a.png');\">\r\n        <p class=\"kafelek-tekst\">Szczeg\u00f3lne potrzeby Uczestnik\u00f3w<\/p>\r\n    <\/div>\r\n<\/a>\r\n\t\t\t\t<\/div>\n\t\t\t\t<\/div>\n\t\t\t\t\t<\/div>\n\t\t\t\t<\/div>\n\t\t<div class=\"elementor-element elementor-element-14d71fd e-flex e-con-boxed e-con e-child\" data-id=\"14d71fd\" data-element_type=\"container\">\n\t\t\t\t\t<div class=\"e-con-inner\">\n\t\t\t\t<div class=\"elementor-element elementor-element-a5afc98 elementor-widget__width-initial elementor-widget elementor-widget-html\" data-id=\"a5afc98\" data-element_type=\"widget\" data-widget_type=\"html.default\">\n\t\t\t\t<div class=\"elementor-widget-container\">\n\t\t\t\t\t<a href=\"https:\/\/projekt.pociagdokariery.pl\/cms\/klauzula-informacyjna\/\" class=\"kafelek\">\r\n    <div class=\"kafelek-wnetrze\" style=\"background-image: url('https:\/\/projekt.pociagdokariery.pl\/cms\/wp-content\/uploads\/2024\/12\/AdobeStock_267991674a.png');\">\r\n        <p class=\"kafelek-tekst\">Jak przetwarzamy Twoje dane<\/p>\r\n    <\/div>\r\n<\/a>\r\n\t\t\t\t<\/div>\n\t\t\t\t<\/div>\n\t\t\t\t\t<\/div>\n\t\t\t\t<\/div>\n\t\t<div class=\"elementor-element elementor-element-a33b086 e-flex e-con-boxed e-con e-child\" data-id=\"a33b086\" data-element_type=\"container\">\n\t\t\t\t\t<div class=\"e-con-inner\">\n\t\t\t\t<div class=\"elementor-element elementor-element-371ce40 elementor-widget__width-initial elementor-widget elementor-widget-html\" data-id=\"371ce40\" data-element_type=\"widget\" data-widget_type=\"html.default\">\n\t\t\t\t<div class=\"elementor-widget-container\">\n\t\t\t\t\t<a href=\"https:\/\/projekt.pociagdokariery.pl\/cms\/wiadomosci\/instrukcja-w-przypadku-problemow-technicznych\/\" class=\"kafelek\">\r\n    <div class=\"kafelek-wnetrze\" style=\"background-image: url('https:\/\/projekt.pociagdokariery.pl\/cms\/wp-content\/uploads\/2024\/12\/AdobeStock_842520662a.png');\">\r\n        <p class=\"kafelek-tekst\">Pomoc techniczna<\/p>\r\n    <\/div>\r\n<\/a>\r\n\t\t\t\t<\/div>\n\t\t\t\t<\/div>\n\t\t\t\t\t<\/div>\n\t\t\t\t<\/div>\n\t\t<div class=\"elementor-element elementor-element-96d0ae7 e-flex e-con-boxed e-con e-child\" data-id=\"96d0ae7\" data-element_type=\"container\">\n\t\t\t\t\t<div class=\"e-con-inner\">\n\t\t\t\t<div class=\"elementor-element elementor-element-0e19264 elementor-widget__width-initial elementor-widget elementor-widget-html\" data-id=\"0e19264\" data-element_type=\"widget\" data-widget_type=\"html.default\">\n\t\t\t\t<div class=\"elementor-widget-container\">\n\t\t\t\t\t<a href=\"https:\/\/projekt.pociagdokariery.pl\/cms\/najczesciej-zadawane-pytania\/\r\n\" class=\"kafelek\">\r\n    <div class=\"kafelek-wnetrze\" style=\"background-image: url('https:\/\/projekt.pociagdokariery.pl\/cms\/wp-content\/uploads\/2024\/09\/FAQ.png');\">\r\n        <p class=\"kafelek-tekst\">Najcz\u0119\u015bciej zadawane pytania<\/p>\r\n    <\/div>\r\n<\/a>\r\n\t\t\t\t<\/div>\n\t\t\t\t<\/div>\n\t\t\t\t\t<\/div>\n\t\t\t\t<\/div>\n\t\t\t\t<\/div>\n\t\t\t\t\t<\/div>\n\t\t\t\t<\/div>\n\t\t\t\t\t<\/div>\n\t\t\t\t<\/div>\n\t\t\t\t<\/div>\n\t\t","protected":false},"excerpt":{"rendered":"<p>Dla Uczestnika projektu Instrukcja dla Uczestnika projektu Dokumenty do zapoznania dla Uczestnika projektu Harmonogram rekrutacji Poznaj naszych doradc\u00f3w Bilans Kariery Online Specjalistyczne us\u0142ugi doradcze Szkolenia (us\u0142ugi) w projekcie realizuj\u0105.. Znajd\u017a szkolenie (us\u0142ug\u0119) Szczeg\u00f3lne potrzeby Uczestnik\u00f3w Jak przetwarzamy Twoje dane Pomoc techniczna Najcz\u0119\u015bciej zadawane pytania<\/p>\n","protected":false},"author":1,"featured_media":0,"parent":0,"menu_order":0,"comment_status":"closed","ping_status":"closed","template":"","meta":{"_acf_changed":false,"site-sidebar-layout":"no-sidebar","site-content-layout":"page-builder","ast-site-content-layout":"full-width-container","site-content-style":"default","site-sidebar-style":"default","ast-global-header-display":"","ast-banner-title-visibility":"","ast-main-header-display":"","ast-hfb-above-header-display":"","ast-hfb-below-header-display":"","ast-hfb-mobile-header-display":"","site-post-title":"disabled","ast-breadcrumbs-content":"","ast-featured-img":"disabled","footer-sml-layout":"","theme-transparent-header-meta":"","adv-header-id-meta":"","stick-header-meta":"","header-above-stick-meta":"","header-main-stick-meta":"","header-below-stick-meta":"","astra-migrate-meta-layouts":"set","ast-page-background-enabled":"default","ast-page-background-meta":{"desktop":{"background-color":"var(--ast-global-color-4)","background-image":"","background-repeat":"repeat","background-position":"center center","background-size":"auto","background-attachment":"scroll","background-type":"","background-media":"","overlay-type":"","overlay-color":"","overlay-opacity":"","overlay-gradient":""},"tablet":{"background-color":"","background-image":"","background-repeat":"repeat","background-position":"center center","background-size":"auto","background-attachment":"scroll","background-type":"","background-media":"","overlay-type":"","overlay-color":"","overlay-opacity":"","overlay-gradient":""},"mobile":{"background-color":"","background-image":"","background-repeat":"repeat","background-position":"center center","background-size":"auto","background-attachment":"scroll","background-type":"","background-media":"","overlay-type":"","overlay-color":"","overlay-opacity":"","overlay-gradient":""}},"ast-content-background-meta":{"desktop":{"background-color":"var(--ast-global-color-5)","background-image":"","background-repeat":"repeat","background-position":"center center","background-size":"auto","background-attachment":"scroll","background-type":"","background-media":"","overlay-type":"","overlay-color":"","overlay-opacity":"","overlay-gradient":""},"tablet":{"background-color":"var(--ast-global-color-5)","background-image":"","background-repeat":"repeat","background-position":"center center","background-size":"auto","background-attachment":"scroll","background-type":"","background-media":"","overlay-type":"","overlay-color":"","overlay-opacity":"","overlay-gradient":""},"mobile":{"background-color":"var(--ast-global-color-5)","background-image":"","background-repeat":"repeat","background-position":"center center","background-size":"auto","background-attachment":"scroll","background-type":"","background-media":"","overlay-type":"","overlay-color":"","overlay-opacity":"","overlay-gradient":""}},"footnotes":""},"class_list":["post-2434","page","type-page","status-publish","hentry"],"acf":[],"_links":{"self":[{"href":"https:\/\/projekt.pociagdokariery.pl\/cms\/wp-json\/wp\/v2\/pages\/2434","targetHints":{"allow":["GET"]}}],"collection":[{"href":"https:\/\/projekt.pociagdokariery.pl\/cms\/wp-json\/wp\/v2\/pages"}],"about":[{"href":"https:\/\/projekt.pociagdokariery.pl\/cms\/wp-json\/wp\/v2\/types\/page"}],"author":[{"embeddable":true,"href":"https:\/\/projekt.pociagdokariery.pl\/cms\/wp-json\/wp\/v2\/users\/1"}],"replies":[{"embeddable":true,"href":"https:\/\/projekt.pociagdokariery.pl\/cms\/wp-json\/wp\/v2\/comments?post=2434"}],"version-history":[{"count":141,"href":"https:\/\/projekt.pociagdokariery.pl\/cms\/wp-json\/wp\/v2\/pages\/2434\/revisions"}],"predecessor-version":[{"id":11000,"href":"https:\/\/projekt.pociagdokariery.pl\/cms\/wp-json\/wp\/v2\/pages\/2434\/revisions\/11000"}],"wp:attachment":[{"href":"https:\/\/projekt.pociagdokariery.pl\/cms\/wp-json\/wp\/v2\/media?parent=2434"}],"curies":[{"name":"wp","href":"https:\/\/api.w.org\/{rel}","templated":true}]}}