{"id":3235,"date":"2024-06-16T11:24:36","date_gmt":"2024-06-16T09:24:36","guid":{"rendered":"https:\/\/projekt.pociagdokariery.pl\/cms\/?page_id=3235"},"modified":"2026-03-16T10:29:47","modified_gmt":"2026-03-16T09:29:47","slug":"aktualnosci","status":"publish","type":"page","link":"https:\/\/projekt.pociagdokariery.pl\/cms\/aktualnosci\/","title":{"rendered":"Aktualno\u015bci"},"content":{"rendered":"\t\t<div data-elementor-type=\"wp-page\" data-elementor-id=\"3235\" class=\"elementor elementor-3235\">\n\t\t\t\t<div class=\"elementor-element elementor-element-410640a e-flex e-con-boxed e-con e-parent\" data-id=\"410640a\" data-element_type=\"container\" data-e-type=\"container\">\n\t\t\t\t\t<div class=\"e-con-inner\">\n\t\t\t\t<div class=\"elementor-element elementor-element-eea9d5e elementor-widget__width-inherit elementor-widget elementor-widget-shortcode\" data-id=\"eea9d5e\" data-element_type=\"widget\" data-e-type=\"widget\" data-widget_type=\"shortcode.default\">\n\t\t\t\t<div class=\"elementor-widget-container\">\n\t\t\t\t\t\t\t<div class=\"elementor-shortcode\"><div id=\"news-section\">\n    <div id=\"news-container\">\n        <div class=\"news-section\"><div class=\"news-container\">\n        <a href=\"https:\/\/projekt.pociagdokariery.pl\/cms\/wiadomosci\/zmiany-w-regulaminie-wspolpracy-dla-dostawcow-uslug\/\" class=\"news-item\">\n            <div class=\"news-item-inner\" style=\"background-image: url(https:\/\/projekt.pociagdokariery.pl\/cms\/wp-content\/uploads\/2025\/08\/ogloszenie2.png);\">\n                <div class=\"news-item-overlay\">\n                    <p class=\"news-item-text\">\n                        <strong>Zmiany w regulaminie wsp\u00f3\u0142pracy dla Dostawc\u00f3w us\u0142ug<\/strong><br>\n                        <span class=\"news-item-date\">2026-04-30<\/span>\n                    <\/p>\n                    <p class=\"news-item-lead\">Wa\u017cna informacja dla instytucji b\u0119d\u0105cych dostawcami us\u0142ug w naszym projekcie.<\/p>\n                <\/div>\n            <\/div>\n        <\/a>\n        <a href=\"https:\/\/projekt.pociagdokariery.pl\/cms\/wiadomosci\/zmiany-w-systemie-bonowym-w-projekcie\/\" class=\"news-item\">\n            <div class=\"news-item-inner\" style=\"background-image: url(https:\/\/projekt.pociagdokariery.pl\/cms\/wp-content\/uploads\/2024\/08\/komunikat-1.png);\">\n                <div class=\"news-item-overlay\">\n                    <p class=\"news-item-text\">\n                        <strong>Zmiany w systemie bonowym w projekcie<\/strong><br>\n                        <span class=\"news-item-date\">2026-04-29<\/span>\n                    <\/p>\n                    <p class=\"news-item-lead\">Zmiany w projekcie s\u0105 konsekwencj\u0105 zmian w Bazie Us\u0142ug Rozwojowych (BUR) zaplanowanych od 5 maja br.<\/p>\n                <\/div>\n            <\/div>\n        <\/a>\n        <a href=\"https:\/\/projekt.pociagdokariery.pl\/cms\/wiadomosci\/blizej-ludzkich-spraw\/\" class=\"news-item\">\n            <div class=\"news-item-inner\" style=\"background-image: url(https:\/\/projekt.pociagdokariery.pl\/cms\/wp-content\/uploads\/2026\/04\/spotkanie.png);\">\n                <div class=\"news-item-overlay\">\n                    <p class=\"news-item-text\">\n                        <strong>Bli\u017cej ludzkich spraw<\/strong><br>\n                        <span class=\"news-item-date\">2026-04-28<\/span>\n                    <\/p>\n                    <p class=\"news-item-lead\"><\/p>\n                <\/div>\n            <\/div>\n        <\/a>\n        <a href=\"https:\/\/projekt.pociagdokariery.pl\/cms\/wiadomosci\/przerwa-serwisowa-w-dniu-29-kwietnia\/\" class=\"news-item\">\n            <div class=\"news-item-inner\" style=\"background-image: url(https:\/\/projekt.pociagdokariery.pl\/cms\/wp-content\/uploads\/2024\/10\/serwis.png);\">\n                <div class=\"news-item-overlay\">\n                    <p class=\"news-item-text\">\n                        <strong>Przerwa serwisowa w dniu 29 kwietnia<\/strong><br>\n                        <span class=\"news-item-date\">2026-04-28<\/span>\n                    <\/p>\n                    <p class=\"news-item-lead\"><\/p>\n                <\/div>\n            <\/div>\n        <\/a>\n        <a href=\"https:\/\/projekt.pociagdokariery.pl\/cms\/wiadomosci\/zmiany-w-bazie-uslug-rozwojowych-bur\/\" class=\"news-item\">\n            <div class=\"news-item-inner\" style=\"background-image: url(https:\/\/projekt.pociagdokariery.pl\/cms\/wp-content\/uploads\/2025\/08\/ogloszenie2.png);\">\n                <div class=\"news-item-overlay\">\n                    <p class=\"news-item-text\">\n                        <strong>Zmiany w Bazie Us\u0142ug Rozwojowych (BUR)<\/strong><br>\n                        <span class=\"news-item-date\">2026-04-27<\/span>\n                    <\/p>\n                    <p class=\"news-item-lead\">Wa\u017cne dla Uczestnik\u00f3w projektu oraz Dostawc\u00f3w us\u0142ug.<\/p>\n                <\/div>\n            <\/div>\n        <\/a>\n        <a href=\"https:\/\/projekt.pociagdokariery.pl\/cms\/wiadomosci\/zmiana-wzoru-zaswiadczen-o-skorzystaniu-z-uslugi-rozwojowej\/\" class=\"news-item\">\n            <div class=\"news-item-inner\" style=\"background-image: url(https:\/\/projekt.pociagdokariery.pl\/cms\/wp-content\/uploads\/2024\/08\/komunikat-1.png);\">\n                <div class=\"news-item-overlay\">\n                    <p class=\"news-item-text\">\n                        <strong>Zmiana wzoru za\u015bwiadcze\u0144 o skorzystaniu z us\u0142ugi rozwojowej<\/strong><br>\n                        <span class=\"news-item-date\">2026-04-24<\/span>\n                    <\/p>\n                    <p class=\"news-item-lead\">Informacja istotna dla Dostawc\u00f3w Us\u0142ug<\/p>\n                <\/div>\n            <\/div>\n        <\/a>\n        <a href=\"https:\/\/projekt.pociagdokariery.pl\/cms\/wiadomosci\/3-kwietnia-2026-roku-krotsze-godziny-pracy\/\" class=\"news-item\">\n            <div class=\"news-item-inner\" style=\"background-image: url(https:\/\/projekt.pociagdokariery.pl\/cms\/wp-content\/uploads\/2024\/12\/czynne.png);\">\n                <div class=\"news-item-overlay\">\n                    <p class=\"news-item-text\">\n                        <strong>3 kwietnia 2026 roku kr\u00f3tsze godziny obs\u0142ugi Klient\u00f3w<\/strong><br>\n                        <span class=\"news-item-date\">2026-04-02<\/span>\n                    <\/p>\n                    <p class=\"news-item-lead\"><\/p>\n                <\/div>\n            <\/div>\n        <\/a>\n        <a href=\"https:\/\/projekt.pociagdokariery.pl\/cms\/wiadomosci\/zmiana-regulaminu-bazy-uslug-rozwojowych-bur\/\" class=\"news-item\">\n            <div class=\"news-item-inner\" style=\"background-image: url(https:\/\/projekt.pociagdokariery.pl\/cms\/wp-content\/uploads\/2024\/09\/ogloszenie.png);\">\n                <div class=\"news-item-overlay\">\n                    <p class=\"news-item-text\">\n                        <strong>Zmiana Regulaminu Bazy Us\u0142ug Rozwojowych (BUR)<\/strong><br>\n                        <span class=\"news-item-date\">2026-03-31<\/span>\n                    <\/p>\n                    <p class=\"news-item-lead\">Wa\u017cne dla Dostawc\u00f3w Us\u0142ug, zmiany w zakresie zamieszczania ofert szkoleniowych w bazie BUR.<\/p>\n                <\/div>\n            <\/div>\n        <\/a><\/div><\/div> <!-- Shortcode do wy\u015bwietlania wszystkich news\u00f3w -->\n    <\/div>\n    <div class=\"see-more-container\">\n        <a href=\"#\" id=\"see-more-button\" class=\"see-more-button\">Zobacz wi\u0119cej aktualno\u015bci<\/a>\n    <\/div>\n<\/div>\n<\/div>\n\t\t\t\t\t\t<\/div>\n\t\t\t\t<\/div>\n\t\t\t\t\t<\/div>\n\t\t\t\t<\/div>\n\t\t\t\t<\/div>\n\t\t","protected":false},"excerpt":{"rendered":"<p>Zobacz wi\u0119cej aktualno\u015bci<\/p>\n","protected":false},"author":1,"featured_media":0,"parent":0,"menu_order":0,"comment_status":"closed","ping_status":"closed","template":"","meta":{"_acf_changed":false,"site-sidebar-layout":"no-sidebar","site-content-layout":"page-builder","ast-site-content-layout":"full-width-container","site-content-style":"default","site-sidebar-style":"default","ast-global-header-display":"","ast-banner-title-visibility":"","ast-main-header-display":"","ast-hfb-above-header-display":"","ast-hfb-below-header-display":"","ast-hfb-mobile-header-display":"","site-post-title":"disabled","ast-breadcrumbs-content":"","ast-featured-img":"disabled","footer-sml-layout":"","ast-disable-related-posts":"","theme-transparent-header-meta":"","adv-header-id-meta":"","stick-header-meta":"","header-above-stick-meta":"","header-main-stick-meta":"","header-below-stick-meta":"","astra-migrate-meta-layouts":"set","ast-page-background-enabled":"default","ast-page-background-meta":{"desktop":{"background-color":"var(--ast-global-color-4)","background-image":"","background-repeat":"repeat","background-position":"center center","background-size":"auto","background-attachment":"scroll","background-type":"","background-media":"","overlay-type":"","overlay-color":"","overlay-opacity":"","overlay-gradient":""},"tablet":{"background-color":"","background-image":"","background-repeat":"repeat","background-position":"center center","background-size":"auto","background-attachment":"scroll","background-type":"","background-media":"","overlay-type":"","overlay-color":"","overlay-opacity":"","overlay-gradient":""},"mobile":{"background-color":"","background-image":"","background-repeat":"repeat","background-position":"center center","background-size":"auto","background-attachment":"scroll","background-type":"","background-media":"","overlay-type":"","overlay-color":"","overlay-opacity":"","overlay-gradient":""}},"ast-content-background-meta":{"desktop":{"background-color":"var(--ast-global-color-5)","background-image":"","background-repeat":"repeat","background-position":"center center","background-size":"auto","background-attachment":"scroll","background-type":"","background-media":"","overlay-type":"","overlay-color":"","overlay-opacity":"","overlay-gradient":""},"tablet":{"background-color":"var(--ast-global-color-5)","background-image":"","background-repeat":"repeat","background-position":"center center","background-size":"auto","background-attachment":"scroll","background-type":"","background-media":"","overlay-type":"","overlay-color":"","overlay-opacity":"","overlay-gradient":""},"mobile":{"background-color":"var(--ast-global-color-5)","background-image":"","background-repeat":"repeat","background-position":"center center","background-size":"auto","background-attachment":"scroll","background-type":"","background-media":"","overlay-type":"","overlay-color":"","overlay-opacity":"","overlay-gradient":""}},"footnotes":""},"class_list":["post-3235","page","type-page","status-publish","hentry"],"acf":[],"_links":{"self":[{"href":"https:\/\/projekt.pociagdokariery.pl\/cms\/wp-json\/wp\/v2\/pages\/3235","targetHints":{"allow":["GET"]}}],"collection":[{"href":"https:\/\/projekt.pociagdokariery.pl\/cms\/wp-json\/wp\/v2\/pages"}],"about":[{"href":"https:\/\/projekt.pociagdokariery.pl\/cms\/wp-json\/wp\/v2\/types\/page"}],"author":[{"embeddable":true,"href":"https:\/\/projekt.pociagdokariery.pl\/cms\/wp-json\/wp\/v2\/users\/1"}],"replies":[{"embeddable":true,"href":"https:\/\/projekt.pociagdokariery.pl\/cms\/wp-json\/wp\/v2\/comments?post=3235"}],"version-history":[{"count":91,"href":"https:\/\/projekt.pociagdokariery.pl\/cms\/wp-json\/wp\/v2\/pages\/3235\/revisions"}],"predecessor-version":[{"id":10732,"href":"https:\/\/projekt.pociagdokariery.pl\/cms\/wp-json\/wp\/v2\/pages\/3235\/revisions\/10732"}],"wp:attachment":[{"href":"https:\/\/projekt.pociagdokariery.pl\/cms\/wp-json\/wp\/v2\/media?parent=3235"}],"curies":[{"name":"wp","href":"https:\/\/api.w.org\/{rel}","templated":true}]}}