{"id":6251,"date":"2024-09-19T17:58:43","date_gmt":"2024-09-19T15:58:43","guid":{"rendered":"https:\/\/projekt.pociagdokariery.pl\/cms\/?page_id=6251"},"modified":"2026-03-30T14:31:43","modified_gmt":"2026-03-30T12:31:43","slug":"deklaracja-dostepnosci","status":"publish","type":"page","link":"https:\/\/projekt.pociagdokariery.pl\/cms\/deklaracja-dostepnosci\/","title":{"rendered":"Deklaracja dost\u0119pno\u015bci"},"content":{"rendered":"\t\t<div data-elementor-type=\"wp-page\" data-elementor-id=\"6251\" class=\"elementor elementor-6251\">\n\t\t\t\t<div class=\"elementor-element elementor-element-71bb85e8 e-con-full e-flex e-con e-parent\" data-id=\"71bb85e8\" data-element_type=\"container\" data-e-type=\"container\">\n\t\t\t\t<div class=\"elementor-element elementor-element-3b382b21 elementor-widget elementor-widget-heading\" data-id=\"3b382b21\" data-element_type=\"widget\" data-e-type=\"widget\" data-widget_type=\"heading.default\">\n\t\t\t\t<div class=\"elementor-widget-container\">\n\t\t\t\t\t<h1 class=\"elementor-heading-title elementor-size-default\">Deklaracja dost\u0119pno\u015bci<\/h1>\t\t\t\t<\/div>\n\t\t\t\t<\/div>\n\t\t\t\t<div class=\"elementor-element elementor-element-31af9225 elementor-widget-divider--view-line elementor-widget elementor-widget-divider\" data-id=\"31af9225\" data-element_type=\"widget\" data-e-type=\"widget\" data-widget_type=\"divider.default\">\n\t\t\t\t<div class=\"elementor-widget-container\">\n\t\t\t\t\t\t\t<div class=\"elementor-divider\">\n\t\t\t<span class=\"elementor-divider-separator\">\n\t\t\t\t\t\t<\/span>\n\t\t<\/div>\n\t\t\t\t\t\t<\/div>\n\t\t\t\t<\/div>\n\t\t\t\t<div class=\"elementor-element elementor-element-14087be0 elementor-widget elementor-widget-text-editor\" data-id=\"14087be0\" data-element_type=\"widget\" data-e-type=\"widget\" data-widget_type=\"text-editor.default\">\n\t\t\t\t<div class=\"elementor-widget-container\">\n\t\t\t\t\t\t\t\t\t<p>Data publikacji: 2024-04-05<br \/>Data modyfikacji: 2026-03-30<\/p>\t\t\t\t\t\t\t\t<\/div>\n\t\t\t\t<\/div>\n\t\t\t\t<\/div>\n\t\t<div class=\"elementor-element elementor-element-485019b e-flex e-con-boxed e-con e-parent\" data-id=\"485019b\" data-element_type=\"container\" data-e-type=\"container\">\n\t\t\t\t\t<div class=\"e-con-inner\">\n\t\t\t\t<div class=\"elementor-element elementor-element-3796e65a elementor-widget elementor-widget-text-editor\" data-id=\"3796e65a\" data-element_type=\"widget\" data-e-type=\"widget\" data-widget_type=\"text-editor.default\">\n\t\t\t\t<div class=\"elementor-widget-container\">\n\t\t\t\t\t\t\t\t\t<section id=\"a11y-wstep\"><span id=\"a11y-podmiot\">Wojew\u00f3dzki Urz\u0105d Pracy w Krakowie<\/span> zobowi\u0105zuje si\u0119 zapewni\u0107 dost\u0119pno\u015b\u0107 swojej <span id=\"a11y-zakres\">strony internetowej<\/span> zgodnie z ustaw\u0105 z dnia 4 kwietnia 2019 r. o dost\u0119pno\u015bci cyfrowej stron internetowych i aplikacji mobilnych podmiot\u00f3w publicznych.<\/section><section>Deklaracja dost\u0119pno\u015bci dotyczy strony <a id=\"a11y-url\" href=\"https:\/\/projekt.pociagdokariery.pl\" target=\"_blank\" rel=\"noopener\">https:\/\/projekt.pociagdokariery.pl<\/a>.<\/section><section>\n<ul>\n \t<li>Data publikacji strony internetowej: <time id=\"a11y-data-publikacja\" datetime=\"2024-04-05\">5 kwietnia 2024 r.<\/time><\/li>\n \t<li>Data ostatniej istotnej aktualizacji: <time id=\"a11y-data-aktualizacja\" datetime=\"2024-10-02\">2 pa\u017adziernika 2024 r.<\/time><\/li>\n<\/ul>\n<\/section><section>\n<h2>Stan dost\u0119pno\u015bci cyfrowej<\/h2>\n<p id=\"a11y-status\">Ta strona internetowa jest cz\u0119\u015bciowo zgodna z za\u0142\u0105cznikiem do ustawy o dost\u0119pno\u015bci cyfrowej z dnia 4 kwietnia 2019 r. o dost\u0119pno\u015bci cyfrowej stron internetowych i aplikacji mobilnych podmiot\u00f3w publicznych z powodu niezgodno\u015bci i wy\u0142\u0105cze\u0144 wymienionych poni\u017cej.<\/p>\n\n<\/section><section>\n<h2>Niedost\u0119pne tre\u015bci<\/h2>\n<section>\n<h3>Niezgodno\u015b\u0107 z za\u0142\u0105cznikiem<\/h3>\n<ol>\n \t<li>Element powiadomienia o polityce prywatno\u015bci (cookies) znajduje si\u0119 poza zdefiniowanymi obszarami strukturalnymi strony (tzw. landmarkami). B\u0142\u0105d dotyczy elementu <div id=\"cookiePolicy\"> umieszczonego bezpo\u015brednio wewn\u0105trz znacznika <body>. <\/li>\n \t<li>Na badanych podstronach brakuje nag\u0142\u00f3wka pierwszego poziomu (h1), kt\u00f3ry opisuje\/tytu\u0142uje zawarto\u015b\u0107 danej podstrony.<\/li>\n\t<li>Wybrane pliki PDF zamieszczone na stronie mog\u0105 nie by\u0107 poprawnie oznaczone semantycznie.<\/li>\n\t<li>Elementy tekstowe (linki w pasku cookies) posiadaj\u0105 zbyt niski wsp\u00f3\u0142czynnik kontrastu w stosunku do t\u0142a.<\/li>\n \t<li>B\u0142\u0119dy zwi\u0105zane z nieprawid\u0142owym przypisaniem r\u00f3l ARIA do element\u00f3w:\n\t<ul>\n\t\t<li>Niew\u0142a\u015bciwe przypisanie r\u00f3l i atrybut\u00f3w ARIA w wid\u017cecie zak\u0142adek (tabs). Elementy posiadaj\u0105 rol\u0119 przycisku (role=&#8221;button&#8221;), korzystaj\u0105c jednocze\u015bnie z atrybut\u00f3w specyficznych dla zak\u0142adek (aria-selected).<\/li>\n\t\t<li>Wybrane elementy strukturalne (nag\u0142\u00f3wki h4) posiadaj\u0105 nadan\u0105 rol\u0119 przycisku (role=&#8221;button&#8221;), co jest niezgodne z ich natywn\u0105 funkcj\u0105 w kodzie HTML.<\/li>\n\t<\/ul><\/li>\n<\/ol>\n<p>Informacje o wszystkich b\u0142\u0119dach zg\u0142osili\u015bmy do firmy IT obs\u0142uguj\u0105cej stron\u0119, w celu poprawy.<\/p>\n<\/section><\/section><section>\n<h2>Przygotowanie deklaracji dost\u0119pno\u015bci<\/h2>\n<ul>\n \t<li>Data sporz\u0105dzenia deklaracji: <time id=\"a11y-data-sporzadzenie\" datetime=\"2024-04-05\">5 kwietnia 2024 r.<\/time><\/li>\n \t<li>Data ostatniego przegl\u0105du deklaracji: <time id=\"a11y-data-przeglad\" datetime=\"2026-03-26\">26 marca 2026 r.<\/time><\/li>\n<\/ul>\nDeklaracj\u0119 sporz\u0105dzili\u015bmy na podstawie samooceny w oparciu o <a href=\"https:\/\/www.gov.pl\/attachment\/1a3e2bb5-6d60-4897-ac2f-07a8e91e70ed\">List\u0119 kontroln\u0105 do badania dost\u0119pno\u015bci cyfrowej strony internetowej v. 2.2 (docx, 0,12MB)<\/a>, posiadan\u0105 wiedz\u0119 z zakresu dost\u0119pno\u015bci cyfrowej oraz inne narz\u0119dzia. Dodatkowo przy ocenie dost\u0119pno\u015bci strony wykorzystano &#8222;Raport z test\u00f3w dost\u0119pno\u015bci&#8221; przygotowany dn. 19.01.2026 r. przez <b>Centrum Informatyki ZETO S.A.<\/b> &#8211; wykonawc\u0119 strony. Przeczytaj <a title=\"Odsy\u0142acz do raportu\" href=\"https:\/\/projekt.pociagdokariery.pl\/storage\/shares\/Deklaracja dost\u0119pno\u015bci\/Raport-z-badania-dostepnosci-cyfrowej-strony-internetowej-MP2026.pdf \">raport z badania dost\u0119pno\u015bci strony internetowej<\/a>.\n\n<\/section><section>\n<h2>Informacje zwrotne i dane kontaktowe<\/h2>\n<span id=\"a11y-kontakt\">Wszystkie problemy z dost\u0119pno\u015bci\u0105 cyfrow\u0105 tej strony internetowej mo\u017cesz zg\u0142osi\u0107 do Koordynatora dost\u0119pno\u015bci w Wojew\u00f3dzkim Urz\u0119dzie Pracy w Krakowie,\n\u0141ukasza Kraczki<\/span>\u00a0&#8211; e-mailowo <a id=\"a11y-email\" href=\"mailto:lukasz.kraczka@wup-krakow.pl\">lukasz.kraczka@wup-krakow.pl<\/a> lub telefonicznie <a id=\"a11y-telefon\" href=\"tel:124287820\">12 428 78 20<\/a>.\n\nKa\u017cdy ma prawo wyst\u0105pi\u0107 z \u017c\u0105daniem zapewnienia dost\u0119pno\u015bci cyfrowej tej strony internetowej lub jej element\u00f3w.\n\nZg\u0142aszaj\u0105c takie \u017c\u0105danie podaj:\n<ul>\n \t<li>swoje imi\u0119 i nazwisko,<\/li>\n \t<li>swoje dane kontaktowe (np. numer telefonu, e-mail),<\/li>\n \t<li>dok\u0142adny adres strony internetowej, na kt\u00f3rej jest niedost\u0119pny cyfrowo element lub tre\u015b\u0107,<\/li>\n \t<li>opis na czym polega problem i jaki spos\u00f3b jego rozwi\u0105zania by\u0142by dla Ciebie najwygodniejszy.<\/li>\n<\/ul>\nNa Twoje zg\u0142oszenie odpowiemy najszybciej jak to mo\u017cliwe, nie p\u00f3\u017aniej ni\u017c w ci\u0105gu 7 dni od jego otrzymania.\n\nJe\u017celi ten termin b\u0119dzie dla nas zbyt kr\u00f3tki poinformujemy Ci\u0119 o tym. W tej informacji podamy nowy termin, do kt\u00f3rego poprawimy zg\u0142oszone przez Ciebie b\u0142\u0119dy lub przygotujemy informacje w alternatywny spos\u00f3b. Ten nowy termin nie b\u0119dzie d\u0142u\u017cszy ni\u017c 2 miesi\u0105ce.\n\nJe\u017celi nie b\u0119dziemy w stanie zapewni\u0107 dost\u0119pno\u015bci cyfrowej strony internetowej lub tre\u015bci, wskazanej w Twoim \u017c\u0105daniu, zaproponujemy Ci dost\u0119p do nich w alternatywny spos\u00f3b.\n\n<\/section><section id=\"a11y-procedura\">\n<h2>Obs\u0142uga wniosk\u00f3w i skarg zwi\u0105zanych z dost\u0119pno\u015bci\u0105<\/h2>\nJe\u017celi w odpowiedzi na Tw\u00f3j wniosek o zapewnienie dost\u0119pno\u015bci cyfrowej, odm\u00f3wimy zapewnienia \u017c\u0105danej przez Ciebie dost\u0119pno\u015bci cyfrowej, a Ty nie zgadzasz si\u0119 z t\u0105 odmow\u0105, masz prawo z\u0142o\u017cy\u0107 skarg\u0119.\n\nSkarg\u0119 masz prawo z\u0142o\u017cy\u0107 tak\u017ce, je\u015bli nie zgadzasz si\u0119 na skorzystanie z alternatywnego sposobu dost\u0119pu, kt\u00f3ry zaproponowali\u015bmy Ci w odpowiedzi na Tw\u00f3j wniosek o zapewnienie dost\u0119pno\u015bci cyfrowej.\n\nEwentualn\u0105 skarg\u0119 z\u0142\u00f3\u017c listownie lub mailem do kierownictwa naszego urz\u0119du:\n<ul>\n \t<li><span id=\"a11y-procedura-kierownik\">Arkadiusz Psica &#8211; Dyrektor Wojew\u00f3dzkiego Urz\u0119du Pracy w Krakowie<\/span>,<\/li>\n \t<li>Adres: <span id=\"a11y-procedura-adres\">Plac Na Stawach 1, 30-107 Krak\u00f3w<\/span>,<\/li>\n \t<li>e-mail: <a id=\"a11y-procedura-email\" href=\"mailto:sekretariat@wup-krakow.pl\">sekretariat@wup-krakow.pl<\/a>.<\/li>\n<\/ul>\n<a href=\"https:\/\/www.gov.pl\/web\/gov\/zloz-wniosek-o-zapewnienie-dostepnosci-cyfrowej-strony-internetowej-lub-aplikacji-mobilnej\">Pomocne mog\u0105 by\u0107 informacje, kt\u00f3re mo\u017cna znale\u017a\u0107 na rz\u0105dowym portalu gov.pl<\/a>.\n\nMo\u017cesz tak\u017ce poinformowa\u0107 o tej sytuacji <a href=\"https:\/\/bip.brpo.gov.pl\/\">Rzecznika Praw Obywatelskich<\/a> i poprosi\u0107 o interwencj\u0119 w Twojej sprawie.\n\n<\/section><section>\n<h2>Pozosta\u0142e informacje<\/h2>\n<section id=\"a11y-architektura\">\n<h3>Dost\u0119pno\u015b\u0107 architektoniczna<\/h3>\n<section>\n<h4>Siedziba g\u0142\u00f3wna w Krakowie<\/h4>\n<address>\n<div>Plac Na Stawach 1<\/div>\n<div>30-107 Krak\u00f3w<\/div>\n<\/address>\n<p><a id=\"a11y-architektura-url\" href=\"https:\/\/wupkrakow.praca.gov.pl\/dostepnosc\/architektoniczna\/siedziba-glowna-krakow\">zobacz opis dost\u0119pno\u015bci architektonicznej<\/a><\/p>\n<\/section>\n<section>\n<h4>Punkt poradnictwa zawodowego w budynku Dworca Autobusowego MDA w Krakowie<\/h4>\n<address>\n<div>Bosacka 18<\/div>\n<div>31-505 Krak\u00f3w<\/div>\n<\/address>\n<p><a href=\"https:\/\/wupkrakow.praca.gov.pl\/punkt-poradnictwa-zawodowego-w-budynku-mda\">zobacz opis dost\u0119pno\u015bci architektonicznej<\/a><\/p>\n<\/section>\n<section>\n<h4>Biuro Projektu &#8222;\u017byj i pracuj w Ma\u0142opolsce&#8221; w Krakowie<\/h4>\n<address>\n<div>Kamie\u0144skiego 47<\/div>\n<div>30-644 Krak\u00f3w<\/div>\n<\/address>\n<p><a href=\"https:\/\/wupkrakow.praca.gov.pl\/dostepnosc\/architektoniczna\/biuro-projektu-krakow\">zobacz opis dost\u0119pno\u015bci architektonicznej<\/a><\/p>\n<\/section>\n<section>\n<h4>Zesp\u00f3\u0142 Zamiejscowy w Nowym S\u0105czu<\/h4>\n<address>\n<div>Nawojowska 4<\/div>\n<div>33-300 Nowy S\u0105cz<\/div>\n<\/address>\n<p><a href=\"https:\/\/wupkrakow.praca.gov.pl\/dostepnosc\/architektoniczna\/zespol-zamiejscowy-nowy-sacz\">zobacz opis dost\u0119pno\u015bci architektonicznej<\/a><\/p>\n<\/section>\n<section>\n<h4>Zesp\u00f3\u0142 Zamiejscowy w O\u015bwi\u0119cimiu<\/h4>\n<address>\n<div>Zamkowa 4<\/div>\n<div>32-600 O\u015bwi\u0119cim<\/div>\n<\/address>\n<p><a href=\"https:\/\/wupkrakow.praca.gov.pl\/dostepnosc\/architektoniczna\/zespol-zamiejscowy-oswiecim\">zobacz opis dost\u0119pno\u015bci architektonicznej<\/a><\/p>\n<\/section>\n<section>\n<h4>Siedziba Zespo\u0142u Zamiejscowego w Tarnowie<\/h4>\n<address>\n<div>al. Solidarno\u015bci 5-9<\/div>\n<div>33-100 Tarn\u00f3w<\/div>\n<\/address>\n<p><a href=\"https:\/\/wupkrakow.praca.gov.pl\/dostepnosc\/architektoniczna\/zespol-zamiejscowy-tarnow\">zobacz opis dost\u0119pno\u015bci architektonicznej<\/a><\/p>\n<\/section>\n<section>\n<h4>Pomieszczenia do obs\u0142ugi projekt\u00f3w w Tarnowie<\/h4>\n<address>\n<div>Szujskiego 66<\/div>\n<div>33-100 Tarn\u00f3w<\/div>\n<\/address>\n<p><a href=\"https:\/\/wupkrakow.praca.gov.pl\/dostepnosc\/architektoniczna\/obsluga-projektow-tarnow\">zobacz opis dost\u0119pno\u015bci architektonicznej<\/a><\/p>\n<\/section>\n<section>\n<h4>Punkt Zamiejscowy w Miechowie<\/h4>\n<address>\n<div>Sobieskiego 4<\/div>\n<div>32-200 Miech\u00f3w<\/div>\n<\/address>\n<p><a href=\"https:\/\/wupkrakow.praca.gov.pl\/dostepnosc\/architektoniczna\/punkt-zamiejscowy-miechow\">zobacz opis dost\u0119pno\u015bci architektonicznej<\/a><\/p>\n<\/section><\/section><<section id=\"a11y-komunikacja\">\n<h3>Dost\u0119pno\u015b\u0107 komunikacyjno-informacyjna<\/h3>\n<ul>\n<li><a href=\"https:\/\/wupkrakow.praca.gov.pl\/dostepnosc\/wideotlumacz-pjm\">Jak wnioskowa\u0107 o t\u0142umacza polskiego j\u0119zyka migowego<\/a>: https:\/\/wupkrakow.praca.gov.pl\/dostepnosc\/wideotlumacz-pjm<\/li>\n<li><a href=\"https:\/\/wupkrakow.praca.gov.pl\/dostepnosc\/prosto-o-urzedzie-etr\">Informacja o naszej dzia\u0142alno\u015bci w tek\u015bcie \u0142atwym do czytania (ETR)<\/a>: https:\/\/wupkrakow.praca.gov.pl\/dostepnosc\/prosto-o-urzedzie-etr<\/li>\n<li><a href=\"https:\/\/wupkrakow.praca.gov.pl\/dostepnosc\/o-urzedzie-w-pjm\">Informacja o naszej dzia\u0142alno\u015bci w j\u0119zyku migowym (PJM)<\/a>: https:\/\/wupkrakow.praca.gov.pl\/dostepnosc\/o-urzedzie-w-pjm<\/li>\n<li><a href=\"https:\/\/bip.malopolska.pl\/wupwkrakowie,a,2642419,raport-o-stanie-dostepnosci-2025-r.html\">Aktualny raport z zapewnienia dost\u0119pno\u015bci<\/a>:  https:\/\/bip.malopolska.pl\/wupwkrakowie,a,2642419,raport-o-stanie-dostepnosci-2025-r.html<\/li>\n<li>Informacja o naszej dzia\u0142alno\u015bci w tek\u015bcie \u0142atwym do czytania (ETR) nie zosta\u0142a skonsultowana z osob\u0105 maj\u0105c\u0105 trudno\u015bci poznawcze.<\/li>\n<li>Pracujemy nad popraw\u0105 dost\u0119pno\u015bci urz\u0119du. Wszystkie informacje kt\u00f3re jej dotycz\u0105 znajdziesz na <a href=\"https:\/\/wupkrakow.praca.gov.pl\/dostepnosc\">podstronie serwisu<\/a>: https:\/\/wupkrakow.praca.gov.pl\/dostepnosc<\/li>\n<\/ul>\n<\/section><\/section>\t\t\t\t\t\t\t\t<\/div>\n\t\t\t\t<\/div>\n\t\t\t\t\t<\/div>\n\t\t\t\t<\/div>\n\t\t<div class=\"elementor-element elementor-element-1444545e e-flex e-con-boxed e-con e-parent\" data-id=\"1444545e\" data-element_type=\"container\" data-e-type=\"container\">\n\t\t\t\t\t<div class=\"e-con-inner\">\n\t\t<div class=\"elementor-element elementor-element-48395a3c e-con-full e-flex e-con e-child\" data-id=\"48395a3c\" data-element_type=\"container\" data-e-type=\"container\">\n\t\t\t\t<div class=\"elementor-element elementor-element-6a219daa e-grid-align-left elementor-shape-rounded elementor-grid-0 elementor-widget elementor-widget-social-icons\" data-id=\"6a219daa\" data-element_type=\"widget\" data-e-type=\"widget\" data-widget_type=\"social-icons.default\">\n\t\t\t\t<div class=\"elementor-widget-container\">\n\t\t\t\t\t\t\t<div class=\"elementor-social-icons-wrapper elementor-grid\">\n\t\t\t\t\t\t\t<span class=\"elementor-grid-item\">\n\t\t\t\t\t<a class=\"elementor-icon elementor-social-icon elementor-social-icon-share-alt elementor-repeater-item-0db8a3f\" target=\"_blank\">\n\t\t\t\t\t\t<span class=\"elementor-screen-only\">Share-alt<\/span>\n\t\t\t\t\t\t<svg aria-hidden=\"true\" class=\"e-font-icon-svg e-fas-share-alt\" viewBox=\"0 0 448 512\" xmlns=\"http:\/\/www.w3.org\/2000\/svg\"><path d=\"M352 320c-22.608 0-43.387 7.819-59.79 20.895l-102.486-64.054a96.551 96.551 0 0 0 0-41.683l102.486-64.054C308.613 184.181 329.392 192 352 192c53.019 0 96-42.981 96-96S405.019 0 352 0s-96 42.981-96 96c0 7.158.79 14.13 2.276 20.841L155.79 180.895C139.387 167.819 118.608 160 96 160c-53.019 0-96 42.981-96 96s42.981 96 96 96c22.608 0 43.387-7.819 59.79-20.895l102.486 64.054A96.301 96.301 0 0 0 256 416c0 53.019 42.981 96 96 96s96-42.981 96-96-42.981-96-96-96z\"><\/path><\/svg>\t\t\t\t\t<\/a>\n\t\t\t\t<\/span>\n\t\t\t\t\t<\/div>\n\t\t\t\t\t\t<\/div>\n\t\t\t\t<\/div>\n\t\t\t\t<\/div>\n\t\t<div class=\"elementor-element elementor-element-68dcaccb e-con-full e-flex e-con e-child\" data-id=\"68dcaccb\" data-element_type=\"container\" data-e-type=\"container\">\n\t\t\t\t<\/div>\n\t\t\t\t\t<\/div>\n\t\t\t\t<\/div>\n\t\t\t\t<\/div>\n\t\t","protected":false},"excerpt":{"rendered":"<p>Deklaracja dost\u0119pno\u015bci Data publikacji: 2024-04-05Data modyfikacji: 2026-03-30 Wojew\u00f3dzki Urz\u0105d Pracy w Krakowie zobowi\u0105zuje si\u0119 zapewni\u0107 dost\u0119pno\u015b\u0107 swojej strony internetowej zgodnie z ustaw\u0105 z dnia 4 kwietnia 2019 r. o dost\u0119pno\u015bci cyfrowej stron internetowych i aplikacji mobilnych podmiot\u00f3w publicznych. Deklaracja dost\u0119pno\u015bci dotyczy strony https:\/\/projekt.pociagdokariery.pl. Data publikacji strony internetowej: 5 kwietnia 2024 r. Data ostatniej istotnej aktualizacji: [&hellip;]<\/p>\n","protected":false},"author":4,"featured_media":0,"parent":0,"menu_order":0,"comment_status":"closed","ping_status":"closed","template":"","meta":{"_acf_changed":false,"site-sidebar-layout":"no-sidebar","site-content-layout":"page-builder","ast-site-content-layout":"full-width-container","site-content-style":"default","site-sidebar-style":"default","ast-global-header-display":"","ast-banner-title-visibility":"","ast-main-header-display":"","ast-hfb-above-header-display":"","ast-hfb-below-header-display":"","ast-hfb-mobile-header-display":"","site-post-title":"disabled","ast-breadcrumbs-content":"","ast-featured-img":"disabled","footer-sml-layout":"","ast-disable-related-posts":"","theme-transparent-header-meta":"","adv-header-id-meta":"","stick-header-meta":"","header-above-stick-meta":"","header-main-stick-meta":"","header-below-stick-meta":"","astra-migrate-meta-layouts":"set","ast-page-background-enabled":"default","ast-page-background-meta":{"desktop":{"background-color":"var(--ast-global-color-4)","background-image":"","background-repeat":"repeat","background-position":"center center","background-size":"auto","background-attachment":"scroll","background-type":"","background-media":"","overlay-type":"","overlay-color":"","overlay-opacity":"","overlay-gradient":""},"tablet":{"background-color":"","background-image":"","background-repeat":"repeat","background-position":"center center","background-size":"auto","background-attachment":"scroll","background-type":"","background-media":"","overlay-type":"","overlay-color":"","overlay-opacity":"","overlay-gradient":""},"mobile":{"background-color":"","background-image":"","background-repeat":"repeat","background-position":"center center","background-size":"auto","background-attachment":"scroll","background-type":"","background-media":"","overlay-type":"","overlay-color":"","overlay-opacity":"","overlay-gradient":""}},"ast-content-background-meta":{"desktop":{"background-color":"var(--ast-global-color-5)","background-image":"","background-repeat":"repeat","background-position":"center center","background-size":"auto","background-attachment":"scroll","background-type":"","background-media":"","overlay-type":"","overlay-color":"","overlay-opacity":"","overlay-gradient":""},"tablet":{"background-color":"var(--ast-global-color-5)","background-image":"","background-repeat":"repeat","background-position":"center center","background-size":"auto","background-attachment":"scroll","background-type":"","background-media":"","overlay-type":"","overlay-color":"","overlay-opacity":"","overlay-gradient":""},"mobile":{"background-color":"var(--ast-global-color-5)","background-image":"","background-repeat":"repeat","background-position":"center center","background-size":"auto","background-attachment":"scroll","background-type":"","background-media":"","overlay-type":"","overlay-color":"","overlay-opacity":"","overlay-gradient":""}},"footnotes":""},"class_list":["post-6251","page","type-page","status-publish","hentry"],"acf":[],"_links":{"self":[{"href":"https:\/\/projekt.pociagdokariery.pl\/cms\/wp-json\/wp\/v2\/pages\/6251","targetHints":{"allow":["GET"]}}],"collection":[{"href":"https:\/\/projekt.pociagdokariery.pl\/cms\/wp-json\/wp\/v2\/pages"}],"about":[{"href":"https:\/\/projekt.pociagdokariery.pl\/cms\/wp-json\/wp\/v2\/types\/page"}],"author":[{"embeddable":true,"href":"https:\/\/projekt.pociagdokariery.pl\/cms\/wp-json\/wp\/v2\/users\/4"}],"replies":[{"embeddable":true,"href":"https:\/\/projekt.pociagdokariery.pl\/cms\/wp-json\/wp\/v2\/comments?post=6251"}],"version-history":[{"count":85,"href":"https:\/\/projekt.pociagdokariery.pl\/cms\/wp-json\/wp\/v2\/pages\/6251\/revisions"}],"predecessor-version":[{"id":10914,"href":"https:\/\/projekt.pociagdokariery.pl\/cms\/wp-json\/wp\/v2\/pages\/6251\/revisions\/10914"}],"wp:attachment":[{"href":"https:\/\/projekt.pociagdokariery.pl\/cms\/wp-json\/wp\/v2\/media?parent=6251"}],"curies":[{"name":"wp","href":"https:\/\/api.w.org\/{rel}","templated":true}]}}