{"id":6316,"date":"2024-09-21T23:24:51","date_gmt":"2024-09-21T21:24:51","guid":{"rendered":"https:\/\/projekt.pociagdokariery.pl\/cms\/?page_id=6316"},"modified":"2024-10-03T11:33:49","modified_gmt":"2024-10-03T09:33:49","slug":"bilans-kariery-online","status":"publish","type":"page","link":"https:\/\/projekt.pociagdokariery.pl\/cms\/dla-uczestnika-projektu\/bilans-kariery-online\/","title":{"rendered":"Bilans Kariery Online"},"content":{"rendered":"\t\t<div data-elementor-type=\"wp-page\" data-elementor-id=\"6316\" class=\"elementor elementor-6316\">\n\t\t\t\t<div class=\"elementor-element elementor-element-69fe1c0f e-con-full e-flex e-con e-parent\" data-id=\"69fe1c0f\" data-element_type=\"container\">\n\t\t\t\t<div class=\"elementor-element elementor-element-240212b0 elementor-widget elementor-widget-heading\" data-id=\"240212b0\" data-element_type=\"widget\" data-widget_type=\"heading.default\">\n\t\t\t\t<div class=\"elementor-widget-container\">\n\t\t\t\t\t<h2 class=\"elementor-heading-title elementor-size-default\">Bilans Kariery Online<\/h2>\t\t\t\t<\/div>\n\t\t\t\t<\/div>\n\t\t\t\t<div class=\"elementor-element elementor-element-1816c7d7 elementor-widget-divider--view-line elementor-widget elementor-widget-divider\" data-id=\"1816c7d7\" data-element_type=\"widget\" data-widget_type=\"divider.default\">\n\t\t\t\t<div class=\"elementor-widget-container\">\n\t\t\t\t\t\t\t<div class=\"elementor-divider\">\n\t\t\t<span class=\"elementor-divider-separator\">\n\t\t\t\t\t\t<\/span>\n\t\t<\/div>\n\t\t\t\t\t\t<\/div>\n\t\t\t\t<\/div>\n\t\t\t\t<div class=\"elementor-element elementor-element-210d4645 elementor-widget elementor-widget-text-editor\" data-id=\"210d4645\" data-element_type=\"widget\" data-widget_type=\"text-editor.default\">\n\t\t\t\t<div class=\"elementor-widget-container\">\n\t\t\t\t\t\t\t\t\t<p>Data publikacji: 2024-05-09<\/p>\t\t\t\t\t\t\t\t<\/div>\n\t\t\t\t<\/div>\n\t\t\t\t<\/div>\n\t\t<div class=\"elementor-element elementor-element-17c33e95 e-flex e-con-boxed e-con e-parent\" data-id=\"17c33e95\" data-element_type=\"container\" data-settings=\"{&quot;background_background&quot;:&quot;classic&quot;}\">\n\t\t\t\t\t<div class=\"e-con-inner\">\n\t\t<div class=\"elementor-element elementor-element-7fbaf25b e-con-full e-flex e-con e-child\" data-id=\"7fbaf25b\" data-element_type=\"container\">\n\t\t\t\t<div class=\"elementor-element elementor-element-27d2fa81 elementor-widget elementor-widget-heading\" data-id=\"27d2fa81\" data-element_type=\"widget\" data-widget_type=\"heading.default\">\n\t\t\t\t<div class=\"elementor-widget-container\">\n\t\t\t\t\t<h3 class=\"elementor-heading-title elementor-size-default\"><p style=\"font-size: 54px;line-height: 1.;margin-top: 20px\">Czym jest <\/p>\n<p style=\"font-size: 54px;line-height: 1.1;margin-bottom: 20px\">Bilans Kariery Online?<\/p><\/h3>\t\t\t\t<\/div>\n\t\t\t\t<\/div>\n\t\t\t\t<div class=\"elementor-element elementor-element-19c51ac1 elementor-widget elementor-widget-heading\" data-id=\"19c51ac1\" data-element_type=\"widget\" data-widget_type=\"heading.default\">\n\t\t\t\t<div class=\"elementor-widget-container\">\n\t\t\t\t\t<h4 class=\"elementor-heading-title elementor-size-default\">Bilans Kariery Online \u2013 to us\u0142uga doradztwa zawodowego online, kt\u00f3ra pomo\u017ce Ci:<\/h4>\t\t\t\t<\/div>\n\t\t\t\t<\/div>\n\t\t\t\t<div class=\"elementor-element elementor-element-108a2943 elementor-widget elementor-widget-text-editor\" data-id=\"108a2943\" data-element_type=\"widget\" data-widget_type=\"text-editor.default\">\n\t\t\t\t<div class=\"elementor-widget-container\">\n\t\t\t\t\t\t\t\t\t<ul><li>zaprojektowa\u0107 nast\u0119pny krok w rozwoju zawodowym, opartym o Twoje dotychczasowe umiej\u0119tno\u015bci i plany zawodowe,<\/li><li>zdoby\u0107 nowe umiej\u0119tno\u015bci lub kwalifikacje (certyfikaty) z uzyskaniem dofinansowania ze \u015brodk\u00f3w unijnych za pomoc\u0105 pakietu bon\u00f3w szkoleniowych,<\/li><li>zorientowa\u0107 si\u0119 w wyzwaniach wsp\u00f3\u0142czesnego i przysz\u0142ego rynku pracy oraz wymaganiach w zakresie takich kompetencji jakich b\u0119dzie wymaga\u0142 rynek pracy z nowymi technologiami,<\/li><li>podj\u0105\u0107 racjonaln\u0105 decyzji co do rozwoju kompetencji zawodowych.<\/li><\/ul>\t\t\t\t\t\t\t\t<\/div>\n\t\t\t\t<\/div>\n\t\t\t\t<div class=\"elementor-element elementor-element-764583ce elementor-widget elementor-widget-text-editor\" data-id=\"764583ce\" data-element_type=\"widget\" data-widget_type=\"text-editor.default\">\n\t\t\t\t<div class=\"elementor-widget-container\">\n\t\t\t\t\t\t\t\t\t<p><strong>To bardzo wa\u017cny i obowi\u0105zkowy etap dla ka\u017cdego Uczestnika.<\/strong><\/p>\t\t\t\t\t\t\t\t<\/div>\n\t\t\t\t<\/div>\n\t\t\t\t<div class=\"elementor-element elementor-element-3fa85444 elementor-widget elementor-widget-text-editor\" data-id=\"3fa85444\" data-element_type=\"widget\" data-widget_type=\"text-editor.default\">\n\t\t\t\t<div class=\"elementor-widget-container\">\n\t\t\t\t\t\t\t\t\t<p>Dost\u0119p do tej us\u0142ugi otrzymasz mailowo, po poprawnym zako\u0144czeniu procesu rekrutacji i kolejne etapy projektu (w tym BKO) b\u0119dziesz realizowa\u0107 ju\u017c w Panelu Klienta. Na zako\u0144czenie Bilansu Kariery Online zostanie wygenerowana Informacja Zwrotna, zawieraj\u0105ca podsumowanie Twojej autoanalizy i samooceny.<\/p>\t\t\t\t\t\t\t\t<\/div>\n\t\t\t\t<\/div>\n\t\t\t\t<\/div>\n\t\t<div class=\"elementor-element elementor-element-9993fbc e-con-full e-flex e-con e-child\" data-id=\"9993fbc\" data-element_type=\"container\">\n\t\t\t\t<div class=\"elementor-element elementor-element-66fdfc31 elementor-widget elementor-widget-image\" data-id=\"66fdfc31\" data-element_type=\"widget\" data-widget_type=\"image.default\">\n\t\t\t\t<div class=\"elementor-widget-container\">\n\t\t\t\t\t\t\t\t\t\t\t\t\t\t\t<img fetchpriority=\"high\" decoding=\"async\" width=\"1024\" height=\"819\" src=\"https:\/\/projekt.pociagdokariery.pl\/cms\/wp-content\/uploads\/2024\/09\/bekao-1024x819.png\" class=\"attachment-large size-large wp-image-6312\" alt=\"Kwadraty z napisem BKO\" srcset=\"https:\/\/projekt.pociagdokariery.pl\/cms\/wp-content\/uploads\/2024\/09\/bekao-1024x819.png 1024w, https:\/\/projekt.pociagdokariery.pl\/cms\/wp-content\/uploads\/2024\/09\/bekao-300x240.png 300w, https:\/\/projekt.pociagdokariery.pl\/cms\/wp-content\/uploads\/2024\/09\/bekao-768x615.png 768w, https:\/\/projekt.pociagdokariery.pl\/cms\/wp-content\/uploads\/2024\/09\/bekao-1536x1229.png 1536w, https:\/\/projekt.pociagdokariery.pl\/cms\/wp-content\/uploads\/2024\/09\/bekao-2048x1639.png 2048w\" sizes=\"(max-width: 1024px) 100vw, 1024px\" \/>\t\t\t\t\t\t\t\t\t\t\t\t\t\t\t<\/div>\n\t\t\t\t<\/div>\n\t\t\t\t<\/div>\n\t\t<div class=\"elementor-element elementor-element-24a03386 e-con-full e-flex e-con e-child\" data-id=\"24a03386\" data-element_type=\"container\">\n\t\t\t\t<div class=\"elementor-element elementor-element-20efb4d6 elementor-widget-mobile__width-inherit elementor-widget elementor-widget-text-editor\" data-id=\"20efb4d6\" data-element_type=\"widget\" data-widget_type=\"text-editor.default\">\n\t\t\t\t<div class=\"elementor-widget-container\">\n\t\t\t\t\t\t\t\t\t<blockquote>Je\u017celi b\u0119dziesz potrzebowa\u0107 jakiej\u015b dodatkowej informacji lub wsparcia, mo\u017cesz skontaktowa\u0107 si\u0119 z nami przez Panel Klienta, gdzie w Formularzu kontaktowym wybierzesz temat, w kt\u00f3rym chcesz uzyska\u0107 pomoc lub zapiszesz si\u0119 na konsultacje z doradc\u0105, kt\u00f3ry w kr\u00f3tkiej rozmowie rozwieje Twoje w\u0105tpliwo\u015bci.<\/blockquote>\t\t\t\t\t\t\t\t<\/div>\n\t\t\t\t<\/div>\n\t\t\t\t<\/div>\n\t\t\t\t\t<\/div>\n\t\t\t\t<\/div>\n\t\t<div class=\"elementor-element elementor-element-741dcb38 elementor-hidden-mobile e-flex e-con-boxed e-con e-parent\" data-id=\"741dcb38\" data-element_type=\"container\" data-settings=\"{&quot;background_background&quot;:&quot;classic&quot;}\">\n\t\t\t\t\t<div class=\"e-con-inner\">\n\t\t\t\t<div class=\"elementor-element elementor-element-f1ccfc6 elementor-widget elementor-widget-spacer\" data-id=\"f1ccfc6\" data-element_type=\"widget\" data-widget_type=\"spacer.default\">\n\t\t\t\t<div class=\"elementor-widget-container\">\n\t\t\t\t\t\t\t<div class=\"elementor-spacer\">\n\t\t\t<div class=\"elementor-spacer-inner\"><\/div>\n\t\t<\/div>\n\t\t\t\t\t\t<\/div>\n\t\t\t\t<\/div>\n\t\t\t\t\t<\/div>\n\t\t\t\t<\/div>\n\t\t<div class=\"elementor-element elementor-element-753990e8 e-flex e-con-boxed e-con e-parent\" data-id=\"753990e8\" data-element_type=\"container\">\n\t\t\t\t\t<div class=\"e-con-inner\">\n\t\t\t\t<div class=\"elementor-element elementor-element-514f9725 elementor-widget elementor-widget-heading\" data-id=\"514f9725\" data-element_type=\"widget\" data-widget_type=\"heading.default\">\n\t\t\t\t<div class=\"elementor-widget-container\">\n\t\t\t\t\t<h4 class=\"elementor-heading-title elementor-size-default\">Bilans Kariery Online sk\u0142ada si\u0119 z 2 etap\u00f3w.<\/h4>\t\t\t\t<\/div>\n\t\t\t\t<\/div>\n\t\t\t\t\t<\/div>\n\t\t\t\t<\/div>\n\t\t<div class=\"elementor-element elementor-element-38874c37 e-flex e-con-boxed e-con e-parent\" data-id=\"38874c37\" data-element_type=\"container\">\n\t\t\t\t\t<div class=\"e-con-inner\">\n\t\t<div class=\"elementor-element elementor-element-5f80bb01 e-con-full e-flex e-con e-child\" data-id=\"5f80bb01\" data-element_type=\"container\">\n\t\t\t\t<div class=\"elementor-element elementor-element-593411f1 elementor-view-default elementor-widget elementor-widget-icon\" data-id=\"593411f1\" data-element_type=\"widget\" data-widget_type=\"icon.default\">\n\t\t\t\t<div class=\"elementor-widget-container\">\n\t\t\t\t\t\t\t<div class=\"elementor-icon-wrapper\">\n\t\t\t<div class=\"elementor-icon\">\n\t\t\t<svg aria-hidden=\"true\" class=\"e-font-icon-svg e-fas-search-plus\" viewBox=\"0 0 512 512\" xmlns=\"http:\/\/www.w3.org\/2000\/svg\"><path d=\"M304 192v32c0 6.6-5.4 12-12 12h-56v56c0 6.6-5.4 12-12 12h-32c-6.6 0-12-5.4-12-12v-56h-56c-6.6 0-12-5.4-12-12v-32c0-6.6 5.4-12 12-12h56v-56c0-6.6 5.4-12 12-12h32c6.6 0 12 5.4 12 12v56h56c6.6 0 12 5.4 12 12zm201 284.7L476.7 505c-9.4 9.4-24.6 9.4-33.9 0L343 405.3c-4.5-4.5-7-10.6-7-17V372c-35.3 27.6-79.7 44-128 44C93.1 416 0 322.9 0 208S93.1 0 208 0s208 93.1 208 208c0 48.3-16.4 92.7-44 128h16.3c6.4 0 12.5 2.5 17 7l99.7 99.7c9.3 9.4 9.3 24.6 0 34zM344 208c0-75.2-60.8-136-136-136S72 132.8 72 208s60.8 136 136 136 136-60.8 136-136z\"><\/path><\/svg>\t\t\t<\/div>\n\t\t<\/div>\n\t\t\t\t\t\t<\/div>\n\t\t\t\t<\/div>\n\t\t\t\t<\/div>\n\t\t<div class=\"elementor-element elementor-element-72b3167 e-con-full e-flex e-con e-child\" data-id=\"72b3167\" data-element_type=\"container\">\n\t\t\t\t<div class=\"elementor-element elementor-element-249fe580 elementor-widget elementor-widget-text-editor\" data-id=\"249fe580\" data-element_type=\"widget\" data-widget_type=\"text-editor.default\">\n\t\t\t\t<div class=\"elementor-widget-container\">\n\t\t\t\t\t\t\t\t\t<p><strong>W pierwszym<\/strong> etapie dokonasz autoanalizy <br \/>i uzupe\u0142nisz swoj\u0105 histori\u0119 edukacyjno-zawodow\u0105<\/p>\t\t\t\t\t\t\t\t<\/div>\n\t\t\t\t<\/div>\n\t\t\t\t<\/div>\n\t\t\t\t\t<\/div>\n\t\t\t\t<\/div>\n\t\t<div class=\"elementor-element elementor-element-138355d5 e-flex e-con-boxed e-con e-parent\" data-id=\"138355d5\" data-element_type=\"container\">\n\t\t\t\t\t<div class=\"e-con-inner\">\n\t\t<div class=\"elementor-element elementor-element-241943c3 e-con-full e-flex e-con e-child\" data-id=\"241943c3\" data-element_type=\"container\">\n\t\t\t\t<div class=\"elementor-element elementor-element-42cf4925 elementor-view-default elementor-widget elementor-widget-icon\" data-id=\"42cf4925\" data-element_type=\"widget\" data-widget_type=\"icon.default\">\n\t\t\t\t<div class=\"elementor-widget-container\">\n\t\t\t\t\t\t\t<div class=\"elementor-icon-wrapper\">\n\t\t\t<div class=\"elementor-icon\">\n\t\t\t<svg aria-hidden=\"true\" class=\"e-font-icon-svg e-fas-street-view\" viewBox=\"0 0 512 512\" xmlns=\"http:\/\/www.w3.org\/2000\/svg\"><path d=\"M367.9 329.76c-4.62 5.3-9.78 10.1-15.9 13.65v22.94c66.52 9.34 112 28.05 112 49.65 0 30.93-93.12 56-208 56S48 446.93 48 416c0-21.6 45.48-40.3 112-49.65v-22.94c-6.12-3.55-11.28-8.35-15.9-13.65C58.87 345.34 0 378.05 0 416c0 53.02 114.62 96 256 96s256-42.98 256-96c0-37.95-58.87-70.66-144.1-86.24zM256 128c35.35 0 64-28.65 64-64S291.35 0 256 0s-64 28.65-64 64 28.65 64 64 64zm-64 192v96c0 17.67 14.33 32 32 32h64c17.67 0 32-14.33 32-32v-96c17.67 0 32-14.33 32-32v-96c0-26.51-21.49-48-48-48h-11.8c-11.07 5.03-23.26 8-36.2 8s-25.13-2.97-36.2-8H208c-26.51 0-48 21.49-48 48v96c0 17.67 14.33 32 32 32z\"><\/path><\/svg>\t\t\t<\/div>\n\t\t<\/div>\n\t\t\t\t\t\t<\/div>\n\t\t\t\t<\/div>\n\t\t\t\t<\/div>\n\t\t<div class=\"elementor-element elementor-element-57922074 e-con-full e-flex e-con e-child\" data-id=\"57922074\" data-element_type=\"container\">\n\t\t\t\t<div class=\"elementor-element elementor-element-5c49c2a2 elementor-widget elementor-widget-text-editor\" data-id=\"5c49c2a2\" data-element_type=\"widget\" data-widget_type=\"text-editor.default\">\n\t\t\t\t<div class=\"elementor-widget-container\">\n\t\t\t\t\t\t\t\t\t<p><strong>W drugim<\/strong> etapie dokonasz samooceny wybranych umiej\u0119tno\u015bci og\u00f3lnych oraz zawodowych, <br \/>a w trakcie b\u0119dziesz mie\u0107 mo\u017cliwo\u015b\u0107 poznania trend\u00f3w na rynku pracy, kompetencji przysz\u0142o\u015bci, <br \/>kompetencji cyfrowych i zielonych kompetencji.<\/p>\t\t\t\t\t\t\t\t<\/div>\n\t\t\t\t<\/div>\n\t\t\t\t<\/div>\n\t\t\t\t\t<\/div>\n\t\t\t\t<\/div>\n\t\t<div class=\"elementor-element elementor-element-621fa286 e-flex e-con-boxed e-con e-parent\" data-id=\"621fa286\" data-element_type=\"container\">\n\t\t\t\t\t<div class=\"e-con-inner\">\n\t\t<div class=\"elementor-element elementor-element-55fd776b e-con-full e-flex e-con e-child\" data-id=\"55fd776b\" data-element_type=\"container\">\n\t\t\t\t<div class=\"elementor-element elementor-element-9b79c2f elementor-view-default elementor-widget elementor-widget-icon\" data-id=\"9b79c2f\" data-element_type=\"widget\" data-widget_type=\"icon.default\">\n\t\t\t\t<div class=\"elementor-widget-container\">\n\t\t\t\t\t\t\t<div class=\"elementor-icon-wrapper\">\n\t\t\t<div class=\"elementor-icon\">\n\t\t\t<svg aria-hidden=\"true\" class=\"e-font-icon-svg e-fas-arrows-alt\" viewBox=\"0 0 512 512\" xmlns=\"http:\/\/www.w3.org\/2000\/svg\"><path d=\"M352.201 425.775l-79.196 79.196c-9.373 9.373-24.568 9.373-33.941 0l-79.196-79.196c-15.119-15.119-4.411-40.971 16.971-40.97h51.162L228 284H127.196v51.162c0 21.382-25.851 32.09-40.971 16.971L7.029 272.937c-9.373-9.373-9.373-24.569 0-33.941L86.225 159.8c15.119-15.119 40.971-4.411 40.971 16.971V228H228V127.196h-51.23c-21.382 0-32.09-25.851-16.971-40.971l79.196-79.196c9.373-9.373 24.568-9.373 33.941 0l79.196 79.196c15.119 15.119 4.411 40.971-16.971 40.971h-51.162V228h100.804v-51.162c0-21.382 25.851-32.09 40.97-16.971l79.196 79.196c9.373 9.373 9.373 24.569 0 33.941L425.773 352.2c-15.119 15.119-40.971 4.411-40.97-16.971V284H284v100.804h51.23c21.382 0 32.09 25.851 16.971 40.971z\"><\/path><\/svg>\t\t\t<\/div>\n\t\t<\/div>\n\t\t\t\t\t\t<\/div>\n\t\t\t\t<\/div>\n\t\t\t\t<\/div>\n\t\t<div class=\"elementor-element elementor-element-2a6bb675 e-con-full e-flex e-con e-child\" data-id=\"2a6bb675\" data-element_type=\"container\">\n\t\t\t\t<div class=\"elementor-element elementor-element-74b9ec82 elementor-widget elementor-widget-text-editor\" data-id=\"74b9ec82\" data-element_type=\"widget\" data-widget_type=\"text-editor.default\">\n\t\t\t\t<div class=\"elementor-widget-container\">\n\t\t\t\t\t\t\t\t\t<p><strong>Nast\u0119pnie<\/strong> dokonasz wyboru Twojej dalszej \u015bcie\u017cki w projekcie.<\/p>\t\t\t\t\t\t\t\t<\/div>\n\t\t\t\t<\/div>\n\t\t\t\t<\/div>\n\t\t\t\t\t<\/div>\n\t\t\t\t<\/div>\n\t\t<div class=\"elementor-element elementor-element-50c24a34 e-flex e-con-boxed e-con e-parent\" data-id=\"50c24a34\" data-element_type=\"container\">\n\t\t\t\t\t<div class=\"e-con-inner\">\n\t\t<div class=\"elementor-element elementor-element-3f216c29 e-con-full e-flex e-con e-child\" data-id=\"3f216c29\" data-element_type=\"container\" data-settings=\"{&quot;background_background&quot;:&quot;classic&quot;}\">\n\t\t\t\t<\/div>\n\t\t<div class=\"elementor-element elementor-element-2e9435c3 e-con-full e-flex e-con e-child\" data-id=\"2e9435c3\" data-element_type=\"container\">\n\t\t\t\t<div class=\"elementor-element elementor-element-3f1cafd0 elementor-widget elementor-widget-text-editor\" data-id=\"3f1cafd0\" data-element_type=\"widget\" data-widget_type=\"text-editor.default\">\n\t\t\t\t<div class=\"elementor-widget-container\">\n\t\t\t\t\t\t\t\t\t<p>Zdecydujesz, czy skorzystasz:<\/p><ul><li>z bon\u00f3w szkoleniowych na us\u0142ugi: szkoleniowe, egzaminy, studia podyplomowe, walidacj\u0119 i certyfikacj\u0119 oraz coaching i mentoring;<\/li><li>z jednej ze specjalistycznych us\u0142ug doradczych (Bilans kompetencji pog\u0142\u0119biony; Assessment Center\/Development Center (AC\/DC); Doradztwo zawodowe z elementami coachingu; Warsztaty kompetencji mi\u0119kkich)\u00a0<\/li><li>z obu powy\u017cszych mo\u017cliwo\u015bci<\/li><\/ul>\t\t\t\t\t\t\t\t<\/div>\n\t\t\t\t<\/div>\n\t\t\t\t<\/div>\n\t\t\t\t\t<\/div>\n\t\t\t\t<\/div>\n\t\t<div class=\"elementor-element elementor-element-1455316 e-flex e-con-boxed e-con e-parent\" data-id=\"1455316\" data-element_type=\"container\" data-settings=\"{&quot;background_background&quot;:&quot;classic&quot;}\">\n\t\t\t\t\t<div class=\"e-con-inner\">\n\t\t<div class=\"elementor-element elementor-element-c486d1d e-con-full e-flex e-con e-child\" data-id=\"c486d1d\" data-element_type=\"container\">\n\t\t\t\t<\/div>\n\t\t<div class=\"elementor-element elementor-element-09667db e-con-full e-flex e-con e-child\" data-id=\"09667db\" data-element_type=\"container\">\n\t\t\t\t<div class=\"elementor-element elementor-element-5055e12b elementor-widget elementor-widget-text-editor\" data-id=\"5055e12b\" data-element_type=\"widget\" data-widget_type=\"text-editor.default\">\n\t\t\t\t<div class=\"elementor-widget-container\">\n\t\t\t\t\t\t\t\t\t<p>Kr\u00f3tk\u0105 charakterystyk\u0119 specjalistycznych us\u0142ug doradczych, kt\u00f3ra u\u0142atwi Ci podj\u0119cie decyzji, znajdziesz w artykule <a href=\"\/cms\/specjalistyczne-uslugi-doradcze\/\">\u201cSpecjalistyczne us\u0142ugi doradcze\u201d<\/a>.<\/p>\t\t\t\t\t\t\t\t<\/div>\n\t\t\t\t<\/div>\n\t\t\t\t<div class=\"elementor-element elementor-element-497e1cd4 elementor-widget elementor-widget-text-editor\" data-id=\"497e1cd4\" data-element_type=\"widget\" data-widget_type=\"text-editor.default\">\n\t\t\t\t<div class=\"elementor-widget-container\">\n\t\t\t\t\t\t\t\t\t<p><strong>Pami\u0119taj, \u017ce mo\u017cesz bezp\u0142atnie skorzysta\u0107 z jednej z nich.<\/strong><\/p>\t\t\t\t\t\t\t\t<\/div>\n\t\t\t\t<\/div>\n\t\t\t\t<\/div>\n\t\t\t\t\t<\/div>\n\t\t\t\t<\/div>\n\t\t<div class=\"elementor-element elementor-element-44854a83 e-flex e-con-boxed e-con e-parent\" data-id=\"44854a83\" data-element_type=\"container\">\n\t\t\t\t\t<div class=\"e-con-inner\">\n\t\t<div class=\"elementor-element elementor-element-791e33aa e-con-full e-flex e-con e-child\" data-id=\"791e33aa\" data-element_type=\"container\">\n\t\t\t\t<div class=\"elementor-element elementor-element-194a0576 e-grid-align-left elementor-shape-rounded elementor-grid-0 elementor-widget elementor-widget-social-icons\" data-id=\"194a0576\" data-element_type=\"widget\" data-widget_type=\"social-icons.default\">\n\t\t\t\t<div class=\"elementor-widget-container\">\n\t\t\t\t\t\t\t<div class=\"elementor-social-icons-wrapper elementor-grid\">\n\t\t\t\t\t\t\t<span class=\"elementor-grid-item\">\n\t\t\t\t\t<a class=\"elementor-icon elementor-social-icon elementor-social-icon-share-alt elementor-repeater-item-0db8a3f\" target=\"_blank\">\n\t\t\t\t\t\t<span class=\"elementor-screen-only\">Share-alt<\/span>\n\t\t\t\t\t\t<svg class=\"e-font-icon-svg e-fas-share-alt\" viewBox=\"0 0 448 512\" xmlns=\"http:\/\/www.w3.org\/2000\/svg\"><path d=\"M352 320c-22.608 0-43.387 7.819-59.79 20.895l-102.486-64.054a96.551 96.551 0 0 0 0-41.683l102.486-64.054C308.613 184.181 329.392 192 352 192c53.019 0 96-42.981 96-96S405.019 0 352 0s-96 42.981-96 96c0 7.158.79 14.13 2.276 20.841L155.79 180.895C139.387 167.819 118.608 160 96 160c-53.019 0-96 42.981-96 96s42.981 96 96 96c22.608 0 43.387-7.819 59.79-20.895l102.486 64.054A96.301 96.301 0 0 0 256 416c0 53.019 42.981 96 96 96s96-42.981 96-96-42.981-96-96-96z\"><\/path><\/svg>\t\t\t\t\t<\/a>\n\t\t\t\t<\/span>\n\t\t\t\t\t<\/div>\n\t\t\t\t\t\t<\/div>\n\t\t\t\t<\/div>\n\t\t\t\t<\/div>\n\t\t<div class=\"elementor-element elementor-element-39eb778 e-con-full e-flex e-con e-child\" data-id=\"39eb778\" data-element_type=\"container\">\n\t\t\t\t<\/div>\n\t\t\t\t\t<\/div>\n\t\t\t\t<\/div>\n\t\t\t\t<\/div>\n\t\t","protected":false},"excerpt":{"rendered":"<p>Bilans Kariery Online Data publikacji: 2024-05-09 Czym jest Bilans Kariery Online? Bilans Kariery Online \u2013 to us\u0142uga doradztwa zawodowego online, kt\u00f3ra pomo\u017ce Ci: zaprojektowa\u0107 nast\u0119pny krok w rozwoju zawodowym, opartym o Twoje dotychczasowe umiej\u0119tno\u015bci i plany zawodowe, zdoby\u0107 nowe umiej\u0119tno\u015bci lub kwalifikacje (certyfikaty) z uzyskaniem dofinansowania ze \u015brodk\u00f3w unijnych za pomoc\u0105 pakietu bon\u00f3w szkoleniowych, zorientowa\u0107 [&hellip;]<\/p>\n","protected":false},"author":4,"featured_media":0,"parent":2434,"menu_order":0,"comment_status":"closed","ping_status":"closed","template":"","meta":{"_acf_changed":false,"site-sidebar-layout":"no-sidebar","site-content-layout":"page-builder","ast-site-content-layout":"full-width-container","site-content-style":"default","site-sidebar-style":"default","ast-global-header-display":"","ast-banner-title-visibility":"","ast-main-header-display":"","ast-hfb-above-header-display":"","ast-hfb-below-header-display":"","ast-hfb-mobile-header-display":"","site-post-title":"disabled","ast-breadcrumbs-content":"","ast-featured-img":"disabled","footer-sml-layout":"","theme-transparent-header-meta":"","adv-header-id-meta":"","stick-header-meta":"","header-above-stick-meta":"","header-main-stick-meta":"","header-below-stick-meta":"","astra-migrate-meta-layouts":"set","ast-page-background-enabled":"default","ast-page-background-meta":{"desktop":{"background-color":"var(--ast-global-color-4)","background-image":"","background-repeat":"repeat","background-position":"center center","background-size":"auto","background-attachment":"scroll","background-type":"","background-media":"","overlay-type":"","overlay-color":"","overlay-opacity":"","overlay-gradient":""},"tablet":{"background-color":"","background-image":"","background-repeat":"repeat","background-position":"center center","background-size":"auto","background-attachment":"scroll","background-type":"","background-media":"","overlay-type":"","overlay-color":"","overlay-opacity":"","overlay-gradient":""},"mobile":{"background-color":"","background-image":"","background-repeat":"repeat","background-position":"center center","background-size":"auto","background-attachment":"scroll","background-type":"","background-media":"","overlay-type":"","overlay-color":"","overlay-opacity":"","overlay-gradient":""}},"ast-content-background-meta":{"desktop":{"background-color":"var(--ast-global-color-5)","background-image":"","background-repeat":"repeat","background-position":"center center","background-size":"auto","background-attachment":"scroll","background-type":"","background-media":"","overlay-type":"","overlay-color":"","overlay-opacity":"","overlay-gradient":""},"tablet":{"background-color":"var(--ast-global-color-5)","background-image":"","background-repeat":"repeat","background-position":"center center","background-size":"auto","background-attachment":"scroll","background-type":"","background-media":"","overlay-type":"","overlay-color":"","overlay-opacity":"","overlay-gradient":""},"mobile":{"background-color":"var(--ast-global-color-5)","background-image":"","background-repeat":"repeat","background-position":"center center","background-size":"auto","background-attachment":"scroll","background-type":"","background-media":"","overlay-type":"","overlay-color":"","overlay-opacity":"","overlay-gradient":""}},"footnotes":""},"class_list":["post-6316","page","type-page","status-publish","hentry"],"acf":[],"_links":{"self":[{"href":"https:\/\/projekt.pociagdokariery.pl\/cms\/wp-json\/wp\/v2\/pages\/6316","targetHints":{"allow":["GET"]}}],"collection":[{"href":"https:\/\/projekt.pociagdokariery.pl\/cms\/wp-json\/wp\/v2\/pages"}],"about":[{"href":"https:\/\/projekt.pociagdokariery.pl\/cms\/wp-json\/wp\/v2\/types\/page"}],"author":[{"embeddable":true,"href":"https:\/\/projekt.pociagdokariery.pl\/cms\/wp-json\/wp\/v2\/users\/4"}],"replies":[{"embeddable":true,"href":"https:\/\/projekt.pociagdokariery.pl\/cms\/wp-json\/wp\/v2\/comments?post=6316"}],"version-history":[{"count":40,"href":"https:\/\/projekt.pociagdokariery.pl\/cms\/wp-json\/wp\/v2\/pages\/6316\/revisions"}],"predecessor-version":[{"id":7230,"href":"https:\/\/projekt.pociagdokariery.pl\/cms\/wp-json\/wp\/v2\/pages\/6316\/revisions\/7230"}],"up":[{"embeddable":true,"href":"https:\/\/projekt.pociagdokariery.pl\/cms\/wp-json\/wp\/v2\/pages\/2434"}],"wp:attachment":[{"href":"https:\/\/projekt.pociagdokariery.pl\/cms\/wp-json\/wp\/v2\/media?parent=6316"}],"curies":[{"name":"wp","href":"https:\/\/api.w.org\/{rel}","templated":true}]}}