{"id":6354,"date":"2024-09-22T21:09:41","date_gmt":"2024-09-22T19:09:41","guid":{"rendered":"https:\/\/projekt.pociagdokariery.pl\/cms\/?page_id=6354"},"modified":"2026-02-18T13:31:31","modified_gmt":"2026-02-18T12:31:31","slug":"szczegoly-naszej-oferty","status":"publish","type":"page","link":"https:\/\/projekt.pociagdokariery.pl\/cms\/szczegoly-naszej-oferty\/","title":{"rendered":"Szczeg\u00f3\u0142y naszej oferty"},"content":{"rendered":"\t\t<div data-elementor-type=\"wp-page\" data-elementor-id=\"6354\" class=\"elementor elementor-6354\">\n\t\t\t\t<div class=\"elementor-element elementor-element-71e44b67 e-con-full e-flex e-con e-parent\" data-id=\"71e44b67\" data-element_type=\"container\" data-e-type=\"container\">\n\t\t\t\t<div class=\"elementor-element elementor-element-13bcb8e1 elementor-widget elementor-widget-heading\" data-id=\"13bcb8e1\" data-element_type=\"widget\" data-e-type=\"widget\" data-widget_type=\"heading.default\">\n\t\t\t\t<div class=\"elementor-widget-container\">\n\t\t\t\t\t<h2 class=\"elementor-heading-title elementor-size-default\">Szczeg\u00f3\u0142y naszej oferty<\/h2>\t\t\t\t<\/div>\n\t\t\t\t<\/div>\n\t\t\t\t<div class=\"elementor-element elementor-element-123100d0 elementor-widget-divider--view-line elementor-widget elementor-widget-divider\" data-id=\"123100d0\" data-element_type=\"widget\" data-e-type=\"widget\" data-widget_type=\"divider.default\">\n\t\t\t\t<div class=\"elementor-widget-container\">\n\t\t\t\t\t\t\t<div class=\"elementor-divider\">\n\t\t\t<span class=\"elementor-divider-separator\">\n\t\t\t\t\t\t<\/span>\n\t\t<\/div>\n\t\t\t\t\t\t<\/div>\n\t\t\t\t<\/div>\n\t\t\t\t<div class=\"elementor-element elementor-element-18332b67 elementor-widget elementor-widget-text-editor\" data-id=\"18332b67\" data-element_type=\"widget\" data-e-type=\"widget\" data-widget_type=\"text-editor.default\">\n\t\t\t\t<div class=\"elementor-widget-container\">\n\t\t\t\t\t\t\t\t\t<p>Data publikacji: 2024-04-22<br \/>Data modyfikacji: 2025-09-02<\/p>\t\t\t\t\t\t\t\t<\/div>\n\t\t\t\t<\/div>\n\t\t\t\t<\/div>\n\t\t<div class=\"elementor-element elementor-element-1119356 e-flex e-con-boxed e-con e-parent\" data-id=\"1119356\" data-element_type=\"container\" data-e-type=\"container\">\n\t\t\t\t\t<div class=\"e-con-inner\">\n\t\t\t\t<div class=\"elementor-element elementor-element-29aefb33 elementor-widget elementor-widget-text-editor\" data-id=\"29aefb33\" data-element_type=\"widget\" data-e-type=\"widget\" data-widget_type=\"text-editor.default\">\n\t\t\t\t<div class=\"elementor-widget-container\">\n\t\t\t\t\t\t\t\t\t<div><p><strong>\u201eMa\u0142opolski poci\u0105g do kariery \u2013 sezon1\u201d to projekt realizowany przez Wojew\u00f3dzki Urz\u0105d Pracy w Krakowie i wsp\u00f3\u0142finansowany przez Uni\u0119 Europejsk\u0105 ze \u015brodk\u00f3w Europejskiego Funduszu Spo\u0142ecznego Plus.<\/strong><\/p><\/div><p>Wojew\u00f3dzki Urz\u0105d Pracy w Krakowie (WUP Krak\u00f3w) od lat zajmuje si\u0119 tematyk\u0105 uczenia doros\u0142ych, realizuj\u0105c na terenie wojew\u00f3dztwa ma\u0142opolskiego projekty, zadania i przedsi\u0119wzi\u0119cia wspieraj\u0105ce rozw\u00f3j mieszka\u0144c\u00f3w regionu.<\/p>\t\t\t\t\t\t\t\t<\/div>\n\t\t\t\t<\/div>\n\t\t\t\t<div class=\"elementor-element elementor-element-5d2cacce elementor-widget elementor-widget-image\" data-id=\"5d2cacce\" data-element_type=\"widget\" data-e-type=\"widget\" data-widget_type=\"image.default\">\n\t\t\t\t<div class=\"elementor-widget-container\">\n\t\t\t\t\t\t\t\t\t\t\t\t\t\t\t<img fetchpriority=\"high\" decoding=\"async\" width=\"1024\" height=\"720\" src=\"https:\/\/projekt.pociagdokariery.pl\/cms\/wp-content\/uploads\/2024\/06\/v1131_978-1024x720.png\" class=\"attachment-large size-large wp-image-3268\" alt=\"Troje u\u015bmiechni\u0119tych ludzi w r\u00f3\u017cnym wieku, dwie kobiety i m\u0119\u017cczyzna, w strojach roboczych\" srcset=\"https:\/\/projekt.pociagdokariery.pl\/cms\/wp-content\/uploads\/2024\/06\/v1131_978-1024x720.png 1024w, https:\/\/projekt.pociagdokariery.pl\/cms\/wp-content\/uploads\/2024\/06\/v1131_978-300x211.png 300w, https:\/\/projekt.pociagdokariery.pl\/cms\/wp-content\/uploads\/2024\/06\/v1131_978-768x540.png 768w, https:\/\/projekt.pociagdokariery.pl\/cms\/wp-content\/uploads\/2024\/06\/v1131_978.png 1198w\" sizes=\"(max-width: 1024px) 100vw, 1024px\" \/>\t\t\t\t\t\t\t\t\t\t\t\t\t\t\t<\/div>\n\t\t\t\t<\/div>\n\t\t\t\t<div class=\"elementor-element elementor-element-0d48f81 elementor-widget elementor-widget-text-editor\" data-id=\"0d48f81\" data-element_type=\"widget\" data-e-type=\"widget\" data-widget_type=\"text-editor.default\">\n\t\t\t\t<div class=\"elementor-widget-container\">\n\t\t\t\t\t\t\t\t\t<h3>G\u0142\u00f3wne za\u0142o\u017cenia projektu<\/h3><p>Celem projektu jest\u00a0<strong>wsparcie os\u00f3b doros\u0142ych, pracuj\u0105cych,<\/strong>\u00a0kt\u00f3re z w\u0142asnej inicjatywy zainteresowane s\u0105 podniesieniem, nabyciem lub potwierdzeniem nowych umiej\u0119tno\u015bci\/kompetencji. W ofercie projektu s\u0105 zar\u00f3wno us\u0142ugi doradztwa zawodowego, jak i dofinansowanie udzia\u0142u w r\u00f3\u017cnorodnych formach kszta\u0142cenia: kursach, szkoleniach, us\u0142ugach egzaminacyjnych, studiach podyplomowych oraz coachingu i mentoringu (zwanych dalej us\u0142ugami rozwojowymi).<\/p><p><span style=\"font-size: 16px;\">Pierwsz\u0105 form\u0105 wsparcia w projekcie jest\u00a0<a href=\"https:\/\/projekt.pociagdokariery.pl\/cms\/dla-uczestnika-projektu\/bilans-kariery-online\/\">Bilans Kariery Online<\/a>, czyli diagnoza umiej\u0119tno\u015bci i potencja\u0142u zawodowego, realizowana przez Uczestnika samodzielnie lub przy wsparciu doradcy. <\/span><\/p><p><span style=\"font-size: 16px;\">Uczestnicy mog\u0105 skorzysta\u0107 tak\u017ce z jednej z darmowych\u00a0<a href=\"https:\/\/projekt.pociagdokariery.pl\/cms\/dla-uczestnika-projektu\/specjalistyczne-uslugi-doradcze\/\">us\u0142ug specjalistycznych<\/a>, takich jak: Bilans Kompetencji Pog\u0142\u0119biony, Assessment\/Development Center, Coaching Kariery lub warsztat\u00f3w rozwijaj\u0105cych kompetencje mi\u0119kkie: &#8222;Ka\u017cdy ma swoj\u0105 Mark\u0119 osobist\u0105 &#8211; jak wykorzysta\u0107 swoje mo\u017cliwo\u015bci?&#8221;, &#8222;Well-being &#8211; w \u017cyciu i pracy&#8221;, oraz &#8222;Nie daj si\u0119 zaskoczy\u0107, wracaj\u0105c na rynek pracy&#8221;.<\/span><\/p><p>Dodatkowo w projekcie oferujemy dofinansowanie do us\u0142ug rozwojowych w postaci bon\u00f3w szkoleniowych o warto\u015bci\u00a0<strong>5025 z\u0142<\/strong>, przy uwzgl\u0119dnieniu wk\u0142adu w\u0142asnego w wysoko\u015bci\u00a0<strong>502,50 z\u0142<\/strong>\u00a0(wymaga zawarcia stosownej\u00a0<a href=\"https:\/\/projekt.pociagdokariery.pl\/cms\/dokumenty-do-pobrania-dla-uczestnika-projektu\/\" target=\"_blank\" rel=\"noopener\">umowy<\/a>\u00a0z WUP Krak\u00f3w o dofinansowanie us\u0142ug).<\/p><p>Wojew\u00f3dzki Urz\u0105d Pracy w Krakowie nie organizuje szkole\u0144 w projekcie, a jedynie zapewnia dofinansowanie w postaci bon\u00f3w do us\u0142ug rozwojowych, kt\u00f3re Uczestnicy wykorzystuj\u0105 zgodnie ze swoimi potrzebami, samodzielnie dokonuj\u0105c wyboru spo\u015br\u00f3d ofert instytucji szkoleniowych (dostawc\u00f3w us\u0142ug), kt\u00f3re podpisa\u0142y kt\u00f3re podpisa\u0142y Regulamin wsp\u00f3\u0142pracy i rozliczania us\u0142ug z wykorzystaniem elektronicznych bon\u00f3w szkoleniowych w ramach projektu \u201eMa\u0142opolski poci\u0105g do kariery \u2013 sezon 1\u201d (<a href=\"https:\/\/projekt.pociagdokariery.pl\/cms\/lista-du\/\" target=\"_blank\" rel=\"noopener\">lista dostawc\u00f3w us\u0142ug<\/a>, kt\u00f3rzy podpisali regulamin, jest dost\u0119pna w zak\u0142adce <a href=\"https:\/\/projekt.pociagdokariery.pl\/cms\/dla-uczestnika-projektu\/\">&#8222;Dla Uczestnika projektu&#8221;<\/a>). Oferty szkole\u0144\/egzamin\u00f3w s\u0105 zamieszczane w og\u00f3lnopolskiej <a href=\"https:\/\/uslugirozwojowe.parp.gov.pl\/\">Bazie Us\u0142ug Rozwojowych<\/a> (BUR) prowadzonej przez Polsk\u0105 Agencj\u0119 Rozwoju Przedsi\u0119biorczo\u015bci (PARP), st\u0105d konieczno\u015b\u0107 posiadania w niej konta, za pomoc\u0105 kt\u00f3rego nale\u017cy zapisa\u0107 si\u0119 na us\u0142ug\u0119. Szkolenia\/egzaminy do op\u0142acenia naszymi bonami mo\u017cna wybiera\u0107 tylko spo\u015br\u00f3d oferty dost\u0119pnej w tej bazie. Zawiera ona m.in. opis us\u0142ugi, harmonogram zaj\u0119\u0107, stawk\u0119 godzinow\u0105 oraz ca\u0142kowity koszt us\u0142ugi.<\/p><p>Uczestnicy projektu mog\u0105 korzysta\u0107 z dowolnej liczby us\u0142ug zgodnych z potrzebami rozwojowymi ustalonymi w trakcie Bilansu Kariery Online, kt\u00f3re zosta\u0142y uj\u0119te w umowie o dofinansowanie us\u0142ug, w ramach dost\u0119pnego limitu bon\u00f3w (335 bon\u00f3w). Opr\u00f3cz og\u00f3lnego limitu bon\u00f3w us\u0142ugi rozwojowe posiadaj\u0105 maksymalny limit dofinansowania za godzin\u0119 szkoleniow\u0105, przekroczenie kt\u00f3rego powoduje konieczno\u015b\u0107 dop\u0142aty do ka\u017cdej godziny szkoleniowej ze \u015brodk\u00f3w w\u0142asnych Uczestnika. Limity dofinansowania okre\u015bla\u00a0<a href=\"https:\/\/projekt.pociagdokariery.pl\/storage\/shares\/Ma\u0142opolski poci\u0105g do kariery - sezon 1\/Regulamin_MP_dla_rekrutacji_od_19.02.2026.pdf\" target=\"_blank\" rel=\"noopener\" data-wplink-url-error=\"true\">Regulamin projektu<\/a>.<\/p><p><strong>W rekrutacji do<\/strong> do projektu \u201eMa\u0142opolski poci\u0105g do kariery \u2013 sezon 1\u2033 mamy miejsce dla 15630 os\u00f3b. Dla os\u00f3b w wieku 18\u201324 lata posiadamy maksymalnie 3126 miejsc. Dla os\u00f3b powy\u017cej 25. roku \u017cycia mamy 12504 miejsca.<br \/>Gwarantujemy:<\/p><ul><li>co najmniej 3500 miejsc dla kobiet powy\u017cej 18. roku \u017cycia z wykszta\u0142ceniem maksymalnie policealnym,<\/li><li>co najmniej 500 miejsc dla os\u00f3b z niepe\u0142nosprawno\u015bciami, kt\u00f3re nie musz\u0105 by\u0107 osobami pracuj\u0105cymi,<\/li><li>co najmniej 1000 miejsc dla os\u00f3b po 50. roku \u017cycia.<\/li><\/ul><p>Terminy rekrutacji w poszczeg\u00f3lnych grupach publikujemy na bie\u017c\u0105co na <a href=\"https:\/\/projekt.pociagdokariery.pl\/cms\/dla-uczestnika-projektu\/harmonogram-rekrutacji\/\" target=\"_blank\" rel=\"noopener\">stronie projektu<\/a>.<\/p>\t\t\t\t\t\t\t\t<\/div>\n\t\t\t\t<\/div>\n\t\t\t\t<div class=\"elementor-element elementor-element-2bce3cc0 elementor-widget elementor-widget-text-editor\" data-id=\"2bce3cc0\" data-element_type=\"widget\" data-e-type=\"widget\" data-widget_type=\"text-editor.default\">\n\t\t\t\t<div class=\"elementor-widget-container\">\n\t\t\t\t\t\t\t\t\t<h3>Gdzie znajdziesz szczeg\u00f3\u0142owe informacje?<\/h3><ol><li>Przejd\u017a do\u00a0<a href=\"https:\/\/projekt.pociagdokariery.pl\/cms\/instrukcja-dla-uczestnika-projektu\/\">\u201cInstrukcji dla Uczestnika projektu\u201d<\/a>\u00a0i dowiedz si\u0119:<ul><li>kto mo\u017ce zosta\u0107 Uczestnikiem projektu,<\/li><li>jak si\u0119 zarejestrowa\u0107 do projektu,<\/li><li>jakie s\u0105 kolejne etapy udzia\u0142u w projekcie.<\/li><\/ul><\/li><li>Przeczytaj artyku\u0142\u00a0<a href=\"https:\/\/projekt.pociagdokariery.pl\/cms\/bilans-kariery-online\/\">\u201cBilans Kariery Online\u201d<\/a>\u00a0i dowiedz si\u0119 jak przebiega obligatoryjna us\u0142uga doradcza, z kt\u00f3rej skorzystasz w pierwszej kolejno\u015bci w naszym projekcie.<\/li><li>Przejd\u017a do artyku\u0142u\u00a0<a href=\"\/cms\/specjalistyczne-uslugi-doradcze\/\">\u201cSpecjalistyczne us\u0142ugi doradcze\u201d<\/a>\u00a0i dowiedz si\u0119, z jakich dodatkowych us\u0142ug mo\u017cesz bezp\u0142atnie i poza dofinansowaniem w formie bon\u00f3w, skorzysta\u0107 w projekcie \u201cMa\u0142opolski poci\u0105g do kariery &#8211; sezon 1\u201d.<\/li><li>Je\u015bli jeste\u015b osob\u0105 z niepe\u0142nosprawno\u015bciami, zapoznaj si\u0119 z artyku\u0142em <a href=\"https:\/\/projekt.pociagdokariery.pl\/cms\/dla-osob-ze-szczegolnymi-potrzebami\/\">\u201cMa\u0142opolski poci\u0105g do kariery &#8211; dla os\u00f3b ze szczeg\u00f3lnymi potrzebami\u201d<\/a>.<\/li><li>Regulamin oraz pozosta\u0142e dokumenty i wzory znajdziesz w zak\u0142adce <a href=\"\/cms\/dokumenty-do-pobrania-dla-uczestnika-projektu\/\">\u201cDokumenty do pobrania\u201d<\/a>.<\/li><li>Przejd\u017a do\u00a0<a href=\"\/cms\/klauzula-informacyjna\/\">\u201cKlauzuli informacyjnej\u201d<\/a>, je\u015bli chcesz wiedzie\u0107, jak przetwarzamy Twoje dane osobowe.<\/li><li>Je\u015bli masz inne pytania, sprawd\u017a czy odpowied\u017a na nie znajdziesz w\u00a0<a href=\"\/cms\/najczesciej-zadawane-pytania\/\">FAQ<\/a>, a je\u015bli nie &#8211; skontaktuj si\u0119 z nami mailowo pod adresem: <a href=\"mailto:kariera@wup-krakow.pl\">kariera@wup-krakow.pl<\/a>.<\/li><\/ol><p>Wszystkie informacje istotne dla kandydat\u00f3w i uczestnik\u00f3w projektu zebrane s\u0105 w sekcji <a href=\"https:\/\/projekt.pociagdokariery.pl\/cms\/dla-uczestnika-projektu\/\">&#8222;Dla Uczestnika projektu&#8221;<\/a>.<\/p>\t\t\t\t\t\t\t\t<\/div>\n\t\t\t\t<\/div>\n\t\t\t\t<div class=\"elementor-element elementor-element-06ca4b2 elementor-widget elementor-widget-text-editor\" data-id=\"06ca4b2\" data-element_type=\"widget\" data-e-type=\"widget\" data-widget_type=\"text-editor.default\">\n\t\t\t\t<div class=\"elementor-widget-container\">\n\t\t\t\t\t\t\t\t\t<p>Mo\u017cesz zobaczy\u0107 tak\u017ce <a href=\"https:\/\/projekt.pociagdokariery.pl\/cms\/sciezka-klienta\/\" target=\"_blank\" rel=\"noopener\">infografik\u0119<\/a> przedstawiaj\u0105c\u0105 w skr\u00f3cony spos\u00f3b \u015bcie\u017ck\u0119 udzia\u0142u w projekcie.<\/p>\t\t\t\t\t\t\t\t<\/div>\n\t\t\t\t<\/div>\n\t\t\t\t<div class=\"elementor-element elementor-element-15a3d97 elementor-widget elementor-widget-image\" data-id=\"15a3d97\" data-element_type=\"widget\" data-e-type=\"widget\" data-widget_type=\"image.default\">\n\t\t\t\t<div class=\"elementor-widget-container\">\n\t\t\t\t\t\t\t\t\t\t\t\t\t\t\t\t<a href=\"https:\/\/projekt.pociagdokariery.pl\/cms\/sciezka-klienta\/\">\n\t\t\t\t\t\t\t<img decoding=\"async\" width=\"1024\" height=\"576\" src=\"https:\/\/projekt.pociagdokariery.pl\/cms\/wp-content\/uploads\/2025\/01\/6krokow-1024x576.png\" class=\"attachment-large size-large wp-image-8451\" alt=\"\u015acie\u017cka klienta w projekcie Ma\u0142opolski Poci\u0105g do Kariery - sezon 1, w sze\u015bciu krokach\" srcset=\"https:\/\/projekt.pociagdokariery.pl\/cms\/wp-content\/uploads\/2025\/01\/6krokow-1024x576.png 1024w, https:\/\/projekt.pociagdokariery.pl\/cms\/wp-content\/uploads\/2025\/01\/6krokow-300x169.png 300w, https:\/\/projekt.pociagdokariery.pl\/cms\/wp-content\/uploads\/2025\/01\/6krokow-768x432.png 768w, https:\/\/projekt.pociagdokariery.pl\/cms\/wp-content\/uploads\/2025\/01\/6krokow-1536x864.png 1536w, https:\/\/projekt.pociagdokariery.pl\/cms\/wp-content\/uploads\/2025\/01\/6krokow.png 1920w\" sizes=\"(max-width: 1024px) 100vw, 1024px\" \/>\t\t\t\t\t\t\t\t<\/a>\n\t\t\t\t\t\t\t\t\t\t\t\t\t\t\t<\/div>\n\t\t\t\t<\/div>\n\t\t\t\t\t<\/div>\n\t\t\t\t<\/div>\n\t\t<div class=\"elementor-element elementor-element-53dfc9e1 e-flex e-con-boxed e-con e-parent\" data-id=\"53dfc9e1\" data-element_type=\"container\" data-e-type=\"container\">\n\t\t\t\t\t<div class=\"e-con-inner\">\n\t\t<div class=\"elementor-element elementor-element-61202384 e-con-full e-flex e-con e-child\" data-id=\"61202384\" data-element_type=\"container\" data-e-type=\"container\">\n\t\t\t\t<div class=\"elementor-element elementor-element-701f6bf6 e-grid-align-left elementor-shape-rounded elementor-grid-0 elementor-widget elementor-widget-social-icons\" data-id=\"701f6bf6\" data-element_type=\"widget\" data-e-type=\"widget\" data-widget_type=\"social-icons.default\">\n\t\t\t\t<div class=\"elementor-widget-container\">\n\t\t\t\t\t\t\t<div class=\"elementor-social-icons-wrapper elementor-grid\">\n\t\t\t\t\t\t\t<span class=\"elementor-grid-item\">\n\t\t\t\t\t<a class=\"elementor-icon elementor-social-icon elementor-social-icon-share-alt elementor-repeater-item-0db8a3f\" target=\"_blank\">\n\t\t\t\t\t\t<span class=\"elementor-screen-only\">Share-alt<\/span>\n\t\t\t\t\t\t<svg aria-hidden=\"true\" class=\"e-font-icon-svg e-fas-share-alt\" viewBox=\"0 0 448 512\" xmlns=\"http:\/\/www.w3.org\/2000\/svg\"><path d=\"M352 320c-22.608 0-43.387 7.819-59.79 20.895l-102.486-64.054a96.551 96.551 0 0 0 0-41.683l102.486-64.054C308.613 184.181 329.392 192 352 192c53.019 0 96-42.981 96-96S405.019 0 352 0s-96 42.981-96 96c0 7.158.79 14.13 2.276 20.841L155.79 180.895C139.387 167.819 118.608 160 96 160c-53.019 0-96 42.981-96 96s42.981 96 96 96c22.608 0 43.387-7.819 59.79-20.895l102.486 64.054A96.301 96.301 0 0 0 256 416c0 53.019 42.981 96 96 96s96-42.981 96-96-42.981-96-96-96z\"><\/path><\/svg>\t\t\t\t\t<\/a>\n\t\t\t\t<\/span>\n\t\t\t\t\t<\/div>\n\t\t\t\t\t\t<\/div>\n\t\t\t\t<\/div>\n\t\t\t\t<\/div>\n\t\t<div class=\"elementor-element elementor-element-42568902 e-con-full e-flex e-con e-child\" data-id=\"42568902\" data-element_type=\"container\" data-e-type=\"container\">\n\t\t\t\t<\/div>\n\t\t\t\t\t<\/div>\n\t\t\t\t<\/div>\n\t\t\t\t<\/div>\n\t\t","protected":false},"excerpt":{"rendered":"<p>Szczeg\u00f3\u0142y naszej oferty Data publikacji: 2024-04-22Data modyfikacji: 2025-09-02 \u201eMa\u0142opolski poci\u0105g do kariery \u2013 sezon1\u201d to projekt realizowany przez Wojew\u00f3dzki Urz\u0105d Pracy w Krakowie i wsp\u00f3\u0142finansowany przez Uni\u0119 Europejsk\u0105 ze \u015brodk\u00f3w Europejskiego Funduszu Spo\u0142ecznego Plus. Wojew\u00f3dzki Urz\u0105d Pracy w Krakowie (WUP Krak\u00f3w) od lat zajmuje si\u0119 tematyk\u0105 uczenia doros\u0142ych, realizuj\u0105c na terenie wojew\u00f3dztwa ma\u0142opolskiego projekty, zadania [&hellip;]<\/p>\n","protected":false},"author":4,"featured_media":0,"parent":0,"menu_order":0,"comment_status":"closed","ping_status":"closed","template":"","meta":{"_acf_changed":false,"site-sidebar-layout":"no-sidebar","site-content-layout":"page-builder","ast-site-content-layout":"full-width-container","site-content-style":"default","site-sidebar-style":"default","ast-global-header-display":"","ast-banner-title-visibility":"","ast-main-header-display":"","ast-hfb-above-header-display":"","ast-hfb-below-header-display":"","ast-hfb-mobile-header-display":"","site-post-title":"disabled","ast-breadcrumbs-content":"","ast-featured-img":"disabled","footer-sml-layout":"","ast-disable-related-posts":"","theme-transparent-header-meta":"","adv-header-id-meta":"","stick-header-meta":"","header-above-stick-meta":"","header-main-stick-meta":"","header-below-stick-meta":"","astra-migrate-meta-layouts":"set","ast-page-background-enabled":"default","ast-page-background-meta":{"desktop":{"background-color":"var(--ast-global-color-4)","background-image":"","background-repeat":"repeat","background-position":"center center","background-size":"auto","background-attachment":"scroll","background-type":"","background-media":"","overlay-type":"","overlay-color":"","overlay-opacity":"","overlay-gradient":""},"tablet":{"background-color":"","background-image":"","background-repeat":"repeat","background-position":"center center","background-size":"auto","background-attachment":"scroll","background-type":"","background-media":"","overlay-type":"","overlay-color":"","overlay-opacity":"","overlay-gradient":""},"mobile":{"background-color":"","background-image":"","background-repeat":"repeat","background-position":"center center","background-size":"auto","background-attachment":"scroll","background-type":"","background-media":"","overlay-type":"","overlay-color":"","overlay-opacity":"","overlay-gradient":""}},"ast-content-background-meta":{"desktop":{"background-color":"var(--ast-global-color-5)","background-image":"","background-repeat":"repeat","background-position":"center center","background-size":"auto","background-attachment":"scroll","background-type":"","background-media":"","overlay-type":"","overlay-color":"","overlay-opacity":"","overlay-gradient":""},"tablet":{"background-color":"var(--ast-global-color-5)","background-image":"","background-repeat":"repeat","background-position":"center center","background-size":"auto","background-attachment":"scroll","background-type":"","background-media":"","overlay-type":"","overlay-color":"","overlay-opacity":"","overlay-gradient":""},"mobile":{"background-color":"var(--ast-global-color-5)","background-image":"","background-repeat":"repeat","background-position":"center center","background-size":"auto","background-attachment":"scroll","background-type":"","background-media":"","overlay-type":"","overlay-color":"","overlay-opacity":"","overlay-gradient":""}},"footnotes":""},"class_list":["post-6354","page","type-page","status-publish","hentry"],"acf":[],"_links":{"self":[{"href":"https:\/\/projekt.pociagdokariery.pl\/cms\/wp-json\/wp\/v2\/pages\/6354","targetHints":{"allow":["GET"]}}],"collection":[{"href":"https:\/\/projekt.pociagdokariery.pl\/cms\/wp-json\/wp\/v2\/pages"}],"about":[{"href":"https:\/\/projekt.pociagdokariery.pl\/cms\/wp-json\/wp\/v2\/types\/page"}],"author":[{"embeddable":true,"href":"https:\/\/projekt.pociagdokariery.pl\/cms\/wp-json\/wp\/v2\/users\/4"}],"replies":[{"embeddable":true,"href":"https:\/\/projekt.pociagdokariery.pl\/cms\/wp-json\/wp\/v2\/comments?post=6354"}],"version-history":[{"count":92,"href":"https:\/\/projekt.pociagdokariery.pl\/cms\/wp-json\/wp\/v2\/pages\/6354\/revisions"}],"predecessor-version":[{"id":10504,"href":"https:\/\/projekt.pociagdokariery.pl\/cms\/wp-json\/wp\/v2\/pages\/6354\/revisions\/10504"}],"wp:attachment":[{"href":"https:\/\/projekt.pociagdokariery.pl\/cms\/wp-json\/wp\/v2\/media?parent=6354"}],"curies":[{"name":"wp","href":"https:\/\/api.w.org\/{rel}","templated":true}]}}