{"id":6393,"date":"2024-09-22T23:55:14","date_gmt":"2024-09-22T21:55:14","guid":{"rendered":"https:\/\/projekt.pociagdokariery.pl\/cms\/?page_id=6393"},"modified":"2026-04-14T13:40:30","modified_gmt":"2026-04-14T11:40:30","slug":"bilans-kariery-online-wstep","status":"publish","type":"page","link":"https:\/\/projekt.pociagdokariery.pl\/cms\/bilans-kariery-online-wstep\/","title":{"rendered":"Bilans Kariery Online wst\u0119p"},"content":{"rendered":"\t\t<div data-elementor-type=\"wp-page\" data-elementor-id=\"6393\" class=\"elementor elementor-6393\">\n\t\t\t\t<div class=\"elementor-element elementor-element-a26ead1 e-con-full e-flex e-con e-parent\" data-id=\"a26ead1\" data-element_type=\"container\" data-e-type=\"container\">\n\t\t\t\t<div class=\"elementor-element elementor-element-71461084 elementor-widget elementor-widget-heading\" data-id=\"71461084\" data-element_type=\"widget\" data-e-type=\"widget\" data-widget_type=\"heading.default\">\n\t\t\t\t<div class=\"elementor-widget-container\">\n\t\t\t\t\t<h2 class=\"elementor-heading-title elementor-size-default\">Bilans Kariery Online wst\u0119p<\/h2>\t\t\t\t<\/div>\n\t\t\t\t<\/div>\n\t\t\t\t<div class=\"elementor-element elementor-element-28de2e3b elementor-widget-divider--view-line elementor-widget elementor-widget-divider\" data-id=\"28de2e3b\" data-element_type=\"widget\" data-e-type=\"widget\" data-widget_type=\"divider.default\">\n\t\t\t\t<div class=\"elementor-widget-container\">\n\t\t\t\t\t\t\t<div class=\"elementor-divider\">\n\t\t\t<span class=\"elementor-divider-separator\">\n\t\t\t\t\t\t<\/span>\n\t\t<\/div>\n\t\t\t\t\t\t<\/div>\n\t\t\t\t<\/div>\n\t\t\t\t<div class=\"elementor-element elementor-element-25ce33cc elementor-widget elementor-widget-text-editor\" data-id=\"25ce33cc\" data-element_type=\"widget\" data-e-type=\"widget\" data-widget_type=\"text-editor.default\">\n\t\t\t\t<div class=\"elementor-widget-container\">\n\t\t\t\t\t\t\t\t\t<p>Data publikacji: 2024-04-22<br \/>Data modyfikacji: 2024-09-23<\/p>\t\t\t\t\t\t\t\t<\/div>\n\t\t\t\t<\/div>\n\t\t\t\t<\/div>\n\t\t<div class=\"elementor-element elementor-element-41104265 e-flex e-con-boxed e-con e-parent\" data-id=\"41104265\" data-element_type=\"container\" data-e-type=\"container\">\n\t\t\t\t\t<div class=\"e-con-inner\">\n\t\t\t\t<div class=\"elementor-element elementor-element-325b58e5 elementor-widget elementor-widget-text-editor\" data-id=\"325b58e5\" data-element_type=\"widget\" data-e-type=\"widget\" data-widget_type=\"text-editor.default\">\n\t\t\t\t<div class=\"elementor-widget-container\">\n\t\t\t\t\t\t\t\t\t<p><strong>Dost\u0119p do Bilansu Kariery Online jest mo\u017cliwy tylko dla Uczestnik\u00f3w projektu \u201cMa\u0142opolski poci\u0105g do kariery &#8211; sezon 1\u201d, po zalogowaniu si\u0119 do Panelu Klienta.\u00a0<\/strong><\/p>\t\t\t\t\t\t\t\t<\/div>\n\t\t\t\t<\/div>\n\t\t\t\t<div class=\"elementor-element elementor-element-1bb651fc elementor-widget elementor-widget-image\" data-id=\"1bb651fc\" data-element_type=\"widget\" data-e-type=\"widget\" data-widget_type=\"image.default\">\n\t\t\t\t<div class=\"elementor-widget-container\">\n\t\t\t\t\t\t\t\t\t\t\t\t\t\t\t<img fetchpriority=\"high\" decoding=\"async\" width=\"1024\" height=\"1024\" src=\"https:\/\/projekt.pociagdokariery.pl\/cms\/wp-content\/uploads\/2024\/09\/BKO2a-1024x1024.png\" class=\"attachment-large size-large wp-image-6314\" alt=\"kwadrat z napisem bilans kariery online\" srcset=\"https:\/\/projekt.pociagdokariery.pl\/cms\/wp-content\/uploads\/2024\/09\/BKO2a-1024x1024.png 1024w, https:\/\/projekt.pociagdokariery.pl\/cms\/wp-content\/uploads\/2024\/09\/BKO2a-300x300.png 300w, https:\/\/projekt.pociagdokariery.pl\/cms\/wp-content\/uploads\/2024\/09\/BKO2a-150x150.png 150w, https:\/\/projekt.pociagdokariery.pl\/cms\/wp-content\/uploads\/2024\/09\/BKO2a-768x768.png 768w, https:\/\/projekt.pociagdokariery.pl\/cms\/wp-content\/uploads\/2024\/09\/BKO2a.png 1200w\" sizes=\"(max-width: 1024px) 100vw, 1024px\" \/>\t\t\t\t\t\t\t\t\t\t\t\t\t\t\t<\/div>\n\t\t\t\t<\/div>\n\t\t\t\t<div class=\"elementor-element elementor-element-3f152837 elementor-widget elementor-widget-text-editor\" data-id=\"3f152837\" data-element_type=\"widget\" data-e-type=\"widget\" data-widget_type=\"text-editor.default\">\n\t\t\t\t<div class=\"elementor-widget-container\">\n\t\t\t\t\t\t\t\t\t<h3>Jak uzyskasz login?<\/h3><p>Wype\u0142nij <a href=\"https:\/\/projekt.pociagdokariery.pl\/cms\/zgloszenie-do-projektu\/\">formularz zg\u0142oszeniowy<\/a> i dope\u0142nij wszystkich niezb\u0119dnych formalno\u015bci.<\/p><p>Po poprawnym zako\u0144czeniu procesu rekrutacji otrzymasz e-mail z instrukcj\u0105 jak utworzy\u0107 has\u0142o do Panelu Klienta oraz jak si\u0119 zalogowa\u0107.<\/p><h4>Co znajdziesz w Panelu Klienta?<\/h4><p>Korzystaj\u0105c z Panelu Klienta, b\u0119dziesz m\u00f3g\u0142\/mog\u0142a realizowa\u0107 Bilans Kariery Online i kolejne etapy projektu. Na zako\u0144czenie Bilansu Kariery Online zostanie wygenerowana Informacja Zwrotna, zawieraj\u0105ca podsumowanie Twojej autoanalizy i samooceny.\u00a0\u00a0<a href=\"https:\/\/www.projekt.pociagdokariery.pl\/storage\/shares\/Grafika%20MP\/sciezka%20klienta%20alt.pdf\">Pobierz infografik\u0119 i sprawd\u017a jak przebiegnie Tw\u00f3j dalszy udzia\u0142 w projekcie.<\/a>\u00a0<\/p><p>Je\u017celi b\u0119dziesz potrzebowa\u0107 jakiej\u015b dodatkowej informacji lub wsparcia, mo\u017cesz skontaktowa\u0107 si\u0119 z nami przez Panel Klienta, gdzie w Formularzu kontaktowym wybierzesz temat, w kt\u00f3rym chcesz uzyska\u0107 pomoc lub zapiszesz si\u0119 na konsultacje z doradc\u0105, kt\u00f3ry w kr\u00f3tkiej rozmowie rozwieje Twoje w\u0105tpliwo\u015bci.<\/p><h4>Gdzie mo\u017cesz si\u0119 zalogowa\u0107 do swojego Panelu Klienta?<\/h4><p>Przejd\u017a do strony logowania klikaj\u0105c w przycisk \u201cZaloguj si\u0119\u201d.<\/p>\t\t\t\t\t\t\t\t<\/div>\n\t\t\t\t<\/div>\n\t\t\t\t<div class=\"elementor-element elementor-element-b43c381 elementor-widget elementor-widget-button\" data-id=\"b43c381\" data-element_type=\"widget\" data-e-type=\"widget\" data-widget_type=\"button.default\">\n\t\t\t\t<div class=\"elementor-widget-container\">\n\t\t\t\t\t\t\t\t\t<div class=\"elementor-button-wrapper\">\n\t\t\t\t\t<a class=\"elementor-button elementor-button-link elementor-size-sm\" href=\"https:\/\/projekt.pociagdokariery.pl\/m1\">\n\t\t\t\t\t\t<span class=\"elementor-button-content-wrapper\">\n\t\t\t\t\t\t<span class=\"elementor-button-icon\">\n\t\t\t\t<svg aria-hidden=\"true\" class=\"e-font-icon-svg e-far-arrow-alt-circle-right\" viewBox=\"0 0 512 512\" xmlns=\"http:\/\/www.w3.org\/2000\/svg\"><path d=\"M504 256C504 119 393 8 256 8S8 119 8 256s111 248 248 248 248-111 248-248zm-448 0c0-110.5 89.5-200 200-200s200 89.5 200 200-89.5 200-200 200S56 366.5 56 256zm72 20v-40c0-6.6 5.4-12 12-12h116v-67c0-10.7 12.9-16 20.5-8.5l99 99c4.7 4.7 4.7 12.3 0 17l-99 99c-7.6 7.6-20.5 2.2-20.5-8.5v-67H140c-6.6 0-12-5.4-12-12z\"><\/path><\/svg>\t\t\t<\/span>\n\t\t\t\t\t\t\t\t\t<span class=\"elementor-button-text\">Zaloguj si\u0119<\/span>\n\t\t\t\t\t<\/span>\n\t\t\t\t\t<\/a>\n\t\t\t\t<\/div>\n\t\t\t\t\t\t\t\t<\/div>\n\t\t\t\t<\/div>\n\t\t\t\t\t<\/div>\n\t\t\t\t<\/div>\n\t\t<div class=\"elementor-element elementor-element-1a04905d e-flex e-con-boxed e-con e-parent\" data-id=\"1a04905d\" data-element_type=\"container\" data-e-type=\"container\">\n\t\t\t\t\t<div class=\"e-con-inner\">\n\t\t<div class=\"elementor-element elementor-element-287affc6 e-con-full e-flex e-con e-child\" data-id=\"287affc6\" data-element_type=\"container\" data-e-type=\"container\">\n\t\t\t\t<div class=\"elementor-element elementor-element-2d07e9fb e-grid-align-left elementor-shape-rounded elementor-grid-0 elementor-widget elementor-widget-social-icons\" data-id=\"2d07e9fb\" data-element_type=\"widget\" data-e-type=\"widget\" data-widget_type=\"social-icons.default\">\n\t\t\t\t<div class=\"elementor-widget-container\">\n\t\t\t\t\t\t\t<div class=\"elementor-social-icons-wrapper elementor-grid\">\n\t\t\t\t\t\t\t<span class=\"elementor-grid-item\">\n\t\t\t\t\t<a class=\"elementor-icon elementor-social-icon elementor-social-icon-share-alt elementor-repeater-item-0db8a3f\" target=\"_blank\">\n\t\t\t\t\t\t<span class=\"elementor-screen-only\">Share-alt<\/span>\n\t\t\t\t\t\t<svg aria-hidden=\"true\" class=\"e-font-icon-svg e-fas-share-alt\" viewBox=\"0 0 448 512\" xmlns=\"http:\/\/www.w3.org\/2000\/svg\"><path d=\"M352 320c-22.608 0-43.387 7.819-59.79 20.895l-102.486-64.054a96.551 96.551 0 0 0 0-41.683l102.486-64.054C308.613 184.181 329.392 192 352 192c53.019 0 96-42.981 96-96S405.019 0 352 0s-96 42.981-96 96c0 7.158.79 14.13 2.276 20.841L155.79 180.895C139.387 167.819 118.608 160 96 160c-53.019 0-96 42.981-96 96s42.981 96 96 96c22.608 0 43.387-7.819 59.79-20.895l102.486 64.054A96.301 96.301 0 0 0 256 416c0 53.019 42.981 96 96 96s96-42.981 96-96-42.981-96-96-96z\"><\/path><\/svg>\t\t\t\t\t<\/a>\n\t\t\t\t<\/span>\n\t\t\t\t\t<\/div>\n\t\t\t\t\t\t<\/div>\n\t\t\t\t<\/div>\n\t\t\t\t<\/div>\n\t\t<div class=\"elementor-element elementor-element-429f5a40 e-con-full e-flex e-con e-child\" data-id=\"429f5a40\" data-element_type=\"container\" data-e-type=\"container\">\n\t\t\t\t<\/div>\n\t\t\t\t\t<\/div>\n\t\t\t\t<\/div>\n\t\t\t\t<\/div>\n\t\t","protected":false},"excerpt":{"rendered":"<p>Bilans Kariery Online wst\u0119p Data publikacji: 2024-04-22Data modyfikacji: 2024-09-23 Dost\u0119p do Bilansu Kariery Online jest mo\u017cliwy tylko dla Uczestnik\u00f3w projektu \u201cMa\u0142opolski poci\u0105g do kariery &#8211; sezon 1\u201d, po zalogowaniu si\u0119 do Panelu Klienta.\u00a0 Jak uzyskasz login? Wype\u0142nij formularz zg\u0142oszeniowy i dope\u0142nij wszystkich niezb\u0119dnych formalno\u015bci. Po poprawnym zako\u0144czeniu procesu rekrutacji otrzymasz e-mail z instrukcj\u0105 jak utworzy\u0107 [&hellip;]<\/p>\n","protected":false},"author":4,"featured_media":0,"parent":0,"menu_order":0,"comment_status":"closed","ping_status":"closed","template":"","meta":{"_acf_changed":false,"site-sidebar-layout":"no-sidebar","site-content-layout":"page-builder","ast-site-content-layout":"full-width-container","site-content-style":"default","site-sidebar-style":"default","ast-global-header-display":"","ast-banner-title-visibility":"","ast-main-header-display":"","ast-hfb-above-header-display":"","ast-hfb-below-header-display":"","ast-hfb-mobile-header-display":"","site-post-title":"disabled","ast-breadcrumbs-content":"","ast-featured-img":"disabled","footer-sml-layout":"","ast-disable-related-posts":"","theme-transparent-header-meta":"","adv-header-id-meta":"","stick-header-meta":"","header-above-stick-meta":"","header-main-stick-meta":"","header-below-stick-meta":"","astra-migrate-meta-layouts":"set","ast-page-background-enabled":"default","ast-page-background-meta":{"desktop":{"background-color":"var(--ast-global-color-4)","background-image":"","background-repeat":"repeat","background-position":"center center","background-size":"auto","background-attachment":"scroll","background-type":"","background-media":"","overlay-type":"","overlay-color":"","overlay-opacity":"","overlay-gradient":""},"tablet":{"background-color":"","background-image":"","background-repeat":"repeat","background-position":"center center","background-size":"auto","background-attachment":"scroll","background-type":"","background-media":"","overlay-type":"","overlay-color":"","overlay-opacity":"","overlay-gradient":""},"mobile":{"background-color":"","background-image":"","background-repeat":"repeat","background-position":"center center","background-size":"auto","background-attachment":"scroll","background-type":"","background-media":"","overlay-type":"","overlay-color":"","overlay-opacity":"","overlay-gradient":""}},"ast-content-background-meta":{"desktop":{"background-color":"var(--ast-global-color-5)","background-image":"","background-repeat":"repeat","background-position":"center center","background-size":"auto","background-attachment":"scroll","background-type":"","background-media":"","overlay-type":"","overlay-color":"","overlay-opacity":"","overlay-gradient":""},"tablet":{"background-color":"var(--ast-global-color-5)","background-image":"","background-repeat":"repeat","background-position":"center center","background-size":"auto","background-attachment":"scroll","background-type":"","background-media":"","overlay-type":"","overlay-color":"","overlay-opacity":"","overlay-gradient":""},"mobile":{"background-color":"var(--ast-global-color-5)","background-image":"","background-repeat":"repeat","background-position":"center center","background-size":"auto","background-attachment":"scroll","background-type":"","background-media":"","overlay-type":"","overlay-color":"","overlay-opacity":"","overlay-gradient":""}},"footnotes":""},"class_list":["post-6393","page","type-page","status-publish","hentry"],"acf":[],"_links":{"self":[{"href":"https:\/\/projekt.pociagdokariery.pl\/cms\/wp-json\/wp\/v2\/pages\/6393","targetHints":{"allow":["GET"]}}],"collection":[{"href":"https:\/\/projekt.pociagdokariery.pl\/cms\/wp-json\/wp\/v2\/pages"}],"about":[{"href":"https:\/\/projekt.pociagdokariery.pl\/cms\/wp-json\/wp\/v2\/types\/page"}],"author":[{"embeddable":true,"href":"https:\/\/projekt.pociagdokariery.pl\/cms\/wp-json\/wp\/v2\/users\/4"}],"replies":[{"embeddable":true,"href":"https:\/\/projekt.pociagdokariery.pl\/cms\/wp-json\/wp\/v2\/comments?post=6393"}],"version-history":[{"count":31,"href":"https:\/\/projekt.pociagdokariery.pl\/cms\/wp-json\/wp\/v2\/pages\/6393\/revisions"}],"predecessor-version":[{"id":11005,"href":"https:\/\/projekt.pociagdokariery.pl\/cms\/wp-json\/wp\/v2\/pages\/6393\/revisions\/11005"}],"wp:attachment":[{"href":"https:\/\/projekt.pociagdokariery.pl\/cms\/wp-json\/wp\/v2\/media?parent=6393"}],"curies":[{"name":"wp","href":"https:\/\/api.w.org\/{rel}","templated":true}]}}