{"id":7258,"date":"2024-10-03T12:08:04","date_gmt":"2024-10-03T10:08:04","guid":{"rendered":"https:\/\/projekt.pociagdokariery.pl\/cms\/?page_id=7258"},"modified":"2026-03-27T09:36:58","modified_gmt":"2026-03-27T08:36:58","slug":"bannery-do-pobrania","status":"publish","type":"page","link":"https:\/\/projekt.pociagdokariery.pl\/cms\/bannery-do-pobrania\/","title":{"rendered":"Bannery do pobrania"},"content":{"rendered":"\t\t<div data-elementor-type=\"wp-page\" data-elementor-id=\"7258\" class=\"elementor elementor-7258\">\n\t\t\t\t<div class=\"elementor-element elementor-element-40fcb586 e-con-full e-flex e-con e-parent\" data-id=\"40fcb586\" data-element_type=\"container\" data-e-type=\"container\">\n\t\t\t\t<div class=\"elementor-element elementor-element-6a4f9128 elementor-widget elementor-widget-heading\" data-id=\"6a4f9128\" data-element_type=\"widget\" data-e-type=\"widget\" data-widget_type=\"heading.default\">\n\t\t\t\t<div class=\"elementor-widget-container\">\n\t\t\t\t\t<h2 class=\"elementor-heading-title elementor-size-default\">Bannery do pobrania<\/h2>\t\t\t\t<\/div>\n\t\t\t\t<\/div>\n\t\t\t\t<div class=\"elementor-element elementor-element-4778de53 elementor-widget-divider--view-line elementor-widget elementor-widget-divider\" data-id=\"4778de53\" data-element_type=\"widget\" data-e-type=\"widget\" data-widget_type=\"divider.default\">\n\t\t\t\t<div class=\"elementor-widget-container\">\n\t\t\t\t\t\t\t<div class=\"elementor-divider\">\n\t\t\t<span class=\"elementor-divider-separator\">\n\t\t\t\t\t\t<\/span>\n\t\t<\/div>\n\t\t\t\t\t\t<\/div>\n\t\t\t\t<\/div>\n\t\t\t\t<div class=\"elementor-element elementor-element-46eb00d9 elementor-widget elementor-widget-text-editor\" data-id=\"46eb00d9\" data-element_type=\"widget\" data-e-type=\"widget\" data-widget_type=\"text-editor.default\">\n\t\t\t\t<div class=\"elementor-widget-container\">\n\t\t\t\t\t\t\t\t\t<p>Data publikacji: 2024-09-19<br \/><br \/><\/p>\t\t\t\t\t\t\t\t<\/div>\n\t\t\t\t<\/div>\n\t\t\t\t<\/div>\n\t\t<div class=\"elementor-element elementor-element-76e75fc1 e-flex e-con-boxed e-con e-parent\" data-id=\"76e75fc1\" data-element_type=\"container\" data-e-type=\"container\">\n\t\t\t\t\t<div class=\"e-con-inner\">\n\t\t\t\t<div class=\"elementor-element elementor-element-7199757f elementor-widget elementor-widget-text-editor\" data-id=\"7199757f\" data-element_type=\"widget\" data-e-type=\"widget\" data-widget_type=\"text-editor.default\">\n\t\t\t\t<div class=\"elementor-widget-container\">\n\t\t\t\t\t\t\t\t\t<p><strong>Bannery informuj\u0105ce o realizacji us\u0142ug w projekcie &#8222;Ma\u0142opolski poci\u0105g do kariery &#8211; sezon 1&#8221; do wykorzystania przez Dostawc\u00f3w us\u0142ug:<\/strong><\/p><p>\u00a0<\/p>\t\t\t\t\t\t\t\t<\/div>\n\t\t\t\t<\/div>\n\t\t\t\t<div class=\"elementor-element elementor-element-99f7c7e elementor-widget elementor-widget-button\" data-id=\"99f7c7e\" data-element_type=\"widget\" data-e-type=\"widget\" data-widget_type=\"button.default\">\n\t\t\t\t<div class=\"elementor-widget-container\">\n\t\t\t\t\t\t\t\t\t<div class=\"elementor-button-wrapper\">\n\t\t\t\t\t<a class=\"elementor-button elementor-button-link elementor-size-sm\" href=\"https:\/\/www.projekt.pociagdokariery.pl\/storage\/shares\/Grafika%20MP\/banery%20dla%20dostawc\u00f3w.zip\">\n\t\t\t\t\t\t<span class=\"elementor-button-content-wrapper\">\n\t\t\t\t\t\t\t\t\t<span class=\"elementor-button-text\">Pobierz bannery (plik ZIP 27,7 MB)<\/span>\n\t\t\t\t\t<\/span>\n\t\t\t\t\t<\/a>\n\t\t\t\t<\/div>\n\t\t\t\t\t\t\t\t<\/div>\n\t\t\t\t<\/div>\n\t\t\t\t<div class=\"elementor-element elementor-element-01d436f elementor-widget elementor-widget-heading\" data-id=\"01d436f\" data-element_type=\"widget\" data-e-type=\"widget\" data-widget_type=\"heading.default\">\n\t\t\t\t<div class=\"elementor-widget-container\">\n\t\t\t\t\t<h3 class=\"elementor-heading-title elementor-size-default\">Przypominamy!<\/h3>\t\t\t\t<\/div>\n\t\t\t\t<\/div>\n\t\t\t\t<div class=\"elementor-element elementor-element-d3b5098 elementor-widget elementor-widget-text-editor\" data-id=\"d3b5098\" data-element_type=\"widget\" data-e-type=\"widget\" data-widget_type=\"text-editor.default\">\n\t\t\t\t<div class=\"elementor-widget-container\">\n\t\t\t\t\t\t\t\t\t<p>Zgodnie z <a href=\"\/storage\/shares\/MP instytucje szkoleniowe\/Regulamin_dla_IS_ MP_z_NSE.pdf\">par. 8 ust. 10 Regulaminu<\/a> wsp\u00f3\u0142pracy i rozliczania us\u0142ug z wykorzystaniem elektronicznych bon\u00f3w szkoleniowych w ramach Projektu \u201eMa\u0142opolski poci\u0105g do kariery \u2013 sezon 1\u201d i Projektu \u201eNowy start w Ma\u0142opolsce z EURESem\u201d:<\/p><p>W przypadku, <strong>gdy Dostawca us\u0142ug umieszcza<\/strong> w swoich materia\u0142ach informacyjno \u2013 promocyjnych, stronach www, portalach i aplikacjach spo\u0142eczno\u015bciowych, informacje dotycz\u0105ce mo\u017cliwo\u015bci otrzymania dofinansowania do Us\u0142ug <strong>zobowi\u0105zany jest<\/strong> ka\u017cdorazowo wskaza\u0107 nast\u0119puj\u0105ce informacje:<\/p><ul><li>mo\u017cliwo\u015b\u0107 otrzymania dofinansowania do us\u0142ug maj\u0105 jedynie Uczestnicy Projektu \u201eMa\u0142opolski poci\u0105g do kariery \u2013 sezon 1&#8243; lub Projektu \u201eNowy start w Ma\u0142opolsce z EURESem\u201d realizowanych przez Wojew\u00f3dzki Urz\u0105d Pracy w Krakowie w ramach programu Fundusze Europejskie dla Ma\u0142opolski 2021-2027, kt\u00f3re s\u0105 wsp\u00f3\u0142finansowane przez Uni\u0119 Europejsk\u0105 ze \u015brodk\u00f3w Europejskiego Funduszu Spo\u0142ecznego Plus;<\/li><li>warunkiem uczestnictwa w projekcie jest spe\u0142nienie kryteri\u00f3w rekrutacji. okre\u015blonych na stronie internetowej odpowiednio <a href=\"https:\/\/projekt.pociagdokariery.pl\" target=\"_blank\" rel=\"noopener\">Projektu MP<\/a> lub na stronie <a href=\"https:\/\/pociagdokariery.pl\" target=\"_blank\" rel=\"noopener\">Projektu NSE<\/a>;<\/li><li>dofinansowanie do us\u0142ug rozwojowych wynosi maksymalnie 90% w\u00a0Projekcie MP lub 95% w Projekcie NSE;<\/li><li>ka\u017cdy Uczestnik Projektu MP samodzielnie dokonuje wyboru us\u0142ugi rozwojowej zgodnie ze swoim Bilansem Kariery Online, a w przypadku Projektu NSE ka\u017cdy Uczestnik samodzielnie dokonuje wyboru us\u0142ugi rozwojowej wskazuj\u0105c odpowiednie kategorie w formularzu Zam\u00f3wienia Bon\u00f3w.<\/li><\/ul>\t\t\t\t\t\t\t\t<\/div>\n\t\t\t\t<\/div>\n\t\t\t\t\t<\/div>\n\t\t\t\t<\/div>\n\t\t<div class=\"elementor-element elementor-element-61463788 e-flex e-con-boxed e-con e-parent\" data-id=\"61463788\" data-element_type=\"container\" data-e-type=\"container\">\n\t\t\t\t\t<div class=\"e-con-inner\">\n\t\t<div class=\"elementor-element elementor-element-254fa0cb e-con-full e-flex e-con e-child\" data-id=\"254fa0cb\" data-element_type=\"container\" data-e-type=\"container\">\n\t\t\t\t<div class=\"elementor-element elementor-element-7d56c0a7 e-grid-align-left elementor-shape-rounded elementor-grid-0 elementor-widget elementor-widget-social-icons\" data-id=\"7d56c0a7\" data-element_type=\"widget\" data-e-type=\"widget\" data-widget_type=\"social-icons.default\">\n\t\t\t\t<div class=\"elementor-widget-container\">\n\t\t\t\t\t\t\t<div class=\"elementor-social-icons-wrapper elementor-grid\">\n\t\t\t\t\t\t\t<span class=\"elementor-grid-item\">\n\t\t\t\t\t<a class=\"elementor-icon elementor-social-icon elementor-social-icon-share-alt elementor-repeater-item-e8c501a\" href=\"https:\/\/www.facebook.com\/sharer\/sharer.php?u=projekt.pociagdokariery.pl\/cms\/bannery-do-pobrania\" target=\"_blank\">\n\t\t\t\t\t\t<span class=\"elementor-screen-only\">Share-alt<\/span>\n\t\t\t\t\t\t<svg aria-hidden=\"true\" class=\"e-font-icon-svg e-fas-share-alt\" viewBox=\"0 0 448 512\" xmlns=\"http:\/\/www.w3.org\/2000\/svg\"><path d=\"M352 320c-22.608 0-43.387 7.819-59.79 20.895l-102.486-64.054a96.551 96.551 0 0 0 0-41.683l102.486-64.054C308.613 184.181 329.392 192 352 192c53.019 0 96-42.981 96-96S405.019 0 352 0s-96 42.981-96 96c0 7.158.79 14.13 2.276 20.841L155.79 180.895C139.387 167.819 118.608 160 96 160c-53.019 0-96 42.981-96 96s42.981 96 96 96c22.608 0 43.387-7.819 59.79-20.895l102.486 64.054A96.301 96.301 0 0 0 256 416c0 53.019 42.981 96 96 96s96-42.981 96-96-42.981-96-96-96z\"><\/path><\/svg>\t\t\t\t\t<\/a>\n\t\t\t\t<\/span>\n\t\t\t\t\t<\/div>\n\t\t\t\t\t\t<\/div>\n\t\t\t\t<\/div>\n\t\t\t\t<\/div>\n\t\t<div class=\"elementor-element elementor-element-47c21304 e-con-full e-flex e-con e-child\" data-id=\"47c21304\" data-element_type=\"container\" data-e-type=\"container\">\n\t\t\t\t<\/div>\n\t\t\t\t\t<\/div>\n\t\t\t\t<\/div>\n\t\t\t\t<\/div>\n\t\t","protected":false},"excerpt":{"rendered":"<p>Bannery do pobrania Data publikacji: 2024-09-19 Bannery informuj\u0105ce o realizacji us\u0142ug w projekcie &#8222;Ma\u0142opolski poci\u0105g do kariery &#8211; sezon 1&#8221; do wykorzystania przez Dostawc\u00f3w us\u0142ug: \u00a0 Pobierz bannery (plik ZIP 27,7 MB) Przypominamy! Zgodnie z par. 8 ust. 10 Regulaminu wsp\u00f3\u0142pracy i rozliczania us\u0142ug z wykorzystaniem elektronicznych bon\u00f3w szkoleniowych w ramach Projektu \u201eMa\u0142opolski poci\u0105g do [&hellip;]<\/p>\n","protected":false},"author":4,"featured_media":0,"parent":0,"menu_order":0,"comment_status":"closed","ping_status":"closed","template":"","meta":{"_acf_changed":false,"site-sidebar-layout":"no-sidebar","site-content-layout":"page-builder","ast-site-content-layout":"full-width-container","site-content-style":"default","site-sidebar-style":"default","ast-global-header-display":"","ast-banner-title-visibility":"","ast-main-header-display":"","ast-hfb-above-header-display":"","ast-hfb-below-header-display":"","ast-hfb-mobile-header-display":"","site-post-title":"disabled","ast-breadcrumbs-content":"","ast-featured-img":"disabled","footer-sml-layout":"","ast-disable-related-posts":"","theme-transparent-header-meta":"","adv-header-id-meta":"","stick-header-meta":"","header-above-stick-meta":"","header-main-stick-meta":"","header-below-stick-meta":"","astra-migrate-meta-layouts":"set","ast-page-background-enabled":"default","ast-page-background-meta":{"desktop":{"background-color":"var(--ast-global-color-4)","background-image":"","background-repeat":"repeat","background-position":"center center","background-size":"auto","background-attachment":"scroll","background-type":"","background-media":"","overlay-type":"","overlay-color":"","overlay-opacity":"","overlay-gradient":""},"tablet":{"background-color":"","background-image":"","background-repeat":"repeat","background-position":"center center","background-size":"auto","background-attachment":"scroll","background-type":"","background-media":"","overlay-type":"","overlay-color":"","overlay-opacity":"","overlay-gradient":""},"mobile":{"background-color":"","background-image":"","background-repeat":"repeat","background-position":"center center","background-size":"auto","background-attachment":"scroll","background-type":"","background-media":"","overlay-type":"","overlay-color":"","overlay-opacity":"","overlay-gradient":""}},"ast-content-background-meta":{"desktop":{"background-color":"var(--ast-global-color-5)","background-image":"","background-repeat":"repeat","background-position":"center center","background-size":"auto","background-attachment":"scroll","background-type":"","background-media":"","overlay-type":"","overlay-color":"","overlay-opacity":"","overlay-gradient":""},"tablet":{"background-color":"var(--ast-global-color-5)","background-image":"","background-repeat":"repeat","background-position":"center center","background-size":"auto","background-attachment":"scroll","background-type":"","background-media":"","overlay-type":"","overlay-color":"","overlay-opacity":"","overlay-gradient":""},"mobile":{"background-color":"var(--ast-global-color-5)","background-image":"","background-repeat":"repeat","background-position":"center center","background-size":"auto","background-attachment":"scroll","background-type":"","background-media":"","overlay-type":"","overlay-color":"","overlay-opacity":"","overlay-gradient":""}},"footnotes":""},"class_list":["post-7258","page","type-page","status-publish","hentry"],"acf":[],"_links":{"self":[{"href":"https:\/\/projekt.pociagdokariery.pl\/cms\/wp-json\/wp\/v2\/pages\/7258","targetHints":{"allow":["GET"]}}],"collection":[{"href":"https:\/\/projekt.pociagdokariery.pl\/cms\/wp-json\/wp\/v2\/pages"}],"about":[{"href":"https:\/\/projekt.pociagdokariery.pl\/cms\/wp-json\/wp\/v2\/types\/page"}],"author":[{"embeddable":true,"href":"https:\/\/projekt.pociagdokariery.pl\/cms\/wp-json\/wp\/v2\/users\/4"}],"replies":[{"embeddable":true,"href":"https:\/\/projekt.pociagdokariery.pl\/cms\/wp-json\/wp\/v2\/comments?post=7258"}],"version-history":[{"count":32,"href":"https:\/\/projekt.pociagdokariery.pl\/cms\/wp-json\/wp\/v2\/pages\/7258\/revisions"}],"predecessor-version":[{"id":10902,"href":"https:\/\/projekt.pociagdokariery.pl\/cms\/wp-json\/wp\/v2\/pages\/7258\/revisions\/10902"}],"wp:attachment":[{"href":"https:\/\/projekt.pociagdokariery.pl\/cms\/wp-json\/wp\/v2\/media?parent=7258"}],"curies":[{"name":"wp","href":"https:\/\/api.w.org\/{rel}","templated":true}]}}