{"id":8422,"date":"2025-01-14T14:39:29","date_gmt":"2025-01-14T13:39:29","guid":{"rendered":"https:\/\/projekt.pociagdokariery.pl\/cms\/?page_id=8422"},"modified":"2025-01-14T16:31:27","modified_gmt":"2025-01-14T15:31:27","slug":"sciezka-klienta","status":"publish","type":"page","link":"https:\/\/projekt.pociagdokariery.pl\/cms\/sciezka-klienta\/","title":{"rendered":"\u015acie\u017cka klienta"},"content":{"rendered":"\t\t<div data-elementor-type=\"wp-page\" data-elementor-id=\"8422\" class=\"elementor elementor-8422\">\n\t\t\t\t<div class=\"elementor-element elementor-element-19cfdab7 e-con-full e-flex e-con e-parent\" data-id=\"19cfdab7\" data-element_type=\"container\" data-e-type=\"container\">\n\t\t\t\t<div class=\"elementor-element elementor-element-2f254d34 elementor-widget elementor-widget-heading\" data-id=\"2f254d34\" data-element_type=\"widget\" data-e-type=\"widget\" data-widget_type=\"heading.default\">\n\t\t\t\t<div class=\"elementor-widget-container\">\n\t\t\t\t\t<h2 class=\"elementor-heading-title elementor-size-default\">\u015acie\u017cka klienta<\/h2>\t\t\t\t<\/div>\n\t\t\t\t<\/div>\n\t\t\t\t<div class=\"elementor-element elementor-element-281b21ae elementor-widget-divider--view-line elementor-widget elementor-widget-divider\" data-id=\"281b21ae\" data-element_type=\"widget\" data-e-type=\"widget\" data-widget_type=\"divider.default\">\n\t\t\t\t<div class=\"elementor-widget-container\">\n\t\t\t\t\t\t\t<div class=\"elementor-divider\">\n\t\t\t<span class=\"elementor-divider-separator\">\n\t\t\t\t\t\t<\/span>\n\t\t<\/div>\n\t\t\t\t\t\t<\/div>\n\t\t\t\t<\/div>\n\t\t\t\t<div class=\"elementor-element elementor-element-7f01421 elementor-widget elementor-widget-text-editor\" data-id=\"7f01421\" data-element_type=\"widget\" data-e-type=\"widget\" data-widget_type=\"text-editor.default\">\n\t\t\t\t<div class=\"elementor-widget-container\">\n\t\t\t\t\t\t\t\t\t<p>Data publikacji: 2025-01-14<\/p>\t\t\t\t\t\t\t\t<\/div>\n\t\t\t\t<\/div>\n\t\t\t\t<\/div>\n\t\t<div class=\"elementor-element elementor-element-2c6ac195 e-con-full e-flex e-con e-parent\" data-id=\"2c6ac195\" data-element_type=\"container\" data-e-type=\"container\" data-settings=\"{&quot;animation&quot;:&quot;none&quot;}\">\n\t\t\t\t<div class=\"elementor-element elementor-element-2a2f1b5c elementor-widget elementor-widget-text-editor\" data-id=\"2a2f1b5c\" data-element_type=\"widget\" data-e-type=\"widget\" data-widget_type=\"text-editor.default\">\n\t\t\t\t<div class=\"elementor-widget-container\">\n\t\t\t\t\t\t\t\t\t<p>Zapoznaj si\u0119 z przebiegiem Twojego udzia\u0142u w projekcie &#8222;<strong>Ma\u0142opolski Poci\u0105g do Kariery &#8211; sezon 1&#8243; <\/strong>w 6 krokach.<\/p><p>Je\u017celi chcesz dowiedzie\u0107 si\u0119 wi\u0119cej zobacz do <strong><a href=\"https:\/\/projekt.pociagdokariery.pl\/cms\/instrukcja-dla-uczestnika-projektu\/\" target=\"_blank\" rel=\"noopener\">Instrukcji dla Uczestnika<\/a>.<\/strong><\/p>\t\t\t\t\t\t\t\t<\/div>\n\t\t\t\t<\/div>\n\t\t\t\t<\/div>\n\t\t<div class=\"elementor-element elementor-element-4157b113 e-con-full e-flex elementor-invisible e-con e-parent\" data-id=\"4157b113\" data-element_type=\"container\" data-e-type=\"container\" data-settings=\"{&quot;animation&quot;:&quot;fadeInUp&quot;}\">\n\t\t\t\t<div class=\"elementor-element elementor-element-9022be1 elementor-widget elementor-widget-image\" data-id=\"9022be1\" data-element_type=\"widget\" data-e-type=\"widget\" data-widget_type=\"image.default\">\n\t\t\t\t<div class=\"elementor-widget-container\">\n\t\t\t\t\t\t\t\t\t\t\t\t\t\t\t<img fetchpriority=\"high\" decoding=\"async\" width=\"600\" height=\"200\" src=\"https:\/\/projekt.pociagdokariery.pl\/cms\/wp-content\/uploads\/2025\/01\/krok1.png\" class=\"attachment-large size-large wp-image-8424\" alt=\"Krok pierwszy z ikon\u0105 e-maila\" srcset=\"https:\/\/projekt.pociagdokariery.pl\/cms\/wp-content\/uploads\/2025\/01\/krok1.png 600w, https:\/\/projekt.pociagdokariery.pl\/cms\/wp-content\/uploads\/2025\/01\/krok1-300x100.png 300w\" sizes=\"(max-width: 600px) 100vw, 600px\" \/>\t\t\t\t\t\t\t\t\t\t\t\t\t\t\t<\/div>\n\t\t\t\t<\/div>\n\t\t\t\t<div class=\"elementor-element elementor-element-2b038bdf elementor-widget elementor-widget-heading\" data-id=\"2b038bdf\" data-element_type=\"widget\" data-e-type=\"widget\" data-widget_type=\"heading.default\">\n\t\t\t\t<div class=\"elementor-widget-container\">\n\t\t\t\t\t<h2 class=\"elementor-heading-title elementor-size-default\">Rejestracja do projektu<\/h2>\t\t\t\t<\/div>\n\t\t\t\t<\/div>\n\t\t\t\t<div class=\"elementor-element elementor-element-7b6891e6 elementor-widget elementor-widget-text-editor\" data-id=\"7b6891e6\" data-element_type=\"widget\" data-e-type=\"widget\" data-widget_type=\"text-editor.default\">\n\t\t\t\t<div class=\"elementor-widget-container\">\n\t\t\t\t\t\t\t\t\t<ul><li>Wype\u0142niasz formularz zg\u0142oszeniowy (FZ) na stronie projektu\u00a0 <a href=\"https:\/\/projekt.pociagdokariery.pl\">https:\/\/projekt.pociagdokariery.pl<\/a><\/li><li>Podpisujesz FZ podpisem elektronicznym na Twoim koncie klienta<\/li><li>Weryfikujemy Tw\u00f3j formularz zg\u0142oszeniowy<\/li><li>Dostarczasz do WUP Krak\u00f3w dokumenty potwierdzaj\u0105ce, \u017ce spe\u0142niasz kryteria udzia\u0142u w projekcie (w wersji papierowej)<\/li><li>Po pozytywnej weryfikacji dokument\u00f3w dostaniesz dost\u0119p do Bilansu Kariery Online<\/li><\/ul>\t\t\t\t\t\t\t\t<\/div>\n\t\t\t\t<\/div>\n\t\t\t\t<\/div>\n\t\t<div class=\"elementor-element elementor-element-2bf6b033 e-con-full e-flex elementor-invisible e-con e-parent\" data-id=\"2bf6b033\" data-element_type=\"container\" data-e-type=\"container\" data-settings=\"{&quot;animation&quot;:&quot;fadeInUp&quot;}\">\n\t\t\t\t<div class=\"elementor-element elementor-element-17b2358c elementor-widget elementor-widget-image\" data-id=\"17b2358c\" data-element_type=\"widget\" data-e-type=\"widget\" data-widget_type=\"image.default\">\n\t\t\t\t<div class=\"elementor-widget-container\">\n\t\t\t\t\t\t\t\t\t\t\t\t\t\t\t<img decoding=\"async\" width=\"600\" height=\"200\" src=\"https:\/\/projekt.pociagdokariery.pl\/cms\/wp-content\/uploads\/2025\/01\/krok2.png\" class=\"attachment-large size-large wp-image-8425\" alt=\"Krok drugi z ikon\u0105 dialogu\" srcset=\"https:\/\/projekt.pociagdokariery.pl\/cms\/wp-content\/uploads\/2025\/01\/krok2.png 600w, https:\/\/projekt.pociagdokariery.pl\/cms\/wp-content\/uploads\/2025\/01\/krok2-300x100.png 300w\" sizes=\"(max-width: 600px) 100vw, 600px\" \/>\t\t\t\t\t\t\t\t\t\t\t\t\t\t\t<\/div>\n\t\t\t\t<\/div>\n\t\t\t\t<div class=\"elementor-element elementor-element-5aadd6bc elementor-widget elementor-widget-heading\" data-id=\"5aadd6bc\" data-element_type=\"widget\" data-e-type=\"widget\" data-widget_type=\"heading.default\">\n\t\t\t\t<div class=\"elementor-widget-container\">\n\t\t\t\t\t<h2 class=\"elementor-heading-title elementor-size-default\">Bilans Kariery Online (BKO)<\/h2>\t\t\t\t<\/div>\n\t\t\t\t<\/div>\n\t\t\t\t<div class=\"elementor-element elementor-element-6edb2a elementor-widget elementor-widget-text-editor\" data-id=\"6edb2a\" data-element_type=\"widget\" data-e-type=\"widget\" data-widget_type=\"text-editor.default\">\n\t\t\t\t<div class=\"elementor-widget-container\">\n\t\t\t\t\t\t\t\t\t<ul><li>Wype\u0142niasz cz\u0119\u015b\u0107 1 BKO &#8211; autoanaliz\u0119<\/li><li>Czekasz na kontakt od doradcy, kt\u00f3ry zadecyduje czy mo\u017cesz wype\u0142ni\u0107 cz\u0119\u015b\u0107 2 BKO samodzielnie<\/li><li>Wype\u0142niasz cz\u0119\u015b\u0107 2 BKO &#8211; samoocen\u0119 (samodzielnie lub z doradc\u0105)<\/li><li>Pobierasz informacj\u0119 zwrotn\u0105<\/li><li>Wybierasz, z kt\u00f3rych us\u0142ug WUP Krak\u00f3w chcesz jeszcze skorzysta\u0107 (np. coaching kariery, pog\u0142\u0119biony bilans kariery, warsztaty grupowe, bony)<\/li><\/ul>\t\t\t\t\t\t\t\t<\/div>\n\t\t\t\t<\/div>\n\t\t\t\t<\/div>\n\t\t<div class=\"elementor-element elementor-element-2cf06ce1 e-con-full e-flex elementor-invisible e-con e-parent\" data-id=\"2cf06ce1\" data-element_type=\"container\" data-e-type=\"container\" data-settings=\"{&quot;animation&quot;:&quot;fadeInUp&quot;}\">\n\t\t\t\t<div class=\"elementor-element elementor-element-42824b76 elementor-widget elementor-widget-image\" data-id=\"42824b76\" data-element_type=\"widget\" data-e-type=\"widget\" data-widget_type=\"image.default\">\n\t\t\t\t<div class=\"elementor-widget-container\">\n\t\t\t\t\t\t\t\t\t\t\t\t\t\t\t<img decoding=\"async\" width=\"600\" height=\"200\" src=\"https:\/\/projekt.pociagdokariery.pl\/cms\/wp-content\/uploads\/2025\/01\/krok3.png\" class=\"attachment-large size-large wp-image-8426\" alt=\"Krok trzeci z ikon\u0105 globusa\" srcset=\"https:\/\/projekt.pociagdokariery.pl\/cms\/wp-content\/uploads\/2025\/01\/krok3.png 600w, https:\/\/projekt.pociagdokariery.pl\/cms\/wp-content\/uploads\/2025\/01\/krok3-300x100.png 300w\" sizes=\"(max-width: 600px) 100vw, 600px\" \/>\t\t\t\t\t\t\t\t\t\t\t\t\t\t\t<\/div>\n\t\t\t\t<\/div>\n\t\t\t\t<div class=\"elementor-element elementor-element-3b55a319 elementor-widget elementor-widget-heading\" data-id=\"3b55a319\" data-element_type=\"widget\" data-e-type=\"widget\" data-widget_type=\"heading.default\">\n\t\t\t\t<div class=\"elementor-widget-container\">\n\t\t\t\t\t<h2 class=\"elementor-heading-title elementor-size-default\">Tw\u00f3j cel rozwojowy<\/h2>\t\t\t\t<\/div>\n\t\t\t\t<\/div>\n\t\t\t\t<div class=\"elementor-element elementor-element-3a9aeb18 elementor-widget elementor-widget-text-editor\" data-id=\"3a9aeb18\" data-element_type=\"widget\" data-e-type=\"widget\" data-widget_type=\"text-editor.default\">\n\t\t\t\t<div class=\"elementor-widget-container\">\n\t\t\t\t\t\t\t\t\t<ul><li>Okre\u015blasz tematy szkole\u0144, kurs\u00f3w lub studi\u00f3w podyplomowych, kt\u00f3re Ci\u0119 interesuj\u0105<\/li><li>Zamawiasz bony<\/li><\/ul>\t\t\t\t\t\t\t\t<\/div>\n\t\t\t\t<\/div>\n\t\t\t\t<\/div>\n\t\t<div class=\"elementor-element elementor-element-71c94542 e-con-full e-flex elementor-invisible e-con e-parent\" data-id=\"71c94542\" data-element_type=\"container\" data-e-type=\"container\" data-settings=\"{&quot;animation&quot;:&quot;fadeInUp&quot;}\">\n\t\t\t\t<div class=\"elementor-element elementor-element-6e0403 elementor-widget elementor-widget-image\" data-id=\"6e0403\" data-element_type=\"widget\" data-e-type=\"widget\" data-widget_type=\"image.default\">\n\t\t\t\t<div class=\"elementor-widget-container\">\n\t\t\t\t\t\t\t\t\t\t\t\t\t\t\t<img loading=\"lazy\" decoding=\"async\" width=\"600\" height=\"200\" src=\"https:\/\/projekt.pociagdokariery.pl\/cms\/wp-content\/uploads\/2025\/01\/krok4.png\" class=\"attachment-large size-large wp-image-8427\" alt=\"Krok czwarty z ikon\u0105 umowy\" srcset=\"https:\/\/projekt.pociagdokariery.pl\/cms\/wp-content\/uploads\/2025\/01\/krok4.png 600w, https:\/\/projekt.pociagdokariery.pl\/cms\/wp-content\/uploads\/2025\/01\/krok4-300x100.png 300w\" sizes=\"(max-width: 600px) 100vw, 600px\" \/>\t\t\t\t\t\t\t\t\t\t\t\t\t\t\t<\/div>\n\t\t\t\t<\/div>\n\t\t\t\t<div class=\"elementor-element elementor-element-2a1793a9 elementor-widget elementor-widget-heading\" data-id=\"2a1793a9\" data-element_type=\"widget\" data-e-type=\"widget\" data-widget_type=\"heading.default\">\n\t\t\t\t<div class=\"elementor-widget-container\">\n\t\t\t\t\t<h2 class=\"elementor-heading-title elementor-size-default\">Umowa o dofinansowanie us\u0142ug<\/h2>\t\t\t\t<\/div>\n\t\t\t\t<\/div>\n\t\t\t\t<div class=\"elementor-element elementor-element-3d76c911 elementor-widget elementor-widget-text-editor\" data-id=\"3d76c911\" data-element_type=\"widget\" data-e-type=\"widget\" data-widget_type=\"text-editor.default\">\n\t\t\t\t<div class=\"elementor-widget-container\">\n\t\t\t\t\t\t\t\t\t<ul><li>Podpisujesz umow\u0119 podpisem elektronicznym na Twoim koncie klienta<\/li><li>Po podpisaniu umowy przez Dyrektora WUP powiadomimy Ci\u0119 o zawarciu umowy<\/li><li>Wp\u0142acasz wk\u0142ad w\u0142asny<\/li><li>Otrzymujesz kod weryfikacyjny od Operatora Finansowego do rezerwacji bon\u00f3w na wybran\u0105 us\u0142ug\u0119<\/li><\/ul>\t\t\t\t\t\t\t\t<\/div>\n\t\t\t\t<\/div>\n\t\t\t\t<\/div>\n\t\t<div class=\"elementor-element elementor-element-af9aa67 e-con-full e-flex elementor-invisible e-con e-parent\" data-id=\"af9aa67\" data-element_type=\"container\" data-e-type=\"container\" data-settings=\"{&quot;animation&quot;:&quot;fadeInUp&quot;}\">\n\t\t\t\t<div class=\"elementor-element elementor-element-6703d7f3 elementor-widget elementor-widget-image\" data-id=\"6703d7f3\" data-element_type=\"widget\" data-e-type=\"widget\" data-widget_type=\"image.default\">\n\t\t\t\t<div class=\"elementor-widget-container\">\n\t\t\t\t\t\t\t\t\t\t\t\t\t\t\t<img loading=\"lazy\" decoding=\"async\" width=\"600\" height=\"200\" src=\"https:\/\/projekt.pociagdokariery.pl\/cms\/wp-content\/uploads\/2025\/01\/krok5.png\" class=\"attachment-large size-large wp-image-8428\" alt=\"Krok pi\u0105ty z ikon\u0105 z\u0119batek\" srcset=\"https:\/\/projekt.pociagdokariery.pl\/cms\/wp-content\/uploads\/2025\/01\/krok5.png 600w, https:\/\/projekt.pociagdokariery.pl\/cms\/wp-content\/uploads\/2025\/01\/krok5-300x100.png 300w\" sizes=\"(max-width: 600px) 100vw, 600px\" \/>\t\t\t\t\t\t\t\t\t\t\t\t\t\t\t<\/div>\n\t\t\t\t<\/div>\n\t\t\t\t<div class=\"elementor-element elementor-element-7c47b3a2 elementor-widget elementor-widget-heading\" data-id=\"7c47b3a2\" data-element_type=\"widget\" data-e-type=\"widget\" data-widget_type=\"heading.default\">\n\t\t\t\t<div class=\"elementor-widget-container\">\n\t\t\t\t\t<h2 class=\"elementor-heading-title elementor-size-default\">Realizacja us\u0142ugi rozwojowej<\/h2>\t\t\t\t<\/div>\n\t\t\t\t<\/div>\n\t\t\t\t<div class=\"elementor-element elementor-element-5f3d3f97 elementor-widget elementor-widget-text-editor\" data-id=\"5f3d3f97\" data-element_type=\"widget\" data-e-type=\"widget\" data-widget_type=\"text-editor.default\">\n\t\t\t\t<div class=\"elementor-widget-container\">\n\t\t\t\t\t\t\t\t\t<ul><li>Wybierasz us\u0142ug\u0119 w Bazie Us\u0142ug Rozwojowych (BUR)<\/li><li>Realizujesz us\u0142ug\u0119 (szkolenie, us\u0142ug\u0119 o charakterze zawodowym, egzamin, studia podyplomowe, coaching lub mentoring)<\/li><li>Po zako\u0144czeniu szkolenia, przekazujesz kod PIN do us\u0142ugodawcy<\/li><li>Oceniasz us\u0142ug\u0119 w BUR<\/li><\/ul>\t\t\t\t\t\t\t\t<\/div>\n\t\t\t\t<\/div>\n\t\t\t\t<\/div>\n\t\t<div class=\"elementor-element elementor-element-148df601 e-con-full e-flex elementor-invisible e-con e-parent\" data-id=\"148df601\" data-element_type=\"container\" data-e-type=\"container\" data-settings=\"{&quot;animation&quot;:&quot;fadeInUp&quot;}\">\n\t\t\t\t<div class=\"elementor-element elementor-element-1dd3cdca elementor-widget elementor-widget-image\" data-id=\"1dd3cdca\" data-element_type=\"widget\" data-e-type=\"widget\" data-widget_type=\"image.default\">\n\t\t\t\t<div class=\"elementor-widget-container\">\n\t\t\t\t\t\t\t\t\t\t\t\t\t\t\t<img loading=\"lazy\" decoding=\"async\" width=\"600\" height=\"200\" src=\"https:\/\/projekt.pociagdokariery.pl\/cms\/wp-content\/uploads\/2025\/01\/krok6.png\" class=\"attachment-large size-large wp-image-8429\" alt=\"Krok sz\u00f3sty z ikon\u0105 zegara\" srcset=\"https:\/\/projekt.pociagdokariery.pl\/cms\/wp-content\/uploads\/2025\/01\/krok6.png 600w, https:\/\/projekt.pociagdokariery.pl\/cms\/wp-content\/uploads\/2025\/01\/krok6-300x100.png 300w\" sizes=\"(max-width: 600px) 100vw, 600px\" \/>\t\t\t\t\t\t\t\t\t\t\t\t\t\t\t<\/div>\n\t\t\t\t<\/div>\n\t\t\t\t<div class=\"elementor-element elementor-element-7857be22 elementor-widget elementor-widget-heading\" data-id=\"7857be22\" data-element_type=\"widget\" data-e-type=\"widget\" data-widget_type=\"heading.default\">\n\t\t\t\t<div class=\"elementor-widget-container\">\n\t\t\t\t\t<h2 class=\"elementor-heading-title elementor-size-default\">Przesy\u0142asz certyfikat zrealizowanej us\u0142ugi do WUP Krak\u00f3w<\/h2>\t\t\t\t<\/div>\n\t\t\t\t<\/div>\n\t\t\t\t<\/div>\n\t\t<div class=\"elementor-element elementor-element-7aac069c e-con-full e-flex elementor-invisible e-con e-parent\" data-id=\"7aac069c\" data-element_type=\"container\" data-e-type=\"container\" data-settings=\"{&quot;animation&quot;:&quot;fadeInUp&quot;}\">\n\t\t\t\t<div class=\"elementor-element elementor-element-4aa5495a elementor-widget elementor-widget-text-editor\" data-id=\"4aa5495a\" data-element_type=\"widget\" data-e-type=\"widget\" data-widget_type=\"text-editor.default\">\n\t\t\t\t<div class=\"elementor-widget-container\">\n\t\t\t\t\t\t\t\t\t<p>Szczeg\u00f3\u0142owe informacje na temat poszczeg\u00f3lnych krok\u00f3w znajdziesz w <strong><a href=\"https:\/\/projekt.pociagdokariery.pl\/cms\/instrukcja-dla-uczestnika-projektu\/\" target=\"_blank\" rel=\"noopener\">Instrukcji dla Uczestnika<\/a>.<\/strong><\/p>\t\t\t\t\t\t\t\t<\/div>\n\t\t\t\t<\/div>\n\t\t\t\t<\/div>\n\t\t<div class=\"elementor-element elementor-element-5eab53f6 e-flex e-con-boxed e-con e-parent\" data-id=\"5eab53f6\" data-element_type=\"container\" data-e-type=\"container\">\n\t\t\t\t\t<div class=\"e-con-inner\">\n\t\t<div class=\"elementor-element elementor-element-686099ec e-con-full e-flex e-con e-child\" data-id=\"686099ec\" data-element_type=\"container\" data-e-type=\"container\">\n\t\t\t\t<div class=\"elementor-element elementor-element-6511a16b e-grid-align-left elementor-shape-rounded elementor-grid-0 elementor-widget elementor-widget-social-icons\" data-id=\"6511a16b\" data-element_type=\"widget\" data-e-type=\"widget\" data-widget_type=\"social-icons.default\">\n\t\t\t\t<div class=\"elementor-widget-container\">\n\t\t\t\t\t\t\t<div class=\"elementor-social-icons-wrapper elementor-grid\">\n\t\t\t\t\t\t\t<span class=\"elementor-grid-item\">\n\t\t\t\t\t<a class=\"elementor-icon elementor-social-icon elementor-social-icon-share-alt elementor-repeater-item-0db8a3f\" target=\"_blank\">\n\t\t\t\t\t\t<span class=\"elementor-screen-only\">Share-alt<\/span>\n\t\t\t\t\t\t<svg aria-hidden=\"true\" class=\"e-font-icon-svg e-fas-share-alt\" viewBox=\"0 0 448 512\" xmlns=\"http:\/\/www.w3.org\/2000\/svg\"><path d=\"M352 320c-22.608 0-43.387 7.819-59.79 20.895l-102.486-64.054a96.551 96.551 0 0 0 0-41.683l102.486-64.054C308.613 184.181 329.392 192 352 192c53.019 0 96-42.981 96-96S405.019 0 352 0s-96 42.981-96 96c0 7.158.79 14.13 2.276 20.841L155.79 180.895C139.387 167.819 118.608 160 96 160c-53.019 0-96 42.981-96 96s42.981 96 96 96c22.608 0 43.387-7.819 59.79-20.895l102.486 64.054A96.301 96.301 0 0 0 256 416c0 53.019 42.981 96 96 96s96-42.981 96-96-42.981-96-96-96z\"><\/path><\/svg>\t\t\t\t\t<\/a>\n\t\t\t\t<\/span>\n\t\t\t\t\t<\/div>\n\t\t\t\t\t\t<\/div>\n\t\t\t\t<\/div>\n\t\t\t\t<\/div>\n\t\t\t\t\t<\/div>\n\t\t\t\t<\/div>\n\t\t\t\t<\/div>\n\t\t","protected":false},"excerpt":{"rendered":"<p>\u015acie\u017cka klienta Data publikacji: 2025-01-14 Zapoznaj si\u0119 z przebiegiem Twojego udzia\u0142u w projekcie &#8222;Ma\u0142opolski Poci\u0105g do Kariery &#8211; sezon 1&#8243; w 6 krokach. Je\u017celi chcesz dowiedzie\u0107 si\u0119 wi\u0119cej zobacz do Instrukcji dla Uczestnika. Rejestracja do projektu Wype\u0142niasz formularz zg\u0142oszeniowy (FZ) na stronie projektu\u00a0 https:\/\/projekt.pociagdokariery.pl Podpisujesz FZ podpisem elektronicznym na Twoim koncie klienta Weryfikujemy Tw\u00f3j formularz [&hellip;]<\/p>\n","protected":false},"author":4,"featured_media":0,"parent":0,"menu_order":0,"comment_status":"closed","ping_status":"closed","template":"","meta":{"_acf_changed":false,"site-sidebar-layout":"no-sidebar","site-content-layout":"page-builder","ast-site-content-layout":"full-width-container","site-content-style":"default","site-sidebar-style":"default","ast-global-header-display":"","ast-banner-title-visibility":"","ast-main-header-display":"","ast-hfb-above-header-display":"","ast-hfb-below-header-display":"","ast-hfb-mobile-header-display":"","site-post-title":"disabled","ast-breadcrumbs-content":"","ast-featured-img":"disabled","footer-sml-layout":"","ast-disable-related-posts":"","theme-transparent-header-meta":"","adv-header-id-meta":"","stick-header-meta":"","header-above-stick-meta":"","header-main-stick-meta":"","header-below-stick-meta":"","astra-migrate-meta-layouts":"set","ast-page-background-enabled":"default","ast-page-background-meta":{"desktop":{"background-color":"var(--ast-global-color-4)","background-image":"","background-repeat":"repeat","background-position":"center center","background-size":"auto","background-attachment":"scroll","background-type":"","background-media":"","overlay-type":"","overlay-color":"","overlay-opacity":"","overlay-gradient":""},"tablet":{"background-color":"","background-image":"","background-repeat":"repeat","background-position":"center center","background-size":"auto","background-attachment":"scroll","background-type":"","background-media":"","overlay-type":"","overlay-color":"","overlay-opacity":"","overlay-gradient":""},"mobile":{"background-color":"","background-image":"","background-repeat":"repeat","background-position":"center center","background-size":"auto","background-attachment":"scroll","background-type":"","background-media":"","overlay-type":"","overlay-color":"","overlay-opacity":"","overlay-gradient":""}},"ast-content-background-meta":{"desktop":{"background-color":"var(--ast-global-color-5)","background-image":"","background-repeat":"repeat","background-position":"center center","background-size":"auto","background-attachment":"scroll","background-type":"","background-media":"","overlay-type":"","overlay-color":"","overlay-opacity":"","overlay-gradient":""},"tablet":{"background-color":"var(--ast-global-color-5)","background-image":"","background-repeat":"repeat","background-position":"center center","background-size":"auto","background-attachment":"scroll","background-type":"","background-media":"","overlay-type":"","overlay-color":"","overlay-opacity":"","overlay-gradient":""},"mobile":{"background-color":"var(--ast-global-color-5)","background-image":"","background-repeat":"repeat","background-position":"center center","background-size":"auto","background-attachment":"scroll","background-type":"","background-media":"","overlay-type":"","overlay-color":"","overlay-opacity":"","overlay-gradient":""}},"footnotes":""},"class_list":["post-8422","page","type-page","status-publish","hentry"],"acf":[],"_links":{"self":[{"href":"https:\/\/projekt.pociagdokariery.pl\/cms\/wp-json\/wp\/v2\/pages\/8422","targetHints":{"allow":["GET"]}}],"collection":[{"href":"https:\/\/projekt.pociagdokariery.pl\/cms\/wp-json\/wp\/v2\/pages"}],"about":[{"href":"https:\/\/projekt.pociagdokariery.pl\/cms\/wp-json\/wp\/v2\/types\/page"}],"author":[{"embeddable":true,"href":"https:\/\/projekt.pociagdokariery.pl\/cms\/wp-json\/wp\/v2\/users\/4"}],"replies":[{"embeddable":true,"href":"https:\/\/projekt.pociagdokariery.pl\/cms\/wp-json\/wp\/v2\/comments?post=8422"}],"version-history":[{"count":7,"href":"https:\/\/projekt.pociagdokariery.pl\/cms\/wp-json\/wp\/v2\/pages\/8422\/revisions"}],"predecessor-version":[{"id":8463,"href":"https:\/\/projekt.pociagdokariery.pl\/cms\/wp-json\/wp\/v2\/pages\/8422\/revisions\/8463"}],"wp:attachment":[{"href":"https:\/\/projekt.pociagdokariery.pl\/cms\/wp-json\/wp\/v2\/media?parent=8422"}],"curies":[{"name":"wp","href":"https:\/\/api.w.org\/{rel}","templated":true}]}}