{"id":9361,"date":"2025-04-11T13:12:31","date_gmt":"2025-04-11T11:12:31","guid":{"rendered":"https:\/\/projekt.pociagdokariery.pl\/cms\/?page_id=9361"},"modified":"2025-04-11T13:28:10","modified_gmt":"2025-04-11T11:28:10","slug":"polityka-prywatnosci","status":"publish","type":"page","link":"https:\/\/projekt.pociagdokariery.pl\/cms\/polityka-prywatnosci\/","title":{"rendered":"Polityka prywatno\u015bci"},"content":{"rendered":"\t\t<div data-elementor-type=\"wp-page\" data-elementor-id=\"9361\" class=\"elementor elementor-9361\">\n\t\t\t\t<div class=\"elementor-element elementor-element-5134af95 e-con-full e-flex e-con e-parent\" data-id=\"5134af95\" data-element_type=\"container\" data-e-type=\"container\">\n\t\t\t\t<div class=\"elementor-element elementor-element-5bc21cd8 elementor-widget elementor-widget-heading\" data-id=\"5bc21cd8\" data-element_type=\"widget\" data-e-type=\"widget\" data-widget_type=\"heading.default\">\n\t\t\t\t<div class=\"elementor-widget-container\">\n\t\t\t\t\t<h2 class=\"elementor-heading-title elementor-size-default\">Polityka prywatno\u015bci<\/h2>\t\t\t\t<\/div>\n\t\t\t\t<\/div>\n\t\t\t\t<div class=\"elementor-element elementor-element-2b89d7ca elementor-widget-divider--view-line elementor-widget elementor-widget-divider\" data-id=\"2b89d7ca\" data-element_type=\"widget\" data-e-type=\"widget\" data-widget_type=\"divider.default\">\n\t\t\t\t<div class=\"elementor-widget-container\">\n\t\t\t\t\t\t\t<div class=\"elementor-divider\">\n\t\t\t<span class=\"elementor-divider-separator\">\n\t\t\t\t\t\t<\/span>\n\t\t<\/div>\n\t\t\t\t\t\t<\/div>\n\t\t\t\t<\/div>\n\t\t\t\t<div class=\"elementor-element elementor-element-63f90501 elementor-widget elementor-widget-text-editor\" data-id=\"63f90501\" data-element_type=\"widget\" data-e-type=\"widget\" data-widget_type=\"text-editor.default\">\n\t\t\t\t<div class=\"elementor-widget-container\">\n\t\t\t\t\t\t\t\t\t<p>Data publikacji: 2024-04-11<\/p>\t\t\t\t\t\t\t\t<\/div>\n\t\t\t\t<\/div>\n\t\t\t\t<\/div>\n\t\t<div class=\"elementor-element elementor-element-522ea545 e-flex e-con-boxed e-con e-parent\" data-id=\"522ea545\" data-element_type=\"container\" data-e-type=\"container\">\n\t\t\t\t\t<div class=\"e-con-inner\">\n\t\t\t\t<div class=\"elementor-element elementor-element-1ea9a764 elementor-widget elementor-widget-text-editor\" data-id=\"1ea9a764\" data-element_type=\"widget\" data-e-type=\"widget\" data-widget_type=\"text-editor.default\">\n\t\t\t\t<div class=\"elementor-widget-container\">\n\t\t\t\t\t\t\t\t\t<p><strong>Wojew\u00f3dzki Urz\u0105d Pracy w Krakowie szanuje prywatno\u015b\u0107 u\u017cytkownik\u00f3w stron internetowych. Zale\u017cy nam, aby ka\u017cdy, kto odwiedza nasze strony internetowe, dok\u0142adnie wiedzia\u0142, jak mo\u017ce chroni\u0107 swoj\u0105 prywatno\u015b\u0107. Dlatego te\u017c zach\u0119camy do zapoznania si\u0119 z Polityk\u0105 Prywatno\u015bci funkcjonowania strony.<\/strong><\/p>\t\t\t\t\t\t\t\t<\/div>\n\t\t\t\t<\/div>\n\t\t\t\t<div class=\"elementor-element elementor-element-5520e5ca elementor-widget elementor-widget-text-editor\" data-id=\"5520e5ca\" data-element_type=\"widget\" data-e-type=\"widget\" data-widget_type=\"text-editor.default\">\n\t\t\t\t<div class=\"elementor-widget-container\">\n\t\t\t\t\t\t\t\t\t<ol><li>Podczas korzystania ze stron internetowych przegl\u0105darka internetowa mo\u017ce przechowywa\u0107 pliki cookies na dysku komputera.<br \/>Pliki cookies (tzw. ciasteczka) to niewielkie pliki tekstowe wysy\u0142ane przez odwiedzane strony internetowe do urz\u0105dzenia u\u017cytkownika (komputer, smartfon itp.).<\/li><li>Zawarto\u015b\u0107 plik\u00f3w cookies nie pozwala na identyfikacj\u0119 u\u017cytkownika.<\/li><li>Za pomoc\u0105 plik\u00f3w cookies nie s\u0105 przetwarzane lub przechowywane dane osobowe u\u017cytkownik\u00f3w stron internetowych.<\/li><li>Mechanizm cookies nie jest wykorzystywany do pozyskiwania jakichkolwiek informacji o u\u017cytkownikach strony internetowej ani \u015bledzenia ich nawigacji.<\/li><li>Pliki cookies wykorzystywane s\u0105 w celu: w\u0142a\u015bciwego dopasowania stron internetowych do potrzeb u\u017cytkownik\u00f3w; zapami\u0119tania preferencji i indywidualnych ustawie\u0144 u\u017cytkownika; tworzenia statystyk ogl\u0105dalno\u015bci zgodnie z <a class=\"external-link\" title=\"Przejd\u017a do Polityki Prywatno\u015bci Google\" href=\"https:\/\/policies.google.com\/privacy?hl=pl\">Polityk\u0105 Prywatno\u015bci Google<\/a>\u00a0oraz\u00a0<a class=\"external-link\" lang=\"en\" title=\"Przejd\u017a do Polityki Prywatno\u015bci Google Analytics\" href=\"https:\/\/support.google.com\/analytics\/answer\/6004245?hl=pl\">Google Analytics<\/a>.<\/li><li>U\u017cytkownik mo\u017ce samodzielnie i w ka\u017cdym czasie zmieni\u0107 ustawienia dotycz\u0105ce plik\u00f3w cookies w opcjach przegl\u0105darki, okre\u015blaj\u0105c warunki ich przechowywania i uzyskiwania dost\u0119pu do urz\u0105dzenia u\u017cytkownika. Ustawienia te mog\u0105 zosta\u0107 zmienione w szczeg\u00f3lno\u015bci w taki spos\u00f3b, aby blokowa\u0107 automatyczn\u0105 obs\u0142ug\u0119 plik\u00f3w cookies w ustawieniach przegl\u0105darki internetowej. Szczeg\u00f3\u0142owe informacje o mo\u017cliwo\u015bci i sposobach obs\u0142ugi plik\u00f3w cookies dost\u0119pne s\u0105 w na stronach internetowych producent\u00f3w przegl\u0105darek internetowych.<\/li><li>Pliki cookies, zapisywane na urz\u0105dzeniu u\u017cytkownika, mog\u0105 by\u0107 usuni\u0119te przez u\u017cytkownika w dowolnym czasie przy zastosowaniu odpowiednich opcji przegl\u0105darki.<\/li><li>Szczeg\u00f3\u0142owe informacje o mo\u017cliwo\u015bci i sposobach obs\u0142ugi plik\u00f3w cookies dost\u0119pne s\u0105 na stronach internetowych producent\u00f3w przegl\u0105darek internetowych.<\/li><li>Ograniczenie stosowania plik\u00f3w cookies, mo\u017ce wp\u0142yn\u0105\u0107 na niekt\u00f3re funkcjonalno\u015bci dost\u0119pne na stronach internetowych.<\/li><li>Wojew\u00f3dzki Urz\u0105d Pracy w Krakowie nie ponosi odpowiedzialno\u015bci za zasady zachowania prywatno\u015bci obowi\u0105zuj\u0105ce na innych, niezale\u017cnych stronach, do kt\u00f3rych linki znajduj\u0105 si\u0119 na niniejszej stronie internetowej. Zach\u0119camy, by po przej\u015bciu na inne strony, zapozna\u0107 si\u0119 z polityk\u0105 prywatno\u015bci tam ustalon\u0105.<\/li><li>Zastrzegamy sobie prawo do zmian zapis\u00f3w niniejszej Polityki Prywatno\u015bci.<\/li><li>Korzystanie ze strony oznacza akceptacj\u0119 zasady Polityki Prywatno\u015bci.<\/li><\/ol>\t\t\t\t\t\t\t\t<\/div>\n\t\t\t\t<\/div>\n\t\t\t\t\t<\/div>\n\t\t\t\t<\/div>\n\t\t<div class=\"elementor-element elementor-element-6b71a8a9 e-flex e-con-boxed e-con e-parent\" data-id=\"6b71a8a9\" data-element_type=\"container\" data-e-type=\"container\">\n\t\t\t\t\t<div class=\"e-con-inner\">\n\t\t<div class=\"elementor-element elementor-element-11fd914e e-con-full e-flex e-con e-child\" data-id=\"11fd914e\" data-element_type=\"container\" data-e-type=\"container\">\n\t\t\t\t<div class=\"elementor-element elementor-element-67e01f17 e-grid-align-left elementor-shape-rounded elementor-grid-0 elementor-widget elementor-widget-social-icons\" data-id=\"67e01f17\" data-element_type=\"widget\" data-e-type=\"widget\" data-widget_type=\"social-icons.default\">\n\t\t\t\t<div class=\"elementor-widget-container\">\n\t\t\t\t\t\t\t<div class=\"elementor-social-icons-wrapper elementor-grid\">\n\t\t\t\t\t\t\t<span class=\"elementor-grid-item\">\n\t\t\t\t\t<a class=\"elementor-icon elementor-social-icon elementor-social-icon-share-alt elementor-repeater-item-0db8a3f\" target=\"_blank\">\n\t\t\t\t\t\t<span class=\"elementor-screen-only\">Share-alt<\/span>\n\t\t\t\t\t\t<svg aria-hidden=\"true\" class=\"e-font-icon-svg e-fas-share-alt\" viewBox=\"0 0 448 512\" xmlns=\"http:\/\/www.w3.org\/2000\/svg\"><path d=\"M352 320c-22.608 0-43.387 7.819-59.79 20.895l-102.486-64.054a96.551 96.551 0 0 0 0-41.683l102.486-64.054C308.613 184.181 329.392 192 352 192c53.019 0 96-42.981 96-96S405.019 0 352 0s-96 42.981-96 96c0 7.158.79 14.13 2.276 20.841L155.79 180.895C139.387 167.819 118.608 160 96 160c-53.019 0-96 42.981-96 96s42.981 96 96 96c22.608 0 43.387-7.819 59.79-20.895l102.486 64.054A96.301 96.301 0 0 0 256 416c0 53.019 42.981 96 96 96s96-42.981 96-96-42.981-96-96-96z\"><\/path><\/svg>\t\t\t\t\t<\/a>\n\t\t\t\t<\/span>\n\t\t\t\t\t<\/div>\n\t\t\t\t\t\t<\/div>\n\t\t\t\t<\/div>\n\t\t\t\t<\/div>\n\t\t\t\t\t<\/div>\n\t\t\t\t<\/div>\n\t\t\t\t<\/div>\n\t\t","protected":false},"excerpt":{"rendered":"<p>Polityka prywatno\u015bci Data publikacji: 2024-04-11 Wojew\u00f3dzki Urz\u0105d Pracy w Krakowie szanuje prywatno\u015b\u0107 u\u017cytkownik\u00f3w stron internetowych. Zale\u017cy nam, aby ka\u017cdy, kto odwiedza nasze strony internetowe, dok\u0142adnie wiedzia\u0142, jak mo\u017ce chroni\u0107 swoj\u0105 prywatno\u015b\u0107. Dlatego te\u017c zach\u0119camy do zapoznania si\u0119 z Polityk\u0105 Prywatno\u015bci funkcjonowania strony. Podczas korzystania ze stron internetowych przegl\u0105darka internetowa mo\u017ce przechowywa\u0107 pliki cookies na dysku [&hellip;]<\/p>\n","protected":false},"author":4,"featured_media":0,"parent":0,"menu_order":0,"comment_status":"closed","ping_status":"closed","template":"","meta":{"_acf_changed":false,"site-sidebar-layout":"no-sidebar","site-content-layout":"page-builder","ast-site-content-layout":"full-width-container","site-content-style":"default","site-sidebar-style":"default","ast-global-header-display":"","ast-banner-title-visibility":"","ast-main-header-display":"","ast-hfb-above-header-display":"","ast-hfb-below-header-display":"","ast-hfb-mobile-header-display":"","site-post-title":"disabled","ast-breadcrumbs-content":"","ast-featured-img":"disabled","footer-sml-layout":"","ast-disable-related-posts":"","theme-transparent-header-meta":"","adv-header-id-meta":"","stick-header-meta":"","header-above-stick-meta":"","header-main-stick-meta":"","header-below-stick-meta":"","astra-migrate-meta-layouts":"set","ast-page-background-enabled":"default","ast-page-background-meta":{"desktop":{"background-color":"var(--ast-global-color-4)","background-image":"","background-repeat":"repeat","background-position":"center center","background-size":"auto","background-attachment":"scroll","background-type":"","background-media":"","overlay-type":"","overlay-color":"","overlay-opacity":"","overlay-gradient":""},"tablet":{"background-color":"","background-image":"","background-repeat":"repeat","background-position":"center center","background-size":"auto","background-attachment":"scroll","background-type":"","background-media":"","overlay-type":"","overlay-color":"","overlay-opacity":"","overlay-gradient":""},"mobile":{"background-color":"","background-image":"","background-repeat":"repeat","background-position":"center center","background-size":"auto","background-attachment":"scroll","background-type":"","background-media":"","overlay-type":"","overlay-color":"","overlay-opacity":"","overlay-gradient":""}},"ast-content-background-meta":{"desktop":{"background-color":"var(--ast-global-color-5)","background-image":"","background-repeat":"repeat","background-position":"center center","background-size":"auto","background-attachment":"scroll","background-type":"","background-media":"","overlay-type":"","overlay-color":"","overlay-opacity":"","overlay-gradient":""},"tablet":{"background-color":"var(--ast-global-color-5)","background-image":"","background-repeat":"repeat","background-position":"center center","background-size":"auto","background-attachment":"scroll","background-type":"","background-media":"","overlay-type":"","overlay-color":"","overlay-opacity":"","overlay-gradient":""},"mobile":{"background-color":"var(--ast-global-color-5)","background-image":"","background-repeat":"repeat","background-position":"center center","background-size":"auto","background-attachment":"scroll","background-type":"","background-media":"","overlay-type":"","overlay-color":"","overlay-opacity":"","overlay-gradient":""}},"footnotes":""},"class_list":["post-9361","page","type-page","status-publish","hentry"],"acf":[],"_links":{"self":[{"href":"https:\/\/projekt.pociagdokariery.pl\/cms\/wp-json\/wp\/v2\/pages\/9361","targetHints":{"allow":["GET"]}}],"collection":[{"href":"https:\/\/projekt.pociagdokariery.pl\/cms\/wp-json\/wp\/v2\/pages"}],"about":[{"href":"https:\/\/projekt.pociagdokariery.pl\/cms\/wp-json\/wp\/v2\/types\/page"}],"author":[{"embeddable":true,"href":"https:\/\/projekt.pociagdokariery.pl\/cms\/wp-json\/wp\/v2\/users\/4"}],"replies":[{"embeddable":true,"href":"https:\/\/projekt.pociagdokariery.pl\/cms\/wp-json\/wp\/v2\/comments?post=9361"}],"version-history":[{"count":7,"href":"https:\/\/projekt.pociagdokariery.pl\/cms\/wp-json\/wp\/v2\/pages\/9361\/revisions"}],"predecessor-version":[{"id":9369,"href":"https:\/\/projekt.pociagdokariery.pl\/cms\/wp-json\/wp\/v2\/pages\/9361\/revisions\/9369"}],"wp:attachment":[{"href":"https:\/\/projekt.pociagdokariery.pl\/cms\/wp-json\/wp\/v2\/media?parent=9361"}],"curies":[{"name":"wp","href":"https:\/\/api.w.org\/{rel}","templated":true}]}}