{"id":9638,"date":"2025-08-28T08:22:06","date_gmt":"2025-08-28T06:22:06","guid":{"rendered":"https:\/\/projekt.pociagdokariery.pl\/cms\/?page_id=9638"},"modified":"2025-08-28T08:45:12","modified_gmt":"2025-08-28T06:45:12","slug":"lista-du","status":"publish","type":"page","link":"https:\/\/projekt.pociagdokariery.pl\/cms\/lista-du\/","title":{"rendered":"Lista dostawc\u00f3w us\u0142ug"},"content":{"rendered":"\t\t<div data-elementor-type=\"wp-page\" data-elementor-id=\"9638\" class=\"elementor elementor-9638\">\n\t\t\t\t<div class=\"elementor-element elementor-element-8fec5ff e-con-full e-flex e-con e-parent\" data-id=\"8fec5ff\" data-element_type=\"container\" data-e-type=\"container\">\n\t\t\t\t<div class=\"elementor-element elementor-element-cf5049e elementor-widget elementor-widget-heading\" data-id=\"cf5049e\" data-element_type=\"widget\" data-e-type=\"widget\" data-widget_type=\"heading.default\">\n\t\t\t\t<div class=\"elementor-widget-container\">\n\t\t\t\t\t<h2 class=\"elementor-heading-title elementor-size-default\">Lista dostawc\u00f3w us\u0142ug<\/h2>\t\t\t\t<\/div>\n\t\t\t\t<\/div>\n\t\t\t\t<div class=\"elementor-element elementor-element-b3fe71d elementor-widget-divider--view-line elementor-widget elementor-widget-divider\" data-id=\"b3fe71d\" data-element_type=\"widget\" data-e-type=\"widget\" data-widget_type=\"divider.default\">\n\t\t\t\t<div class=\"elementor-widget-container\">\n\t\t\t\t\t\t\t<div class=\"elementor-divider\">\n\t\t\t<span class=\"elementor-divider-separator\">\n\t\t\t\t\t\t<\/span>\n\t\t<\/div>\n\t\t\t\t\t\t<\/div>\n\t\t\t\t<\/div>\n\t\t\t\t<div class=\"elementor-element elementor-element-3e77642 elementor-widget elementor-widget-text-editor\" data-id=\"3e77642\" data-element_type=\"widget\" data-e-type=\"widget\" id=\"current-state-id\" data-widget_type=\"text-editor.default\">\n\t\t\t\t<div class=\"elementor-widget-container\">\n\t\t\t\t\t\t\t\t\t<p>Stan na dzie\u0144:\u00a0<\/p>\t\t\t\t\t\t\t\t<\/div>\n\t\t\t\t<\/div>\n\t\t\t\t<\/div>\n\t\t<div class=\"elementor-element elementor-element-be5113d e-flex e-con-boxed e-con e-parent\" data-id=\"be5113d\" data-element_type=\"container\" data-e-type=\"container\">\n\t\t\t\t\t<div class=\"e-con-inner\">\n\t\t\t\t<div class=\"elementor-element elementor-element-1a49275 elementor-widget elementor-widget-text-editor\" data-id=\"1a49275\" data-element_type=\"widget\" data-e-type=\"widget\" data-widget_type=\"text-editor.default\">\n\t\t\t\t<div class=\"elementor-widget-container\">\n\t\t\t\t\t\t\t\t\t<div><p><strong>Lista dostawc\u00f3w us\u0142ug, kt\u00f3rzy zaakceptowali regulamin wsp\u00f3\u0142pracy i rozliczania us\u0142ug z wykorzystaniem elektronicznych bon\u00f3w szkoleniowych w ramach projektu \u201eMa\u0142opolski poci\u0105g do kariery \u2013 sezon 1\u201d<\/strong><\/p><\/div>\t\t\t\t\t\t\t\t<\/div>\n\t\t\t\t<\/div>\n\t\t\t\t<div class=\"elementor-element elementor-element-fcf3842 elementor-widget elementor-widget-text-editor\" data-id=\"fcf3842\" data-element_type=\"widget\" data-e-type=\"widget\" data-widget_type=\"text-editor.default\">\n\t\t\t\t<div class=\"elementor-widget-container\">\n\t\t\t\t\t\t\t\t\t<p><br \/><a href=\"#jak-sie-zglosic\"><strong>Jak si\u0119 zg\u0142osi\u0107?<\/strong><\/a><\/p>\t\t\t\t\t\t\t\t<\/div>\n\t\t\t\t<\/div>\n\t\t\t\t<div class=\"elementor-element elementor-element-ff03bba elementor-widget elementor-widget-text-editor\" data-id=\"ff03bba\" data-element_type=\"widget\" data-e-type=\"widget\" id=\"label-name-search\" data-widget_type=\"text-editor.default\">\n\t\t\t\t<div class=\"elementor-widget-container\">\n\t\t\t\t\t\t\t\t\t<p><strong>Wyszukiwarka us\u0142ugodawc\u00f3w. <\/strong>Wpisz tekst, aby wyszuka\u0107.<\/p>\t\t\t\t\t\t\t\t<\/div>\n\t\t\t\t<\/div>\n\t\t\t\t<div class=\"elementor-element elementor-element-fa2a35a elementor-widget__width-initial elementor-widget elementor-widget-html\" data-id=\"fa2a35a\" data-element_type=\"widget\" data-e-type=\"widget\" data-widget_type=\"html.default\">\n\t\t\t\t<div class=\"elementor-widget-container\">\n\t\t\t\t\t<div class=\"du-search-box\">\r\n    <i class=\"fas fa-search search-icon\"><\/i>\r\n    <input id=\"du-name-search\" type=\"text\" aria-labelledby=\"label-name-search\" placeholder=\"Wpisz minimum 3 znaki aby rozpocz\u0105\u0107 wyszukiwanie\">\r\n<\/div>\t\t\t\t<\/div>\n\t\t\t\t<\/div>\n\t\t\t\t<div class=\"elementor-element elementor-element-eb249c4 elementor-widget elementor-widget-text-editor\" data-id=\"eb249c4\" data-element_type=\"widget\" data-e-type=\"widget\" id=\"label-address-search\" data-widget_type=\"text-editor.default\">\n\t\t\t\t<div class=\"elementor-widget-container\">\n\t\t\t\t\t\t\t\t\t<p><strong>Wyszukiwarka po adresie us\u0142ugodawcy. <\/strong>Wpisz miejscowo\u015b\u0107 lub powiat, aby wyszuka\u0107.<\/p>\t\t\t\t\t\t\t\t<\/div>\n\t\t\t\t<\/div>\n\t\t\t\t<div class=\"elementor-element elementor-element-dc948d0 elementor-widget__width-initial elementor-widget elementor-widget-html\" data-id=\"dc948d0\" data-element_type=\"widget\" data-e-type=\"widget\" data-widget_type=\"html.default\">\n\t\t\t\t<div class=\"elementor-widget-container\">\n\t\t\t\t\t<div class=\"du-search-box\">\r\n    <i class=\"fas fa-search search-icon\"><\/i>\r\n    <input id=\"du-address-search\" type=\"text\" aria-labelledby=\"label-address-search\" placeholder=\"Wpisz minimum 3 znaki aby rozpocz\u0105\u0107 wyszukiwanie\">\r\n<\/div>\t\t\t\t<\/div>\n\t\t\t\t<\/div>\n\t\t\t\t\t<\/div>\n\t\t\t\t<\/div>\n\t\t<div class=\"elementor-element elementor-element-73c6722 e-flex e-con-boxed e-con e-parent\" data-id=\"73c6722\" data-element_type=\"container\" data-e-type=\"container\">\n\t\t\t\t\t<div class=\"e-con-inner\">\n\t\t\t\t<div class=\"elementor-element elementor-element-4beb98d elementor-widget__width-inherit elementor-widget elementor-widget-shortcode\" data-id=\"4beb98d\" data-element_type=\"widget\" data-e-type=\"widget\" data-widget_type=\"shortcode.default\">\n\t\t\t\t<div class=\"elementor-widget-container\">\n\t\t\t\t\t\t\t<div class=\"elementor-shortcode\">\n<table id=\"tablepress-du-list-table\" class=\"tablepress tablepress-id-du-list-table\">\n<thead>\n<tr class=\"row-1\">\n\t<th class=\"column-1\">LP<\/th><th class=\"column-2\">Nazwa Podmiotu<\/th><th class=\"column-3\">Adres g\u0142\u00f3wnej siedziby<\/th><th class=\"column-4\">Link do BUR<\/th>\n<\/tr>\n<\/thead>\n<tbody>\n<\/tbody>\n<\/table>\n<\/div>\n\t\t\t\t\t\t<\/div>\n\t\t\t\t<\/div>\n\t\t\t\t<div class=\"elementor-element elementor-element-da202b1 elementor-widget elementor-widget-html\" data-id=\"da202b1\" data-element_type=\"widget\" data-e-type=\"widget\" data-widget_type=\"html.default\">\n\t\t\t\t<div class=\"elementor-widget-container\">\n\t\t\t\t\t<div id=\"du-pagination\"><\/div>\t\t\t\t<\/div>\n\t\t\t\t<\/div>\n\t\t\t\t\t<\/div>\n\t\t\t\t<\/div>\n\t\t<div class=\"elementor-element elementor-element-96aac28 table-container-responsive e-flex e-con-boxed e-con e-parent\" data-id=\"96aac28\" data-element_type=\"container\" data-e-type=\"container\">\n\t\t\t\t\t<div class=\"e-con-inner\">\n\t\t\t\t<div class=\"elementor-element elementor-element-ed9cf07 elementor-widget elementor-widget-text-editor\" data-id=\"ed9cf07\" data-element_type=\"widget\" data-e-type=\"widget\" id=\"jak-sie-zglosic\" data-widget_type=\"text-editor.default\">\n\t\t\t\t<div class=\"elementor-widget-container\">\n\t\t\t\t\t\t\t\t\t<p><strong>Jak si\u0119 zg\u0142osi\u0107?<\/strong><br \/>Informacja dla instytucji zainteresowanych przyst\u0105pieniem do projektu.<\/p>\t\t\t\t\t\t\t\t<\/div>\n\t\t\t\t<\/div>\n\t\t\t\t\t<\/div>\n\t\t\t\t<\/div>\n\t\t<div class=\"elementor-element elementor-element-b7b8b7d e-flex e-con-boxed e-con e-parent\" data-id=\"b7b8b7d\" data-element_type=\"container\" data-e-type=\"container\">\n\t\t\t\t\t<div class=\"e-con-inner\">\n\t\t<div class=\"elementor-element elementor-element-5777872 e-con-full e-flex e-con e-child\" data-id=\"5777872\" data-element_type=\"container\" data-e-type=\"container\">\n\t\t\t\t<div class=\"elementor-element elementor-element-6bd353c e-grid-align-left elementor-shape-rounded elementor-grid-0 elementor-widget elementor-widget-social-icons\" data-id=\"6bd353c\" data-element_type=\"widget\" data-e-type=\"widget\" data-widget_type=\"social-icons.default\">\n\t\t\t\t<div class=\"elementor-widget-container\">\n\t\t\t\t\t\t\t<div class=\"elementor-social-icons-wrapper elementor-grid\">\n\t\t\t\t\t\t\t<span class=\"elementor-grid-item\">\n\t\t\t\t\t<a class=\"elementor-icon elementor-social-icon elementor-social-icon-share-alt elementor-repeater-item-0db8a3f\" target=\"_blank\">\n\t\t\t\t\t\t<span class=\"elementor-screen-only\">Share-alt<\/span>\n\t\t\t\t\t\t<svg aria-hidden=\"true\" class=\"e-font-icon-svg e-fas-share-alt\" viewBox=\"0 0 448 512\" xmlns=\"http:\/\/www.w3.org\/2000\/svg\"><path d=\"M352 320c-22.608 0-43.387 7.819-59.79 20.895l-102.486-64.054a96.551 96.551 0 0 0 0-41.683l102.486-64.054C308.613 184.181 329.392 192 352 192c53.019 0 96-42.981 96-96S405.019 0 352 0s-96 42.981-96 96c0 7.158.79 14.13 2.276 20.841L155.79 180.895C139.387 167.819 118.608 160 96 160c-53.019 0-96 42.981-96 96s42.981 96 96 96c22.608 0 43.387-7.819 59.79-20.895l102.486 64.054A96.301 96.301 0 0 0 256 416c0 53.019 42.981 96 96 96s96-42.981 96-96-42.981-96-96-96z\"><\/path><\/svg>\t\t\t\t\t<\/a>\n\t\t\t\t<\/span>\n\t\t\t\t\t<\/div>\n\t\t\t\t\t\t<\/div>\n\t\t\t\t<\/div>\n\t\t\t\t<\/div>\n\t\t\t\t\t<\/div>\n\t\t\t\t<\/div>\n\t\t\t\t<\/div>\n\t\t","protected":false},"excerpt":{"rendered":"<p>Lista dostawc\u00f3w us\u0142ug Stan na dzie\u0144:\u00a0 Lista dostawc\u00f3w us\u0142ug, kt\u00f3rzy zaakceptowali regulamin wsp\u00f3\u0142pracy i rozliczania us\u0142ug z wykorzystaniem elektronicznych bon\u00f3w szkoleniowych w ramach projektu \u201eMa\u0142opolski poci\u0105g do kariery \u2013 sezon 1\u201d Jak si\u0119 zg\u0142osi\u0107? Wyszukiwarka us\u0142ugodawc\u00f3w. Wpisz tekst, aby wyszuka\u0107. Wyszukiwarka po adresie us\u0142ugodawcy. Wpisz miejscowo\u015b\u0107 lub powiat, aby wyszuka\u0107. Jak si\u0119 zg\u0142osi\u0107?Informacja dla instytucji [&hellip;]<\/p>\n","protected":false},"author":1,"featured_media":0,"parent":0,"menu_order":0,"comment_status":"closed","ping_status":"closed","template":"","meta":{"_acf_changed":false,"site-sidebar-layout":"no-sidebar","site-content-layout":"page-builder","ast-site-content-layout":"full-width-container","site-content-style":"default","site-sidebar-style":"default","ast-global-header-display":"","ast-banner-title-visibility":"","ast-main-header-display":"","ast-hfb-above-header-display":"","ast-hfb-below-header-display":"","ast-hfb-mobile-header-display":"","site-post-title":"disabled","ast-breadcrumbs-content":"","ast-featured-img":"disabled","footer-sml-layout":"","ast-disable-related-posts":"","theme-transparent-header-meta":"","adv-header-id-meta":"","stick-header-meta":"","header-above-stick-meta":"","header-main-stick-meta":"","header-below-stick-meta":"","astra-migrate-meta-layouts":"set","ast-page-background-enabled":"default","ast-page-background-meta":{"desktop":{"background-color":"var(--ast-global-color-4)","background-image":"","background-repeat":"repeat","background-position":"center center","background-size":"auto","background-attachment":"scroll","background-type":"","background-media":"","overlay-type":"","overlay-color":"","overlay-opacity":"","overlay-gradient":""},"tablet":{"background-color":"","background-image":"","background-repeat":"repeat","background-position":"center center","background-size":"auto","background-attachment":"scroll","background-type":"","background-media":"","overlay-type":"","overlay-color":"","overlay-opacity":"","overlay-gradient":""},"mobile":{"background-color":"","background-image":"","background-repeat":"repeat","background-position":"center center","background-size":"auto","background-attachment":"scroll","background-type":"","background-media":"","overlay-type":"","overlay-color":"","overlay-opacity":"","overlay-gradient":""}},"ast-content-background-meta":{"desktop":{"background-color":"var(--ast-global-color-5)","background-image":"","background-repeat":"repeat","background-position":"center center","background-size":"auto","background-attachment":"scroll","background-type":"","background-media":"","overlay-type":"","overlay-color":"","overlay-opacity":"","overlay-gradient":""},"tablet":{"background-color":"var(--ast-global-color-5)","background-image":"","background-repeat":"repeat","background-position":"center center","background-size":"auto","background-attachment":"scroll","background-type":"","background-media":"","overlay-type":"","overlay-color":"","overlay-opacity":"","overlay-gradient":""},"mobile":{"background-color":"var(--ast-global-color-5)","background-image":"","background-repeat":"repeat","background-position":"center center","background-size":"auto","background-attachment":"scroll","background-type":"","background-media":"","overlay-type":"","overlay-color":"","overlay-opacity":"","overlay-gradient":""}},"footnotes":""},"class_list":["post-9638","page","type-page","status-publish","hentry"],"acf":[],"_links":{"self":[{"href":"https:\/\/projekt.pociagdokariery.pl\/cms\/wp-json\/wp\/v2\/pages\/9638","targetHints":{"allow":["GET"]}}],"collection":[{"href":"https:\/\/projekt.pociagdokariery.pl\/cms\/wp-json\/wp\/v2\/pages"}],"about":[{"href":"https:\/\/projekt.pociagdokariery.pl\/cms\/wp-json\/wp\/v2\/types\/page"}],"author":[{"embeddable":true,"href":"https:\/\/projekt.pociagdokariery.pl\/cms\/wp-json\/wp\/v2\/users\/1"}],"replies":[{"embeddable":true,"href":"https:\/\/projekt.pociagdokariery.pl\/cms\/wp-json\/wp\/v2\/comments?post=9638"}],"version-history":[{"count":6,"href":"https:\/\/projekt.pociagdokariery.pl\/cms\/wp-json\/wp\/v2\/pages\/9638\/revisions"}],"predecessor-version":[{"id":9652,"href":"https:\/\/projekt.pociagdokariery.pl\/cms\/wp-json\/wp\/v2\/pages\/9638\/revisions\/9652"}],"wp:attachment":[{"href":"https:\/\/projekt.pociagdokariery.pl\/cms\/wp-json\/wp\/v2\/media?parent=9638"}],"curies":[{"name":"wp","href":"https:\/\/api.w.org\/{rel}","templated":true}]}}